{"id":15813,"date":"2015-12-16T18:02:00","date_gmt":"2015-12-16T16:02:00","guid":{"rendered":"http:\/\/manosgroup.webmanager.org.il\/fr\/?page_id=15813"},"modified":"2019-06-18T11:50:26","modified_gmt":"2019-06-18T08:50:26","slug":"disposition-de-loi","status":"publish","type":"page","link":"https:\/\/manosgroup.co.il\/fr\/evacuation-et-reconstruction-pinui-binui\/disposition-de-loi\/","title":{"rendered":"Disposition de Loi"},"content":{"rendered":"<div class=\"fusion-title title\"><h2 class=\"title-heading-left\">Disposition de Loi<\/h2><div class=\"title-sep-container\"><div class=\"title-sep sep-double\"><\/div><\/div><\/div><div class=\"fusion-fullwidth fullwidth-box fusion-parallax-none\" style=\"border-color:#eae9e9;border-bottom-width: 0px;border-top-width: 0px;border-bottom-style: solid;border-top-style: solid;padding-bottom:20px;padding-left:0px;padding-right:0px;padding-top:20px;background-position:left top;background-repeat:no-repeat;-webkit-background-size:cover;-moz-background-size:cover;-o-background-size:cover;background-size:cover;\"><div class=\"fusion-row\"><p><span class=\"text\">Un site Pinui Binui est un statut de terrain qui a \u00e9t\u00e9 d\u00e9sign\u00e9 pour une \u00e9vacuation, condamnation des b\u00e2timents r\u00e9sidentiels et finalement pour une construction de nouvelles r\u00e9sidences. Le Minist\u00e8re de la Construction et du Logement a l\u2019autorit\u00e9 de d\u00e9clarer un terrain comme \u00e9tant un site Pinui Binui, par une d\u00e9claration qui demeure effective pendant 6 ans. Originellement Pinui Binui a \u00e9t\u00e9 pr\u00e9sent\u00e9 comme une politique officielle du Minist\u00e8re de la Construction et du Logement en 1998.<\/span><\/p>\n<p><span class=\"text\">Pinui Binui est une partie de la politique de renouvellement urbain. Cette politique a \u00e9t\u00e9 adapt\u00e9e suivant plusieurs facteurs: le manque d\u2019espace a\u00e9r\u00e9 hors de la cit\u00e9, les estimations d\u2019accroissement de la population et l\u2019inhabilit\u00e9 \u00e0 retarder la d\u00e9cadence urbaine. Une d\u00e9claration de propri\u00e9t\u00e9 comme \u00e9tant un site Pinui Binui permet d\u2019utiliser le terrain plus efficacement, de cr\u00e9er de meilleures conditions r\u00e9sidentielles, tout en pr\u00e9servant les espaces verts dans la cit\u00e9, et en am\u00e9liorant l\u2019image de la cit\u00e9.<\/span><\/p>\n<p><span class=\"text\">Les terrains reconnus comme sites Pinui Binui, re\u00e7oivent des permis de construire, des agrandissements et des b\u00e9n\u00e9fices fiscaux. Ces droits peuvent m\u00eame inclure des exemptions de taxes pour l\u2019am\u00e9lioration de propri\u00e9t\u00e9s. Ils peuvent m\u00eame encourager les communications entre l\u2019entrepreneur et les r\u00e9sidents sur le site.<\/span><\/p>\n<p><span class=\"text\">Les \u00e9vacuations comprennent une compensation pour les r\u00e9sidents qui doivent s\u2019installer dans des domiciles temporaires, soit sur le m\u00eame site ou dans une autre zone. Le Groupe Manos ex\u00e9cute ces projets, tout en permettant aux r\u00e9sidents de d\u00e9m\u00e9nager de leurs anciens appartements vers de nouveaux sans que cela n\u00e9cessite des accommodations alternatives.<br \/>\n<\/span><\/p>\n<p><span class=\"text\">Le Groupe Manos adh\u00e8re aux dispositions de la loi et \u00e0 toutes les r\u00e8gles applicables au projet Pinui Binui. Le groupe se compose de diff\u00e9rents d\u00e9partements travaillant en collaboration, assembl\u00e9s sous un m\u00eame toit et fournissant tous les services n\u00e9cessaires pour un projet Pinui Binui.<\/span><\/p>\n<p><span class=\"text\">Le d\u00e9partement du renouvellement urbain est responsable du d\u00e9marrage et de l\u2019ex\u00e9cution des projets Pinui Binui. Le D\u00e9partement est dot\u00e9 d\u2019une \u00e9quipe professionnelle et exp\u00e9riment\u00e9e avec une grande exp\u00e9rience dans le domaine de la construction en Isra\u00ebl. Le Directeur du D\u00e9partement est M. Shmuel Reuven. M. Reuven d\u00e9tient une Baccalaur\u00e9at en Droit, et un B.A. en Commerce. Ce d\u00e9partement emploie \u00e9galement: deux architectes: M. Yuval Bar, et M. Perry Hammam, un sp\u00e9cialiste en construction: Mr. Anatoly Broshenski, et deux conseillers en trafic: M. Eyal Kraus, et M. Israel Sobol. Le service juridique, dirig\u00e9 par le Prof. Aharon Namdar, un des experts juridiques le plus reconnus d\u2019Isra\u00ebl dans le domaine du renouvellement urbain, comprend deux avocats: Alexander Brodshendel, et Ehud Isenberg. Au d\u00e9partement des relations avec les clients, vous trouverez Mme Adaya Distelman, M. Eli Levy, et M. Yossi Ben Shimol. Le d\u00e9partement de la supervision et de l\u2019ex\u00e9cution s\u2019occupe de diff\u00e9rents projets \u00e0 travers les compagnies de construction et les contractants de permis d\u2019ex\u00e9cution externe.<\/span><\/p>\n<p><span class=\"text\">Cette structure organisationnelle permet au groupe Manos d\u2019exp\u00e9dier des projets Pinui Binui, ainsi que d\u2019autres projets efficacement et avec les meilleurs niveaux de r\u00e9vision et de supervision dans le domaine de la construction en Isra\u00ebl.<\/span><\/p>\n<\/div><\/div><div class=\"fusion-title title\"><h2 class=\"title-heading-left\">Les r\u00e8glements et dispositions de la loi Pinui Binui<\/h2><div class=\"title-sep-container\"><div class=\"title-sep sep-double\"><\/div><\/div><\/div><div class=\"fusion-fullwidth fullwidth-box fusion-parallax-none\" style=\"border-color:#eae9e9;border-bottom-width: 0px;border-top-width: 0px;border-bottom-style: solid;border-top-style: solid;padding-bottom:20px;padding-left:0px;padding-right:0px;padding-top:20px;background-position:left top;background-repeat:no-repeat;-webkit-background-size:cover;-moz-background-size:cover;-o-background-size:cover;background-size:cover;\"><div class=\"fusion-row\"><p class=\"text\"><strong>R\u00e8glements des zones de r\u00e9habitation Pinui Binui, 1965<\/strong><br \/>\nLes initiatives Pinui Binui\u00a0 sont publi\u00e9es dans \u00ab Le r\u00e8glement des zones de r\u00e9novation Pinui Binui, 1965 \u00bb. Pour plus de documentation sur cette loi (en h\u00e9breu) cliquez <a class=\"link\" title=\"dispositions de droit pinui binui\" href=\"https:\/\/manosgroup.co.il\/wp-content\/uploads\/2015\/12\/\u05d7\u05d5\u05e7-\u05e4\u05d9\u05e0\u05d5\u05d9-\u05d5\u05d1\u05d9\u05e0\u05d5\u05d9-\u05e9\u05dc-\u05d0\u05d6\u05d5\u05e8\u05d9-\u05e9\u05d9\u05e7\u05d5\u05dd.pdf\" target=\"_blank\" rel=\"noopener noreferrer\">ici<\/a>.<\/p>\n<p class=\"text\"><strong>R\u00e8glement et r\u00e9glementation Pinui Binui (Compensations), 2006<\/strong><br \/>\nEn 2006, le Parlement d\u2019Isra\u00ebl a adopt\u00e9 un r\u00e8glement pour outrepasser les difficult\u00e9s d\u2019une situation dans laquelle une grande majorit\u00e9 de r\u00e9sidents \u00e9taient int\u00e9ress\u00e9s \u00e0 conclure un march\u00e9 Pinui Binui, alors que quelques personnes r\u00e9sistaient. La loi stipule qu\u2019un r\u00e9sident, qui refuse de conclure un march\u00e9 Pinui Binui, d\u2019une mani\u00e8re non raisonnable et malgr\u00e9 le fait que la majorit\u00e9 des r\u00e9sidents acceptent le march\u00e9, sera tenu responsable des dommages r\u00e9sultant d\u2019un d\u00e9lai fait aux autres r\u00e9sidents et devra payer une compensation d\u00e9termin\u00e9e par la loi. Pour plus de documentation sur cette loi (en h\u00e9breu) cliquez <a class=\"link\" title=\"dispositions de droit pinui binui\" href=\"https:\/\/manosgroup.co.il\/wp-content\/uploads\/2015\/12\/\u05d3\u05e3-\u05d4\u05d5\u05e8\u05d0\u05d5\u05ea-\u05d7\u05d5\u05e7-\u05e4\u05d9\u05e6\u05d5\u05d9\u05d9\u05dd-\u05e4\u05d9\u05e0\u05d5\u05d9-\u05d5\u05d1\u05d9\u05e0\u05d5\u05d9.pdf\" target=\"_blank\" rel=\"noopener noreferrer\">ici<\/a>.<\/p>\n<p class=\"text\"><strong>R\u00e8glement des taxes d\u2019agent immobilier (Commission, vente et achat) (Termes pour recommandation d\u2019une d\u00e9claration pour une ligne de taxation sur un site Pinui Binui), Amendement, 2008<br \/>\n<\/strong>Pour plus de documentation sur la loi (en h\u00e9breu) cliquez <a class=\"link\" title=\"dispositions de droit pinui binui\" href=\"https:\/\/manosgroup.co.il\/wp-content\/uploads\/2015\/12\/law_38.pdf\" target=\"_blank\" rel=\"noopener noreferrer\">ici<\/a>.<\/p>\n<p class=\"text\"><strong>R\u00e8glement de planification et construction (Amendement Acte 87), 2008<\/strong><br \/>\nPour plus de documentation sur la loi (en h\u00e9breu) cliquez <a class=\"link\" title=\"dispositions de droit pinui binui\" href=\"https:\/\/manosgroup.co.il\/Image\/uploaded\/law_43.pdf\">ici<\/a>.<\/p>\n<p class=\"text\"><strong>R\u00e8glement Pinui Binui\u00a0 (Compensations) (D\u00e9signation d\u2019un \u00e9valuateur Pinui Binu, et de proc\u00e9dures l\u00e9gales pour les demandes donn\u00e9es \u00e0 l\u2019\u00e9valuateur), 2012<br \/>\n<\/strong>Pour plus de documentation sur la loi (en h\u00e9breu) cliquez <a class=\"link\" title=\"dispositions de droit pinui binui\" href=\"https:\/\/manosgroup.co.il\/wp-content\/uploads\/2015\/12\/law_46.pdf\" target=\"_blank\" rel=\"noopener noreferrer\">ici<\/a>.<\/p>\n<p class=\"text\"><strong>R\u00e8glement Pinui Binui (Compensations) (r\u00e8gle pour d\u00e9terminer les honoraires d\u2019un estimateur Pinui Binui), 2011<br \/>\n<\/strong>Pour plus de documentation sur la loi (en h\u00e9breu) cliquez <a class=\"link\" title=\"dispositions de droit pinui binui\" href=\"https:\/\/manosgroup.co.il\/wp-content\/uploads\/2015\/12\/law_47.pdf\" target=\"_blank\" rel=\"noopener noreferrer\">ici<\/a>.<\/p>\n<p class=\"text\"><strong>R\u00e8glement des proc\u00e9dures l\u00e9gales sur le march\u00e9 isra\u00e9lien (Rabais Arnona) (Quatri\u00e8me Amendement), 2011<br \/>\n<\/strong>Pour plus de documentation sur la loi (en h\u00e9breu) cliquez <a class=\"link\" title=\"dispositions de droit pinui binui\" href=\"https:\/\/manosgroup.co.il\/wp-content\/uploads\/2015\/12\/law_48_ed.pdf\" target=\"_blank\" rel=\"noopener noreferrer\">ici<\/a>.<\/p>\n<\/div><\/div>\n","protected":false},"excerpt":{"rendered":"","protected":false},"author":8,"featured_media":0,"parent":13712,"menu_order":40,"comment_status":"open","ping_status":"closed","template":"side-navigation.php","meta":{"_links_to":"","_links_to_target":""},"acf":[],"yoast_head":"<!-- This site is optimized with the Yoast SEO plugin v20.10 - https:\/\/yoast.com\/wordpress\/plugins\/seo\/ -->\n<title>Disposition de Loi - Manos Group<\/title>\n<meta name=\"description\" content=\"\u00c9vacuation de la construction - Le groupe Manos initie et promeut avec succ\u00e8s les projets d\u2019\u00e9vacuation de la construction conform\u00e9ment \u00e0 la loi. Lisez \u00e0 propos de la soci\u00e9t\u00e9 et de ses projets et contactez-nous pour une revue de projet.\" \/>\n<meta name=\"robots\" content=\"index, follow, max-snippet:-1, max-image-preview:large, max-video-preview:-1\" \/>\n<link rel=\"canonical\" href=\"https:\/\/manosgroup.co.il\/fr\/evacuation-et-reconstruction-pinui-binui\/disposition-de-loi\/\" \/>\n<meta property=\"og:locale\" content=\"fr_FR\" \/>\n<meta property=\"og:type\" content=\"article\" \/>\n<meta property=\"og:title\" content=\"Disposition de Loi - Manos Group\" \/>\n<meta property=\"og:description\" content=\"\u00c9vacuation de la construction - Le groupe Manos initie et promeut avec succ\u00e8s les projets d\u2019\u00e9vacuation de la construction conform\u00e9ment \u00e0 la loi. Lisez \u00e0 propos de la soci\u00e9t\u00e9 et de ses projets et contactez-nous pour une revue de projet.\" \/>\n<meta property=\"og:url\" content=\"https:\/\/manosgroup.co.il\/fr\/evacuation-et-reconstruction-pinui-binui\/disposition-de-loi\/\" \/>\n<meta property=\"og:site_name\" content=\"Manos Group\" \/>\n<meta property=\"article:publisher\" content=\"https:\/\/www.facebook.com\/manos38\/\" \/>\n<meta property=\"article:modified_time\" content=\"2019-06-18T08:50:26+00:00\" \/>\n<meta property=\"og:image\" content=\"https:\/\/manosgroup.co.il\/wp-content\/uploads\/2015\/06\/23622302_567012973642726_188683304429898474_n.png\" \/>\n\t<meta property=\"og:image:width\" content=\"200\" \/>\n\t<meta property=\"og:image:height\" content=\"200\" \/>\n\t<meta property=\"og:image:type\" content=\"image\/png\" \/>\n<meta name=\"twitter:card\" content=\"summary_large_image\" \/>\n<meta name=\"twitter:label1\" content=\"Dur\u00e9e de lecture estim\u00e9e\" \/>\n\t<meta name=\"twitter:data1\" content=\"6 minutes\" \/>\n<script type=\"application\/ld+json\" class=\"yoast-schema-graph\">{\"@context\":\"https:\/\/schema.org\",\"@graph\":[{\"@type\":\"WebPage\",\"@id\":\"https:\/\/manosgroup.co.il\/fr\/evacuation-et-reconstruction-pinui-binui\/disposition-de-loi\/\",\"url\":\"https:\/\/manosgroup.co.il\/fr\/evacuation-et-reconstruction-pinui-binui\/disposition-de-loi\/\",\"name\":\"Disposition de Loi - Manos Group\",\"isPartOf\":{\"@id\":\"https:\/\/manosgroup.co.il\/#website\"},\"datePublished\":\"2015-12-16T16:02:00+00:00\",\"dateModified\":\"2019-06-18T08:50:26+00:00\",\"description\":\"\u00c9vacuation de la construction - Le groupe Manos initie et promeut avec succ\u00e8s les projets d\u2019\u00e9vacuation de la construction conform\u00e9ment \u00e0 la loi. Lisez \u00e0 propos de la soci\u00e9t\u00e9 et de ses projets et contactez-nous pour une revue de projet.\",\"breadcrumb\":{\"@id\":\"https:\/\/manosgroup.co.il\/fr\/evacuation-et-reconstruction-pinui-binui\/disposition-de-loi\/#breadcrumb\"},\"inLanguage\":\"fr-FR\",\"potentialAction\":[{\"@type\":\"ReadAction\",\"target\":[\"https:\/\/manosgroup.co.il\/fr\/evacuation-et-reconstruction-pinui-binui\/disposition-de-loi\/\"]}]},{\"@type\":\"BreadcrumbList\",\"@id\":\"https:\/\/manosgroup.co.il\/fr\/evacuation-et-reconstruction-pinui-binui\/disposition-de-loi\/#breadcrumb\",\"itemListElement\":[{\"@type\":\"ListItem\",\"position\":1,\"name\":\"\u05d3\u05e3 \u05d4\u05d1\u05d9\u05ea\",\"item\":\"https:\/\/manosgroup.co.il\/fr\/\"},{\"@type\":\"ListItem\",\"position\":2,\"name\":\"Evacuation et reconstruction (Pinui Binui)\",\"item\":\"https:\/\/manosgroup.co.il\/fr\/evacuation-et-reconstruction-pinui-binui\/\"},{\"@type\":\"ListItem\",\"position\":3,\"name\":\"Disposition de Loi\"}]},{\"@type\":\"WebSite\",\"@id\":\"https:\/\/manosgroup.co.il\/#website\",\"url\":\"https:\/\/manosgroup.co.il\/\",\"name\":\"Manos Group\",\"description\":\"TAMA 38, Pinui Binui, Groupes d\u2019acquisition, Commercialisation d\u2019appartements\",\"potentialAction\":[{\"@type\":\"SearchAction\",\"target\":{\"@type\":\"EntryPoint\",\"urlTemplate\":\"https:\/\/manosgroup.co.il\/?s={search_term_string}\"},\"query-input\":\"required name=search_term_string\"}],\"inLanguage\":\"fr-FR\"}]}<\/script>\n<!-- \/ Yoast SEO plugin. -->","yoast_head_json":{"title":"Disposition de Loi - Manos Group","description":"\u00c9vacuation de la construction - Le groupe Manos initie et promeut avec succ\u00e8s les projets d\u2019\u00e9vacuation de la construction conform\u00e9ment \u00e0 la loi. Lisez \u00e0 propos de la soci\u00e9t\u00e9 et de ses projets et contactez-nous pour une revue de projet.","robots":{"index":"index","follow":"follow","max-snippet":"max-snippet:-1","max-image-preview":"max-image-preview:large","max-video-preview":"max-video-preview:-1"},"canonical":"https:\/\/manosgroup.co.il\/fr\/evacuation-et-reconstruction-pinui-binui\/disposition-de-loi\/","og_locale":"fr_FR","og_type":"article","og_title":"Disposition de Loi - Manos Group","og_description":"\u00c9vacuation de la construction - Le groupe Manos initie et promeut avec succ\u00e8s les projets d\u2019\u00e9vacuation de la construction conform\u00e9ment \u00e0 la loi. Lisez \u00e0 propos de la soci\u00e9t\u00e9 et de ses projets et contactez-nous pour une revue de projet.","og_url":"https:\/\/manosgroup.co.il\/fr\/evacuation-et-reconstruction-pinui-binui\/disposition-de-loi\/","og_site_name":"Manos Group","article_publisher":"https:\/\/www.facebook.com\/manos38\/","article_modified_time":"2019-06-18T08:50:26+00:00","og_image":[{"width":200,"height":200,"url":"https:\/\/manosgroup.co.il\/wp-content\/uploads\/2015\/06\/23622302_567012973642726_188683304429898474_n.png","type":"image\/png"}],"twitter_card":"summary_large_image","twitter_misc":{"Dur\u00e9e de lecture estim\u00e9e":"6 minutes"},"schema":{"@context":"https:\/\/schema.org","@graph":[{"@type":"WebPage","@id":"https:\/\/manosgroup.co.il\/fr\/evacuation-et-reconstruction-pinui-binui\/disposition-de-loi\/","url":"https:\/\/manosgroup.co.il\/fr\/evacuation-et-reconstruction-pinui-binui\/disposition-de-loi\/","name":"Disposition de Loi - Manos Group","isPartOf":{"@id":"https:\/\/manosgroup.co.il\/#website"},"datePublished":"2015-12-16T16:02:00+00:00","dateModified":"2019-06-18T08:50:26+00:00","description":"\u00c9vacuation de la construction - Le groupe Manos initie et promeut avec succ\u00e8s les projets d\u2019\u00e9vacuation de la construction conform\u00e9ment \u00e0 la loi. Lisez \u00e0 propos de la soci\u00e9t\u00e9 et de ses projets et contactez-nous pour une revue de projet.","breadcrumb":{"@id":"https:\/\/manosgroup.co.il\/fr\/evacuation-et-reconstruction-pinui-binui\/disposition-de-loi\/#breadcrumb"},"inLanguage":"fr-FR","potentialAction":[{"@type":"ReadAction","target":["https:\/\/manosgroup.co.il\/fr\/evacuation-et-reconstruction-pinui-binui\/disposition-de-loi\/"]}]},{"@type":"BreadcrumbList","@id":"https:\/\/manosgroup.co.il\/fr\/evacuation-et-reconstruction-pinui-binui\/disposition-de-loi\/#breadcrumb","itemListElement":[{"@type":"ListItem","position":1,"name":"\u05d3\u05e3 \u05d4\u05d1\u05d9\u05ea","item":"https:\/\/manosgroup.co.il\/fr\/"},{"@type":"ListItem","position":2,"name":"Evacuation et reconstruction (Pinui Binui)","item":"https:\/\/manosgroup.co.il\/fr\/evacuation-et-reconstruction-pinui-binui\/"},{"@type":"ListItem","position":3,"name":"Disposition de Loi"}]},{"@type":"WebSite","@id":"https:\/\/manosgroup.co.il\/#website","url":"https:\/\/manosgroup.co.il\/","name":"Manos Group","description":"TAMA 38, Pinui Binui, Groupes d\u2019acquisition, Commercialisation d\u2019appartements","potentialAction":[{"@type":"SearchAction","target":{"@type":"EntryPoint","urlTemplate":"https:\/\/manosgroup.co.il\/?s={search_term_string}"},"query-input":"required name=search_term_string"}],"inLanguage":"fr-FR"}]}},"_links":{"self":[{"href":"https:\/\/manosgroup.co.il\/fr\/wp-json\/wp\/v2\/pages\/15813\/"}],"collection":[{"href":"https:\/\/manosgroup.co.il\/fr\/wp-json\/wp\/v2\/pages\/"}],"about":[{"href":"https:\/\/manosgroup.co.il\/fr\/wp-json\/wp\/v2\/types\/page\/"}],"author":[{"embeddable":true,"href":"https:\/\/manosgroup.co.il\/fr\/wp-json\/wp\/v2\/users\/8\/"}],"replies":[{"embeddable":true,"href":"https:\/\/manosgroup.co.il\/fr\/wp-json\/wp\/v2\/comments\/?post=15813"}],"version-history":[{"count":7,"href":"https:\/\/manosgroup.co.il\/fr\/wp-json\/wp\/v2\/pages\/15813\/revisions\/"}],"predecessor-version":[{"id":22695,"href":"https:\/\/manosgroup.co.il\/fr\/wp-json\/wp\/v2\/pages\/15813\/revisions\/22695\/"}],"up":[{"embeddable":true,"href":"https:\/\/manosgroup.co.il\/fr\/wp-json\/wp\/v2\/pages\/13712\/"}],"wp:attachment":[{"href":"https:\/\/manosgroup.co.il\/fr\/wp-json\/wp\/v2\/media\/?parent=15813"}],"curies":[{"name":"wp","href":"https:\/\/api.w.org\/{rel}","templated":true}]}}