{"id":15600,"date":"2015-12-13T10:57:19","date_gmt":"2015-12-13T08:57:19","guid":{"rendered":"http:\/\/manosgroup.webmanager.org.il\/fr\/?page_id=15600"},"modified":"2019-05-08T11:21:40","modified_gmt":"2019-05-08T08:21:40","slug":"articles-selectionnes","status":"publish","type":"page","link":"https:\/\/manosgroup.co.il\/fr\/tama-38\/articles-selectionnes\/","title":{"rendered":"Articles S\u00e9lectionn\u00e9s"},"content":{"rendered":"<div class=\"fusion-title title\"><h2 class=\"title-heading-left\">TAMA 38 &#8211; Articles s\u00e9lectionn\u00e9s<\/h2><div class=\"title-sep-container\"><div class=\"title-sep sep-double\"><\/div><\/div><\/div><div class=\"fusion-fullwidth fullwidth-box fusion-parallax-none\" style=\"border-color:#eae9e9;border-bottom-width: 0px;border-top-width: 0px;border-bottom-style: solid;border-top-style: solid;padding-bottom:20px;padding-left:0px;padding-right:0px;padding-top:20px;background-position:left top;background-repeat:no-repeat;-webkit-background-size:cover;-moz-background-size:cover;-o-background-size:cover;background-size:cover;\"><div class=\"fusion-row\"><p style=\"text-align: left;\">1. <a href=\"https:\/\/manosgroup.co.il\/fr\/%D7%9B%D7%9C-%D7%9E%D7%94-%D7%A9%D7%A8%D7%A6%D7%99%D7%AA%D7%9D-%D7%9C%D7%93%D7%A2%D7%AA-%D7%A2%D7%9C-%D7%AA%D7%91%D7%A2-10038-%D7%91%D7%99%D7%A8%D7%95%D7%A9%D7%9C%D7%99%D7%9D\/\">Taba 10038 \u00e0 J\u00e9rusalem<\/a><\/p>\n<p>Tout ce que vous vouliez savoir sur Taba 10038, le programme de conformit\u00e9 des b\u00e2timents urbains avec les besoins particuliers de J\u00e9rusalem \u00e0 l&rsquo;\u00e9poque de la r\u00e9novation des villes.<\/p>\n<p style=\"text-align: left;\">2. <a href=\"https:\/\/manosgroup.co.il\/fr\/2015-une-annee-primordiale-dans-le-cadre-du-programme-tama-a-jerusalem\/\">2015 \u2013 Ann\u00e9e primordiale pour le projet Tama \u00e0 J\u00e9rusalem<\/a>.<\/p>\n<p style=\"text-align: left;\">D&rsquo;apr\u00e8s les \u00e9valuations des experts, 2015 est une ann\u00e9e d&rsquo;expansion du projet Tama 38. De nombreux r\u00e9sidents prennent conscience de l&rsquo;importance du renforcement des structures en mati\u00e8re de d\u00e9fense, de s\u00e9curit\u00e9 et de tremblements de terre ainsi que des avantages \u00e9conomiques. Le rajout d&rsquo;un Mamad, d&rsquo;une terrasse, d&rsquo;un parking et d&rsquo;une cave, un appartement r\u00e9nov\u00e9, un immeuble consolid\u00e9 avec un hall et un ascenseur, augmentent la valeur de l&rsquo;appartement.<\/p>\n<p style=\"text-align: left;\">3. <a href=\"https:\/\/manosgroup.co.il\/fr\/quelle-est-la-procedure-pour-les-autorisations-de-construction\/\">La proc\u00e9dure des autorisations de construction<\/a><\/p>\n<p style=\"text-align: left;\">Quelle est la proc\u00e9dure pour les autorisations de construction?<\/p>\n<\/div><\/div>\n","protected":false},"excerpt":{"rendered":"","protected":false},"author":8,"featured_media":0,"parent":13648,"menu_order":110,"comment_status":"closed","ping_status":"closed","template":"side-navigation.php","meta":{"_links_to":"","_links_to_target":""},"acf":[],"yoast_head":"<!-- This site is optimized with the Yoast SEO plugin v20.10 - https:\/\/yoast.com\/wordpress\/plugins\/seo\/ -->\n<title>Articles S\u00e9lectionn\u00e9s - Manos Group<\/title>\n<meta name=\"robots\" content=\"index, follow, max-snippet:-1, max-image-preview:large, max-video-preview:-1\" \/>\n<link rel=\"canonical\" href=\"https:\/\/manosgroup.co.il\/fr\/tama-38\/articles-selectionnes\/\" \/>\n<meta property=\"og:locale\" content=\"fr_FR\" \/>\n<meta property=\"og:type\" content=\"article\" \/>\n<meta property=\"og:title\" content=\"Articles S\u00e9lectionn\u00e9s - Manos Group\" \/>\n<meta property=\"og:url\" content=\"https:\/\/manosgroup.co.il\/fr\/tama-38\/articles-selectionnes\/\" \/>\n<meta property=\"og:site_name\" content=\"Manos Group\" \/>\n<meta property=\"article:publisher\" content=\"https:\/\/www.facebook.com\/manos38\/\" \/>\n<meta property=\"article:modified_time\" content=\"2019-05-08T08:21:40+00:00\" \/>\n<meta property=\"og:image\" content=\"https:\/\/manosgroup.co.il\/wp-content\/uploads\/2015\/06\/23622302_567012973642726_188683304429898474_n.png\" \/>\n\t<meta property=\"og:image:width\" content=\"200\" \/>\n\t<meta property=\"og:image:height\" content=\"200\" \/>\n\t<meta property=\"og:image:type\" content=\"image\/png\" \/>\n<meta name=\"twitter:card\" content=\"summary_large_image\" \/>\n<meta name=\"twitter:label1\" content=\"Dur\u00e9e de lecture estim\u00e9e\" \/>\n\t<meta name=\"twitter:data1\" content=\"1 minute\" \/>\n<script type=\"application\/ld+json\" class=\"yoast-schema-graph\">{\"@context\":\"https:\/\/schema.org\",\"@graph\":[{\"@type\":\"WebPage\",\"@id\":\"https:\/\/manosgroup.co.il\/fr\/tama-38\/articles-selectionnes\/\",\"url\":\"https:\/\/manosgroup.co.il\/fr\/tama-38\/articles-selectionnes\/\",\"name\":\"Articles S\u00e9lectionn\u00e9s - Manos Group\",\"isPartOf\":{\"@id\":\"https:\/\/manosgroup.co.il\/#website\"},\"datePublished\":\"2015-12-13T08:57:19+00:00\",\"dateModified\":\"2019-05-08T08:21:40+00:00\",\"breadcrumb\":{\"@id\":\"https:\/\/manosgroup.co.il\/fr\/tama-38\/articles-selectionnes\/#breadcrumb\"},\"inLanguage\":\"fr-FR\",\"potentialAction\":[{\"@type\":\"ReadAction\",\"target\":[\"https:\/\/manosgroup.co.il\/fr\/tama-38\/articles-selectionnes\/\"]}]},{\"@type\":\"BreadcrumbList\",\"@id\":\"https:\/\/manosgroup.co.il\/fr\/tama-38\/articles-selectionnes\/#breadcrumb\",\"itemListElement\":[{\"@type\":\"ListItem\",\"position\":1,\"name\":\"\u05d3\u05e3 \u05d4\u05d1\u05d9\u05ea\",\"item\":\"https:\/\/manosgroup.co.il\/fr\/\"},{\"@type\":\"ListItem\",\"position\":2,\"name\":\"TAMA 38\",\"item\":\"https:\/\/manosgroup.co.il\/fr\/tama-38\/\"},{\"@type\":\"ListItem\",\"position\":3,\"name\":\"Articles S\u00e9lectionn\u00e9s\"}]},{\"@type\":\"WebSite\",\"@id\":\"https:\/\/manosgroup.co.il\/#website\",\"url\":\"https:\/\/manosgroup.co.il\/\",\"name\":\"Manos Group\",\"description\":\"TAMA 38, Pinui Binui, Groupes d\u2019acquisition, Commercialisation d\u2019appartements\",\"potentialAction\":[{\"@type\":\"SearchAction\",\"target\":{\"@type\":\"EntryPoint\",\"urlTemplate\":\"https:\/\/manosgroup.co.il\/?s={search_term_string}\"},\"query-input\":\"required name=search_term_string\"}],\"inLanguage\":\"fr-FR\"}]}<\/script>\n<!-- \/ Yoast SEO plugin. -->","yoast_head_json":{"title":"Articles S\u00e9lectionn\u00e9s - Manos Group","robots":{"index":"index","follow":"follow","max-snippet":"max-snippet:-1","max-image-preview":"max-image-preview:large","max-video-preview":"max-video-preview:-1"},"canonical":"https:\/\/manosgroup.co.il\/fr\/tama-38\/articles-selectionnes\/","og_locale":"fr_FR","og_type":"article","og_title":"Articles S\u00e9lectionn\u00e9s - Manos Group","og_url":"https:\/\/manosgroup.co.il\/fr\/tama-38\/articles-selectionnes\/","og_site_name":"Manos Group","article_publisher":"https:\/\/www.facebook.com\/manos38\/","article_modified_time":"2019-05-08T08:21:40+00:00","og_image":[{"width":200,"height":200,"url":"https:\/\/manosgroup.co.il\/wp-content\/uploads\/2015\/06\/23622302_567012973642726_188683304429898474_n.png","type":"image\/png"}],"twitter_card":"summary_large_image","twitter_misc":{"Dur\u00e9e de lecture estim\u00e9e":"1 minute"},"schema":{"@context":"https:\/\/schema.org","@graph":[{"@type":"WebPage","@id":"https:\/\/manosgroup.co.il\/fr\/tama-38\/articles-selectionnes\/","url":"https:\/\/manosgroup.co.il\/fr\/tama-38\/articles-selectionnes\/","name":"Articles S\u00e9lectionn\u00e9s - Manos Group","isPartOf":{"@id":"https:\/\/manosgroup.co.il\/#website"},"datePublished":"2015-12-13T08:57:19+00:00","dateModified":"2019-05-08T08:21:40+00:00","breadcrumb":{"@id":"https:\/\/manosgroup.co.il\/fr\/tama-38\/articles-selectionnes\/#breadcrumb"},"inLanguage":"fr-FR","potentialAction":[{"@type":"ReadAction","target":["https:\/\/manosgroup.co.il\/fr\/tama-38\/articles-selectionnes\/"]}]},{"@type":"BreadcrumbList","@id":"https:\/\/manosgroup.co.il\/fr\/tama-38\/articles-selectionnes\/#breadcrumb","itemListElement":[{"@type":"ListItem","position":1,"name":"\u05d3\u05e3 \u05d4\u05d1\u05d9\u05ea","item":"https:\/\/manosgroup.co.il\/fr\/"},{"@type":"ListItem","position":2,"name":"TAMA 38","item":"https:\/\/manosgroup.co.il\/fr\/tama-38\/"},{"@type":"ListItem","position":3,"name":"Articles S\u00e9lectionn\u00e9s"}]},{"@type":"WebSite","@id":"https:\/\/manosgroup.co.il\/#website","url":"https:\/\/manosgroup.co.il\/","name":"Manos Group","description":"TAMA 38, Pinui Binui, Groupes d\u2019acquisition, Commercialisation d\u2019appartements","potentialAction":[{"@type":"SearchAction","target":{"@type":"EntryPoint","urlTemplate":"https:\/\/manosgroup.co.il\/?s={search_term_string}"},"query-input":"required name=search_term_string"}],"inLanguage":"fr-FR"}]}},"_links":{"self":[{"href":"https:\/\/manosgroup.co.il\/fr\/wp-json\/wp\/v2\/pages\/15600\/"}],"collection":[{"href":"https:\/\/manosgroup.co.il\/fr\/wp-json\/wp\/v2\/pages\/"}],"about":[{"href":"https:\/\/manosgroup.co.il\/fr\/wp-json\/wp\/v2\/types\/page\/"}],"author":[{"embeddable":true,"href":"https:\/\/manosgroup.co.il\/fr\/wp-json\/wp\/v2\/users\/8\/"}],"replies":[{"embeddable":true,"href":"https:\/\/manosgroup.co.il\/fr\/wp-json\/wp\/v2\/comments\/?post=15600"}],"version-history":[{"count":4,"href":"https:\/\/manosgroup.co.il\/fr\/wp-json\/wp\/v2\/pages\/15600\/revisions\/"}],"predecessor-version":[{"id":22612,"href":"https:\/\/manosgroup.co.il\/fr\/wp-json\/wp\/v2\/pages\/15600\/revisions\/22612\/"}],"up":[{"embeddable":true,"href":"https:\/\/manosgroup.co.il\/fr\/wp-json\/wp\/v2\/pages\/13648\/"}],"wp:attachment":[{"href":"https:\/\/manosgroup.co.il\/fr\/wp-json\/wp\/v2\/media\/?parent=15600"}],"curies":[{"name":"wp","href":"https:\/\/api.w.org\/{rel}","templated":true}]}}