{"id":15390,"date":"2015-12-07T11:30:02","date_gmt":"2015-12-07T09:30:02","guid":{"rendered":"http:\/\/manosgroup.webmanager.org.il\/fr\/?page_id=15390"},"modified":"2019-05-08T11:21:54","modified_gmt":"2019-05-08T08:21:54","slug":"%d7%a4%d7%99%d7%a0%d7%95%d7%99-%d7%91%d7%99%d7%a0%d7%95%d7%99-%d7%9e%d7%90%d7%9e%d7%a8%d7%99%d7%9d","status":"publish","type":"page","link":"https:\/\/manosgroup.co.il\/fr\/evacuation-et-reconstruction-pinui-binui\/%d7%a4%d7%99%d7%a0%d7%95%d7%99-%d7%91%d7%99%d7%a0%d7%95%d7%99-%d7%9e%d7%90%d7%9e%d7%a8%d7%99%d7%9d\/","title":{"rendered":"Articles S\u00e9lectionn\u00e9s"},"content":{"rendered":"<div class=\"fusion-one-full fusion-layout-column fusion-column-last fusion-spacing-yes\" style=\"margin-top:0px;margin-bottom:20px;\"><div class=\"fusion-column-wrapper\"><div class=\"fusion-title title\"><div class=\"title-sep-container\"><div class=\"title-sep sep-none\"><\/div><\/div><h2 class=\"title-heading-right\">Pinui Binui &#8211; Articles S\u00e9lectionn\u00e9s<\/h2><\/div><p>1.\u00a0<a href=\"https:\/\/manosgroup.co.il\/fr\/evacuation-et-reconstruction-pinui-binui\/%D7%A4%D7%99%D7%A0%D7%95%D7%99-%D7%91%D7%99%D7%A0%D7%95%D7%99-%D7%9E%D7%90%D7%9E%D7%A8%D7%99%D7%9D\/evacuation-et-reconstruction-la-solution-strategique\/\">La solution strat\u00e9gique au probl\u00e8me du logement en Isra\u00ebl dans les ann\u00e9es \u00e0 venir<\/a><\/p>\n<p>&nbsp;<\/p>\n<p>&nbsp;<\/p>\n<p>&nbsp;<\/p>\n<p>&nbsp;<\/p>\n<\/div><\/div><div class=\"fusion-clearfix\"><\/div>\n","protected":false},"excerpt":{"rendered":"","protected":false},"author":8,"featured_media":0,"parent":13712,"menu_order":80,"comment_status":"open","ping_status":"closed","template":"side-navigation.php","meta":{"_links_to":"","_links_to_target":""},"acf":[],"yoast_head":"<!-- This site is optimized with the Yoast SEO plugin v20.10 - https:\/\/yoast.com\/wordpress\/plugins\/seo\/ -->\n<title>Articles S\u00e9lectionn\u00e9s - Manos Group<\/title>\n<meta name=\"robots\" content=\"index, follow, max-snippet:-1, max-image-preview:large, max-video-preview:-1\" \/>\n<link rel=\"canonical\" href=\"https:\/\/manosgroup.co.il\/fr\/evacuation-et-reconstruction-pinui-binui\/\u05e4\u05d9\u05e0\u05d5\u05d9-\u05d1\u05d9\u05e0\u05d5\u05d9-\u05de\u05d0\u05de\u05e8\u05d9\u05dd\/\" \/>\n<meta property=\"og:locale\" content=\"fr_FR\" \/>\n<meta property=\"og:type\" content=\"article\" \/>\n<meta property=\"og:title\" content=\"Articles S\u00e9lectionn\u00e9s - Manos Group\" \/>\n<meta property=\"og:url\" content=\"https:\/\/manosgroup.co.il\/fr\/evacuation-et-reconstruction-pinui-binui\/\u05e4\u05d9\u05e0\u05d5\u05d9-\u05d1\u05d9\u05e0\u05d5\u05d9-\u05de\u05d0\u05de\u05e8\u05d9\u05dd\/\" \/>\n<meta property=\"og:site_name\" content=\"Manos Group\" \/>\n<meta property=\"article:publisher\" content=\"https:\/\/www.facebook.com\/manos38\/\" \/>\n<meta property=\"article:modified_time\" content=\"2019-05-08T08:21:54+00:00\" \/>\n<meta property=\"og:image\" content=\"https:\/\/manosgroup.co.il\/wp-content\/uploads\/2015\/06\/23622302_567012973642726_188683304429898474_n.png\" \/>\n\t<meta property=\"og:image:width\" content=\"200\" \/>\n\t<meta property=\"og:image:height\" content=\"200\" \/>\n\t<meta property=\"og:image:type\" content=\"image\/png\" \/>\n<meta name=\"twitter:card\" content=\"summary_large_image\" \/>\n<meta name=\"twitter:label1\" content=\"Dur\u00e9e de lecture estim\u00e9e\" \/>\n\t<meta name=\"twitter:data1\" content=\"1 minute\" \/>\n<script type=\"application\/ld+json\" class=\"yoast-schema-graph\">{\"@context\":\"https:\/\/schema.org\",\"@graph\":[{\"@type\":\"WebPage\",\"@id\":\"https:\/\/manosgroup.co.il\/fr\/evacuation-et-reconstruction-pinui-binui\/%d7%a4%d7%99%d7%a0%d7%95%d7%99-%d7%91%d7%99%d7%a0%d7%95%d7%99-%d7%9e%d7%90%d7%9e%d7%a8%d7%99%d7%9d\/\",\"url\":\"https:\/\/manosgroup.co.il\/fr\/evacuation-et-reconstruction-pinui-binui\/%d7%a4%d7%99%d7%a0%d7%95%d7%99-%d7%91%d7%99%d7%a0%d7%95%d7%99-%d7%9e%d7%90%d7%9e%d7%a8%d7%99%d7%9d\/\",\"name\":\"Articles S\u00e9lectionn\u00e9s - Manos Group\",\"isPartOf\":{\"@id\":\"https:\/\/manosgroup.co.il\/#website\"},\"datePublished\":\"2015-12-07T09:30:02+00:00\",\"dateModified\":\"2019-05-08T08:21:54+00:00\",\"breadcrumb\":{\"@id\":\"https:\/\/manosgroup.co.il\/fr\/evacuation-et-reconstruction-pinui-binui\/%d7%a4%d7%99%d7%a0%d7%95%d7%99-%d7%91%d7%99%d7%a0%d7%95%d7%99-%d7%9e%d7%90%d7%9e%d7%a8%d7%99%d7%9d\/#breadcrumb\"},\"inLanguage\":\"fr-FR\",\"potentialAction\":[{\"@type\":\"ReadAction\",\"target\":[\"https:\/\/manosgroup.co.il\/fr\/evacuation-et-reconstruction-pinui-binui\/%d7%a4%d7%99%d7%a0%d7%95%d7%99-%d7%91%d7%99%d7%a0%d7%95%d7%99-%d7%9e%d7%90%d7%9e%d7%a8%d7%99%d7%9d\/\"]}]},{\"@type\":\"BreadcrumbList\",\"@id\":\"https:\/\/manosgroup.co.il\/fr\/evacuation-et-reconstruction-pinui-binui\/%d7%a4%d7%99%d7%a0%d7%95%d7%99-%d7%91%d7%99%d7%a0%d7%95%d7%99-%d7%9e%d7%90%d7%9e%d7%a8%d7%99%d7%9d\/#breadcrumb\",\"itemListElement\":[{\"@type\":\"ListItem\",\"position\":1,\"name\":\"\u05d3\u05e3 \u05d4\u05d1\u05d9\u05ea\",\"item\":\"https:\/\/manosgroup.co.il\/fr\/\"},{\"@type\":\"ListItem\",\"position\":2,\"name\":\"Evacuation et reconstruction (Pinui Binui)\",\"item\":\"https:\/\/manosgroup.co.il\/fr\/evacuation-et-reconstruction-pinui-binui\/\"},{\"@type\":\"ListItem\",\"position\":3,\"name\":\"Articles S\u00e9lectionn\u00e9s\"}]},{\"@type\":\"WebSite\",\"@id\":\"https:\/\/manosgroup.co.il\/#website\",\"url\":\"https:\/\/manosgroup.co.il\/\",\"name\":\"Manos Group\",\"description\":\"TAMA 38, Pinui Binui, Groupes d\u2019acquisition, Commercialisation d\u2019appartements\",\"potentialAction\":[{\"@type\":\"SearchAction\",\"target\":{\"@type\":\"EntryPoint\",\"urlTemplate\":\"https:\/\/manosgroup.co.il\/?s={search_term_string}\"},\"query-input\":\"required name=search_term_string\"}],\"inLanguage\":\"fr-FR\"}]}<\/script>\n<!-- \/ Yoast SEO plugin. -->","yoast_head_json":{"title":"Articles S\u00e9lectionn\u00e9s - Manos Group","robots":{"index":"index","follow":"follow","max-snippet":"max-snippet:-1","max-image-preview":"max-image-preview:large","max-video-preview":"max-video-preview:-1"},"canonical":"https:\/\/manosgroup.co.il\/fr\/evacuation-et-reconstruction-pinui-binui\/\u05e4\u05d9\u05e0\u05d5\u05d9-\u05d1\u05d9\u05e0\u05d5\u05d9-\u05de\u05d0\u05de\u05e8\u05d9\u05dd\/","og_locale":"fr_FR","og_type":"article","og_title":"Articles S\u00e9lectionn\u00e9s - Manos Group","og_url":"https:\/\/manosgroup.co.il\/fr\/evacuation-et-reconstruction-pinui-binui\/\u05e4\u05d9\u05e0\u05d5\u05d9-\u05d1\u05d9\u05e0\u05d5\u05d9-\u05de\u05d0\u05de\u05e8\u05d9\u05dd\/","og_site_name":"Manos Group","article_publisher":"https:\/\/www.facebook.com\/manos38\/","article_modified_time":"2019-05-08T08:21:54+00:00","og_image":[{"width":200,"height":200,"url":"https:\/\/manosgroup.co.il\/wp-content\/uploads\/2015\/06\/23622302_567012973642726_188683304429898474_n.png","type":"image\/png"}],"twitter_card":"summary_large_image","twitter_misc":{"Dur\u00e9e de lecture estim\u00e9e":"1 minute"},"schema":{"@context":"https:\/\/schema.org","@graph":[{"@type":"WebPage","@id":"https:\/\/manosgroup.co.il\/fr\/evacuation-et-reconstruction-pinui-binui\/%d7%a4%d7%99%d7%a0%d7%95%d7%99-%d7%91%d7%99%d7%a0%d7%95%d7%99-%d7%9e%d7%90%d7%9e%d7%a8%d7%99%d7%9d\/","url":"https:\/\/manosgroup.co.il\/fr\/evacuation-et-reconstruction-pinui-binui\/%d7%a4%d7%99%d7%a0%d7%95%d7%99-%d7%91%d7%99%d7%a0%d7%95%d7%99-%d7%9e%d7%90%d7%9e%d7%a8%d7%99%d7%9d\/","name":"Articles S\u00e9lectionn\u00e9s - Manos Group","isPartOf":{"@id":"https:\/\/manosgroup.co.il\/#website"},"datePublished":"2015-12-07T09:30:02+00:00","dateModified":"2019-05-08T08:21:54+00:00","breadcrumb":{"@id":"https:\/\/manosgroup.co.il\/fr\/evacuation-et-reconstruction-pinui-binui\/%d7%a4%d7%99%d7%a0%d7%95%d7%99-%d7%91%d7%99%d7%a0%d7%95%d7%99-%d7%9e%d7%90%d7%9e%d7%a8%d7%99%d7%9d\/#breadcrumb"},"inLanguage":"fr-FR","potentialAction":[{"@type":"ReadAction","target":["https:\/\/manosgroup.co.il\/fr\/evacuation-et-reconstruction-pinui-binui\/%d7%a4%d7%99%d7%a0%d7%95%d7%99-%d7%91%d7%99%d7%a0%d7%95%d7%99-%d7%9e%d7%90%d7%9e%d7%a8%d7%99%d7%9d\/"]}]},{"@type":"BreadcrumbList","@id":"https:\/\/manosgroup.co.il\/fr\/evacuation-et-reconstruction-pinui-binui\/%d7%a4%d7%99%d7%a0%d7%95%d7%99-%d7%91%d7%99%d7%a0%d7%95%d7%99-%d7%9e%d7%90%d7%9e%d7%a8%d7%99%d7%9d\/#breadcrumb","itemListElement":[{"@type":"ListItem","position":1,"name":"\u05d3\u05e3 \u05d4\u05d1\u05d9\u05ea","item":"https:\/\/manosgroup.co.il\/fr\/"},{"@type":"ListItem","position":2,"name":"Evacuation et reconstruction (Pinui Binui)","item":"https:\/\/manosgroup.co.il\/fr\/evacuation-et-reconstruction-pinui-binui\/"},{"@type":"ListItem","position":3,"name":"Articles S\u00e9lectionn\u00e9s"}]},{"@type":"WebSite","@id":"https:\/\/manosgroup.co.il\/#website","url":"https:\/\/manosgroup.co.il\/","name":"Manos Group","description":"TAMA 38, Pinui Binui, Groupes d\u2019acquisition, Commercialisation d\u2019appartements","potentialAction":[{"@type":"SearchAction","target":{"@type":"EntryPoint","urlTemplate":"https:\/\/manosgroup.co.il\/?s={search_term_string}"},"query-input":"required name=search_term_string"}],"inLanguage":"fr-FR"}]}},"_links":{"self":[{"href":"https:\/\/manosgroup.co.il\/fr\/wp-json\/wp\/v2\/pages\/15390\/"}],"collection":[{"href":"https:\/\/manosgroup.co.il\/fr\/wp-json\/wp\/v2\/pages\/"}],"about":[{"href":"https:\/\/manosgroup.co.il\/fr\/wp-json\/wp\/v2\/types\/page\/"}],"author":[{"embeddable":true,"href":"https:\/\/manosgroup.co.il\/fr\/wp-json\/wp\/v2\/users\/8\/"}],"replies":[{"embeddable":true,"href":"https:\/\/manosgroup.co.il\/fr\/wp-json\/wp\/v2\/comments\/?post=15390"}],"version-history":[{"count":8,"href":"https:\/\/manosgroup.co.il\/fr\/wp-json\/wp\/v2\/pages\/15390\/revisions\/"}],"predecessor-version":[{"id":22613,"href":"https:\/\/manosgroup.co.il\/fr\/wp-json\/wp\/v2\/pages\/15390\/revisions\/22613\/"}],"up":[{"embeddable":true,"href":"https:\/\/manosgroup.co.il\/fr\/wp-json\/wp\/v2\/pages\/13712\/"}],"wp:attachment":[{"href":"https:\/\/manosgroup.co.il\/fr\/wp-json\/wp\/v2\/media\/?parent=15390"}],"curies":[{"name":"wp","href":"https:\/\/api.w.org\/{rel}","templated":true}]}}