{"id":15379,"date":"2015-12-07T09:59:29","date_gmt":"2015-12-07T07:59:29","guid":{"rendered":"http:\/\/manosgroup.webmanager.org.il\/fr\/?page_id=15379"},"modified":"2015-12-07T11:32:30","modified_gmt":"2015-12-07T09:32:30","slug":"perception-de-la-palette-dactivites-de-limmobilier","status":"publish","type":"page","link":"https:\/\/manosgroup.co.il\/fr\/qui-sommes-nous\/perception-de-la-palette-dactivites-de-limmobilier\/","title":{"rendered":"Perception de la palette d&rsquo;activit\u00e9s de l&rsquo;immobilier"},"content":{"rendered":"<div class=\"fusion-title title\"><div class=\"title-sep-container\"><div class=\"title-sep sep-none\"><\/div><\/div><h1 class=\"title-heading-right\">Perception de la palette d&rsquo;activit\u00e9s de l&rsquo;immobilier<\/h1><\/div><div class=\"fusion-title title\"><div class=\"title-sep-container\"><div class=\"title-sep sep-none\"><\/div><\/div><h2 class=\"title-heading-right\">Le portrait d&rsquo;une gestion innovante de l&rsquo;immobilier<\/h2><\/div><p>Par: Moshe Shemesh<\/p>\n<p>Une palette d&rsquo;activit\u00e9s associ\u00e9e \u00e0 une cr\u00e9ativit\u00e9, une vision futuriste, de l&rsquo;exp\u00e9rience et du professionnalisme.<\/p>\n<div class=\"fusion-title title\"><div class=\"title-sep-container\"><div class=\"title-sep sep-none\"><\/div><\/div><h3 class=\"title-heading-right\">Les principaux fondements qui constituent la palette d&rsquo;activit\u00e9 de l&rsquo;immobilier<\/h3><\/div><p>Le monde de l&rsquo;immobilier se dirige vers une gestion plus moderne. Sur une centaine de soci\u00e9t\u00e9s en Isra\u00ebl, le groupe Manos est parmi les seules \u00e0 pr\u00e9senter l&rsquo;id\u00e9e de \u00ab\u00a0palette d&rsquo;activit\u00e9s\u00a0\u00bb.<\/p>\n<p>La base: la sp\u00e9cialisation dans une gamme d&rsquo;activit\u00e9s sp\u00e9cifiques qui comprend le renforcement des structures en vertu du programme Tama 38, l&rsquo;\u00e9vacuation et la reconstruction, la gestion des proc\u00e9dures pour le renouvellement urbain, la gestion et l&rsquo;organisation des groupes d&rsquo;acquisition, la gestion des phases de r\u00e9alisation depuis la conception architecturale et jusqu&rsquo;\u00e0 l&rsquo;ex\u00e9cution.<\/p>\n<div class=\"fusion-title title\"><div class=\"title-sep-container\"><div class=\"title-sep sep-none\"><\/div><\/div><h3 class=\"title-heading-right\">L&rsquo;importance des ressources humaines dans une soci\u00e9t\u00e9 innovatrice<\/h3><\/div><p>Le facteur des ressources humaines va cr\u00e9er la diff\u00e9rence entre telle ou telle soci\u00e9t\u00e9. Une \u00e9quipe qui va toujours plus loin, qui propose de nouvelles tendances et orientations dans la gestion immobili\u00e8re, des dirigeants et des employ\u00e9s qui osent le changement, une force cr\u00e9ative, qui plannifie et ex\u00e9cute.<\/p>\n<div class=\"fusion-title title\"><div class=\"title-sep-container\"><div class=\"title-sep sep-none\"><\/div><\/div><h3 class=\"title-heading-right\">Qui fait partie de l&rsquo;\u00e9quipe?<\/h3><\/div><p>Des concepteurs, des architectes, des ing\u00e9nieurs, des gestionnaires logistiques, des professionnels de la finance, des directeurs marketing et des repr\u00e9sentants commerciaux qui coop\u00e8rent et travaillent en harmonie.<\/p>\n<div class=\"fusion-title title\"><div class=\"title-sep-container\"><div class=\"title-sep sep-none\"><\/div><\/div><h3 class=\"title-heading-right\">Le renouvellement urbain en lui-m\u00eame est une innovation immobili\u00e8re<\/h3><\/div><p>Le renouvellement urbain \u2013 de par son activit\u00e9, la r\u00e9novation urbaine est un cr\u00e9neau innovant. Une soci\u00e9t\u00e9 moderne g\u00e8re des unit\u00e9s professionnelles constitu\u00e9es de concepteurs, d&rsquo;administrateurs, d&rsquo;op\u00e9rateurs, d&rsquo;architectes, d&rsquo;ing\u00e9nieurs, de constructeurs, d&rsquo;experts dans l&rsquo;am\u00e9nagement du territoire et des experts de la pr\u00e9vention des risques. Une telle soci\u00e9t\u00e9 ne rentre certainement pas dans le moule classique des soci\u00e9t\u00e9s de promoteurs et des entreprises de construction qui ach\u00e8tent les terrains, les commercialisent puis construisent.<\/p>\n<div class=\"fusion-title title\"><div class=\"title-sep-container\"><div class=\"title-sep sep-none\"><\/div><\/div><h3 class=\"title-heading-right\">Comment est constitu\u00e9e une soci\u00e9t\u00e9 immobili\u00e8re moderne? Comment est-elle structur\u00e9e? <\/h3><\/div><p><strong>Une unit\u00e9 de d\u00e9veloppement d&rsquo;un autre genre<\/strong><\/p>\n<p>Le poumon de la soci\u00e9t\u00e9 c&rsquo;est son \u00e9quipe de d\u00e9veloppement qui anticipe les man\u0153uvres et apporte des r\u00e9ponses aux besoins du march\u00e9. Cette unit\u00e9 emploie des architectes, des planificateurs strat\u00e9giques, des constructeurs, des experts et des conseillers dans l&rsquo;am\u00e9nagement du territoire et des ing\u00e9nieurs.<\/p>\n<p><strong>L&rsquo;unit\u00e9 juridique<\/strong><\/p>\n<p>Une \u00e9quipe juridique qui s&rsquo;occupe des besoins du r\u00e9sident \u00e0 tous points de vue et propose des solutions ad\u00e9quates.<\/p>\n<p><strong>L&rsquo;unit\u00e9 de relation client\u00e8le<\/strong><\/p>\n<p>L&rsquo;\u00e9quipe de relation client\u00e8le d\u00e9finie le r\u00e9sident comme \u00ab\u00a0le noyau important\u00a0\u00bb. L&rsquo;essentiel c&rsquo;est le r\u00e9sident. Cette unit\u00e9 lui procure des r\u00e9ponses pour la prosp\u00e9rit\u00e9 de la cellule familiale dans une communaut\u00e9 moderne et florissante.<\/p>\n<p><strong>L&rsquo;unit\u00e9 de direction, de supervision et d&rsquo;ex\u00e9cution<\/strong><\/p>\n<p>C&rsquo;est l&rsquo;\u00e9quipe responsable de la mise en place des projets et elle coordonne les entrepreneurs et les sous-traitants.<\/p>\n<div class=\"fusion-title title\"><div class=\"title-sep-container\"><div class=\"title-sep sep-none\"><\/div><\/div><h3 class=\"title-heading-right\">Le saviez-vous?<\/h3><\/div><p>Le groupe Manos est un groupe immobilier adepte de cette approche innovante.<\/p>\n\n","protected":false},"excerpt":{"rendered":"","protected":false},"author":8,"featured_media":0,"parent":13636,"menu_order":80,"comment_status":"open","ping_status":"open","template":"side-navigation.php","meta":{"_links_to":"","_links_to_target":""},"acf":[],"yoast_head":"<!-- This site is optimized with the Yoast SEO plugin v20.10 - https:\/\/yoast.com\/wordpress\/plugins\/seo\/ -->\n<title>Perception de la palette d&#039;activit\u00e9s de l&#039;immobilier - Manos Group<\/title>\n<meta name=\"robots\" content=\"index, follow, max-snippet:-1, max-image-preview:large, max-video-preview:-1\" \/>\n<link rel=\"canonical\" href=\"https:\/\/manosgroup.co.il\/fr\/qui-sommes-nous\/perception-de-la-palette-dactivites-de-limmobilier\/\" \/>\n<meta property=\"og:locale\" content=\"fr_FR\" \/>\n<meta property=\"og:type\" content=\"article\" \/>\n<meta property=\"og:title\" content=\"Perception de la palette d&#039;activit\u00e9s de l&#039;immobilier - Manos Group\" \/>\n<meta property=\"og:url\" content=\"https:\/\/manosgroup.co.il\/fr\/qui-sommes-nous\/perception-de-la-palette-dactivites-de-limmobilier\/\" \/>\n<meta property=\"og:site_name\" content=\"Manos Group\" \/>\n<meta property=\"article:publisher\" content=\"https:\/\/www.facebook.com\/manos38\/\" \/>\n<meta property=\"article:modified_time\" content=\"2015-12-07T09:32:30+00:00\" \/>\n<meta property=\"og:image\" content=\"https:\/\/manosgroup.co.il\/wp-content\/uploads\/2015\/06\/23622302_567012973642726_188683304429898474_n.png\" \/>\n\t<meta property=\"og:image:width\" content=\"200\" \/>\n\t<meta property=\"og:image:height\" content=\"200\" \/>\n\t<meta property=\"og:image:type\" content=\"image\/png\" \/>\n<meta name=\"twitter:card\" content=\"summary_large_image\" \/>\n<meta name=\"twitter:label1\" content=\"Dur\u00e9e de lecture estim\u00e9e\" \/>\n\t<meta name=\"twitter:data1\" content=\"3 minutes\" \/>\n<script type=\"application\/ld+json\" class=\"yoast-schema-graph\">{\"@context\":\"https:\/\/schema.org\",\"@graph\":[{\"@type\":\"WebPage\",\"@id\":\"https:\/\/manosgroup.co.il\/fr\/qui-sommes-nous\/perception-de-la-palette-dactivites-de-limmobilier\/\",\"url\":\"https:\/\/manosgroup.co.il\/fr\/qui-sommes-nous\/perception-de-la-palette-dactivites-de-limmobilier\/\",\"name\":\"Perception de la palette d'activit\u00e9s de l'immobilier - Manos Group\",\"isPartOf\":{\"@id\":\"https:\/\/manosgroup.co.il\/#website\"},\"datePublished\":\"2015-12-07T07:59:29+00:00\",\"dateModified\":\"2015-12-07T09:32:30+00:00\",\"breadcrumb\":{\"@id\":\"https:\/\/manosgroup.co.il\/fr\/qui-sommes-nous\/perception-de-la-palette-dactivites-de-limmobilier\/#breadcrumb\"},\"inLanguage\":\"fr-FR\",\"potentialAction\":[{\"@type\":\"ReadAction\",\"target\":[\"https:\/\/manosgroup.co.il\/fr\/qui-sommes-nous\/perception-de-la-palette-dactivites-de-limmobilier\/\"]}]},{\"@type\":\"BreadcrumbList\",\"@id\":\"https:\/\/manosgroup.co.il\/fr\/qui-sommes-nous\/perception-de-la-palette-dactivites-de-limmobilier\/#breadcrumb\",\"itemListElement\":[{\"@type\":\"ListItem\",\"position\":1,\"name\":\"\u05d3\u05e3 \u05d4\u05d1\u05d9\u05ea\",\"item\":\"https:\/\/manosgroup.co.il\/fr\/\"},{\"@type\":\"ListItem\",\"position\":2,\"name\":\"Qui sommes nous?\",\"item\":\"https:\/\/manosgroup.co.il\/fr\/qui-sommes-nous\/\"},{\"@type\":\"ListItem\",\"position\":3,\"name\":\"Perception de la palette d&rsquo;activit\u00e9s de l&rsquo;immobilier\"}]},{\"@type\":\"WebSite\",\"@id\":\"https:\/\/manosgroup.co.il\/#website\",\"url\":\"https:\/\/manosgroup.co.il\/\",\"name\":\"Manos Group\",\"description\":\"TAMA 38, Pinui Binui, Groupes d\u2019acquisition, Commercialisation d\u2019appartements\",\"potentialAction\":[{\"@type\":\"SearchAction\",\"target\":{\"@type\":\"EntryPoint\",\"urlTemplate\":\"https:\/\/manosgroup.co.il\/?s={search_term_string}\"},\"query-input\":\"required name=search_term_string\"}],\"inLanguage\":\"fr-FR\"}]}<\/script>\n<!-- \/ Yoast SEO plugin. -->","yoast_head_json":{"title":"Perception de la palette d'activit\u00e9s de l'immobilier - Manos Group","robots":{"index":"index","follow":"follow","max-snippet":"max-snippet:-1","max-image-preview":"max-image-preview:large","max-video-preview":"max-video-preview:-1"},"canonical":"https:\/\/manosgroup.co.il\/fr\/qui-sommes-nous\/perception-de-la-palette-dactivites-de-limmobilier\/","og_locale":"fr_FR","og_type":"article","og_title":"Perception de la palette d'activit\u00e9s de l'immobilier - Manos Group","og_url":"https:\/\/manosgroup.co.il\/fr\/qui-sommes-nous\/perception-de-la-palette-dactivites-de-limmobilier\/","og_site_name":"Manos Group","article_publisher":"https:\/\/www.facebook.com\/manos38\/","article_modified_time":"2015-12-07T09:32:30+00:00","og_image":[{"width":200,"height":200,"url":"https:\/\/manosgroup.co.il\/wp-content\/uploads\/2015\/06\/23622302_567012973642726_188683304429898474_n.png","type":"image\/png"}],"twitter_card":"summary_large_image","twitter_misc":{"Dur\u00e9e de lecture estim\u00e9e":"3 minutes"},"schema":{"@context":"https:\/\/schema.org","@graph":[{"@type":"WebPage","@id":"https:\/\/manosgroup.co.il\/fr\/qui-sommes-nous\/perception-de-la-palette-dactivites-de-limmobilier\/","url":"https:\/\/manosgroup.co.il\/fr\/qui-sommes-nous\/perception-de-la-palette-dactivites-de-limmobilier\/","name":"Perception de la palette d'activit\u00e9s de l'immobilier - Manos Group","isPartOf":{"@id":"https:\/\/manosgroup.co.il\/#website"},"datePublished":"2015-12-07T07:59:29+00:00","dateModified":"2015-12-07T09:32:30+00:00","breadcrumb":{"@id":"https:\/\/manosgroup.co.il\/fr\/qui-sommes-nous\/perception-de-la-palette-dactivites-de-limmobilier\/#breadcrumb"},"inLanguage":"fr-FR","potentialAction":[{"@type":"ReadAction","target":["https:\/\/manosgroup.co.il\/fr\/qui-sommes-nous\/perception-de-la-palette-dactivites-de-limmobilier\/"]}]},{"@type":"BreadcrumbList","@id":"https:\/\/manosgroup.co.il\/fr\/qui-sommes-nous\/perception-de-la-palette-dactivites-de-limmobilier\/#breadcrumb","itemListElement":[{"@type":"ListItem","position":1,"name":"\u05d3\u05e3 \u05d4\u05d1\u05d9\u05ea","item":"https:\/\/manosgroup.co.il\/fr\/"},{"@type":"ListItem","position":2,"name":"Qui sommes nous?","item":"https:\/\/manosgroup.co.il\/fr\/qui-sommes-nous\/"},{"@type":"ListItem","position":3,"name":"Perception de la palette d&rsquo;activit\u00e9s de l&rsquo;immobilier"}]},{"@type":"WebSite","@id":"https:\/\/manosgroup.co.il\/#website","url":"https:\/\/manosgroup.co.il\/","name":"Manos Group","description":"TAMA 38, Pinui Binui, Groupes d\u2019acquisition, Commercialisation d\u2019appartements","potentialAction":[{"@type":"SearchAction","target":{"@type":"EntryPoint","urlTemplate":"https:\/\/manosgroup.co.il\/?s={search_term_string}"},"query-input":"required name=search_term_string"}],"inLanguage":"fr-FR"}]}},"_links":{"self":[{"href":"https:\/\/manosgroup.co.il\/fr\/wp-json\/wp\/v2\/pages\/15379\/"}],"collection":[{"href":"https:\/\/manosgroup.co.il\/fr\/wp-json\/wp\/v2\/pages\/"}],"about":[{"href":"https:\/\/manosgroup.co.il\/fr\/wp-json\/wp\/v2\/types\/page\/"}],"author":[{"embeddable":true,"href":"https:\/\/manosgroup.co.il\/fr\/wp-json\/wp\/v2\/users\/8\/"}],"replies":[{"embeddable":true,"href":"https:\/\/manosgroup.co.il\/fr\/wp-json\/wp\/v2\/comments\/?post=15379"}],"version-history":[{"count":1,"href":"https:\/\/manosgroup.co.il\/fr\/wp-json\/wp\/v2\/pages\/15379\/revisions\/"}],"predecessor-version":[{"id":15380,"href":"https:\/\/manosgroup.co.il\/fr\/wp-json\/wp\/v2\/pages\/15379\/revisions\/15380\/"}],"up":[{"embeddable":true,"href":"https:\/\/manosgroup.co.il\/fr\/wp-json\/wp\/v2\/pages\/13636\/"}],"wp:attachment":[{"href":"https:\/\/manosgroup.co.il\/fr\/wp-json\/wp\/v2\/media\/?parent=15379"}],"curies":[{"name":"wp","href":"https:\/\/api.w.org\/{rel}","templated":true}]}}