{"id":15373,"date":"2015-12-06T22:03:25","date_gmt":"2015-12-06T20:03:25","guid":{"rendered":"http:\/\/manosgroup.webmanager.org.il\/fr\/?page_id=15373"},"modified":"2018-01-14T15:08:40","modified_gmt":"2018-01-14T13:08:40","slug":"parce-que-cette-maison-est-a-moi","status":"publish","type":"page","link":"https:\/\/manosgroup.co.il\/fr\/qui-sommes-nous\/parce-que-cette-maison-est-a-moi\/","title":{"rendered":"Parce que cette maison est \u00e0 moi"},"content":{"rendered":"<div class=\"fusion-title title\"><h1 class=\"title-heading-left\">Parce que cette maison est \u00e0 moi<\/h1><div class=\"title-sep-container\"><div class=\"title-sep sep-none\"><\/div><\/div><\/div><p>Le centre des op\u00e9rations immobili\u00e8res du groupe Manos tourne autour de quatre principes fondamentaux:<\/p>\n<ul>\n<li>Tama 38 \u2013 am\u00e9lioration et consolidation des immeubles.<\/li>\n<li>Evacuation et reconstruction \u2013 gestion des processus de renouvellement urbain.<\/li>\n<li>Les groupes d&rsquo;acquisition \u2013 gestion et organisation.<\/li>\n<li>Commercialisation des appartements.<\/li>\n<\/ul>\n<p>Le groupe Manos change les r\u00e8gles du jeu du march\u00e9 de l&rsquo;immobilier en Isra\u00ebl par sa vision hors du commun. Une activit\u00e9 professionnelle innovante et non traditionnelle de l&rsquo;immobilier qui prend en compte les besoins de l&rsquo;habitant sur le long terme.<\/p>\n<p>Influencer, inspirer, renouveler et oser, telle est notre ligne de conduite.<\/p>\n<p>La base de notre activit\u00e9 est l&rsquo;installation du r\u00e9sident au sein de sa communaut\u00e9 dans le respect de ses diff\u00e9rentes priorit\u00e9s et de ses besoins, depuis la phase de conception, tout au long de la r\u00e9alisation et jusqu&rsquo;\u00e0 la remise des clefs, pour la prosp\u00e9rit\u00e9 du foyer familial dans une communaut\u00e9 dynamique, r\u00e9confortante et florissante.<\/p>\n<p>Le groupe Manos met des \u00e9quipes de professionnels hautement exp\u00e9riment\u00e9s au service des r\u00e9sidents: des architectes, des ing\u00e9nieurs, des experts, des avocats, des conseillers financiers, qui mettent tout en \u0153uvre pour satisfaire pleinement le r\u00e9sident qu&rsquo;il s&rsquo;agisse de\u00a0 son bien ou de son argent.<\/p>\n<div class=\"fusion-one-full fusion-layout-column fusion-column-last fusion-spacing-yes\" style=\"margin-top:0px;margin-bottom:20px;\"><div class=\"fusion-column-wrapper\"><p><img decoding=\"async\" loading=\"lazy\" class=\"size-full wp-image-14578\" src=\"https:\/\/manosgroup.co.il\/wp-content\/uploads\/2015\/06\/\u05e7\u05d1\u05d5\u05e6\u05ea-\u05e8\u05db\u05d9\u05e9\u05d4-\u05d1\u05d9\u05e8\u05d5\u05e9\u05dc\u05d9\u05dd-\u05e8\u05de\u05d5\u05ea-\u05d4\u05d9\u05e8\u05d5\u05e7\u05d4-31.jpg\" alt=\"Groupe d\u2019acquisition \u00e0 J\u00e9rusalem | ramot vert\" width=\"1290\" height=\"876\" srcset=\"https:\/\/manosgroup.co.il\/wp-content\/uploads\/2015\/06\/\u05e7\u05d1\u05d5\u05e6\u05ea-\u05e8\u05db\u05d9\u05e9\u05d4-\u05d1\u05d9\u05e8\u05d5\u05e9\u05dc\u05d9\u05dd-\u05e8\u05de\u05d5\u05ea-\u05d4\u05d9\u05e8\u05d5\u05e7\u05d4-31.jpg 1290w, https:\/\/manosgroup.co.il\/wp-content\/uploads\/2015\/06\/\u05e7\u05d1\u05d5\u05e6\u05ea-\u05e8\u05db\u05d9\u05e9\u05d4-\u05d1\u05d9\u05e8\u05d5\u05e9\u05dc\u05d9\u05dd-\u05e8\u05de\u05d5\u05ea-\u05d4\u05d9\u05e8\u05d5\u05e7\u05d4-31-300x204.jpg 300w, https:\/\/manosgroup.co.il\/wp-content\/uploads\/2015\/06\/\u05e7\u05d1\u05d5\u05e6\u05ea-\u05e8\u05db\u05d9\u05e9\u05d4-\u05d1\u05d9\u05e8\u05d5\u05e9\u05dc\u05d9\u05dd-\u05e8\u05de\u05d5\u05ea-\u05d4\u05d9\u05e8\u05d5\u05e7\u05d4-31-1024x695.jpg 1024w\" sizes=\"(max-width: 1290px) 100vw, 1290px\" \/><\/p>\n<\/div><\/div><div class=\"fusion-clearfix\"><\/div>\n","protected":false},"excerpt":{"rendered":"","protected":false},"author":8,"featured_media":0,"parent":13636,"menu_order":50,"comment_status":"open","ping_status":"closed","template":"side-navigation.php","meta":{"_links_to":"","_links_to_target":""},"acf":[],"yoast_head":"<!-- This site is optimized with the Yoast SEO plugin v20.10 - https:\/\/yoast.com\/wordpress\/plugins\/seo\/ -->\n<title>Parce que cette maison est \u00e0 moi - Manos Group<\/title>\n<meta name=\"robots\" content=\"index, follow, max-snippet:-1, max-image-preview:large, max-video-preview:-1\" \/>\n<link rel=\"canonical\" href=\"https:\/\/manosgroup.co.il\/fr\/qui-sommes-nous\/parce-que-cette-maison-est-a-moi\/\" \/>\n<meta property=\"og:locale\" content=\"fr_FR\" \/>\n<meta property=\"og:type\" content=\"article\" \/>\n<meta property=\"og:title\" content=\"Parce que cette maison est \u00e0 moi - Manos Group\" \/>\n<meta property=\"og:url\" content=\"https:\/\/manosgroup.co.il\/fr\/qui-sommes-nous\/parce-que-cette-maison-est-a-moi\/\" \/>\n<meta property=\"og:site_name\" content=\"Manos Group\" \/>\n<meta property=\"article:publisher\" content=\"https:\/\/www.facebook.com\/manos38\/\" \/>\n<meta property=\"article:modified_time\" content=\"2018-01-14T13:08:40+00:00\" \/>\n<meta property=\"og:image\" content=\"https:\/\/manosgroup.co.il\/wp-content\/uploads\/2015\/06\/\u05e7\u05d1\u05d5\u05e6\u05ea-\u05e8\u05db\u05d9\u05e9\u05d4-\u05d1\u05d9\u05e8\u05d5\u05e9\u05dc\u05d9\u05dd-\u05e8\u05de\u05d5\u05ea-\u05d4\u05d9\u05e8\u05d5\u05e7\u05d4-31.jpg\" \/>\n<meta name=\"twitter:card\" content=\"summary_large_image\" \/>\n<meta name=\"twitter:label1\" content=\"Dur\u00e9e de lecture estim\u00e9e\" \/>\n\t<meta name=\"twitter:data1\" content=\"1 minute\" \/>\n<script type=\"application\/ld+json\" class=\"yoast-schema-graph\">{\"@context\":\"https:\/\/schema.org\",\"@graph\":[{\"@type\":\"WebPage\",\"@id\":\"https:\/\/manosgroup.co.il\/fr\/qui-sommes-nous\/parce-que-cette-maison-est-a-moi\/\",\"url\":\"https:\/\/manosgroup.co.il\/fr\/qui-sommes-nous\/parce-que-cette-maison-est-a-moi\/\",\"name\":\"Parce que cette maison est \u00e0 moi - Manos Group\",\"isPartOf\":{\"@id\":\"https:\/\/manosgroup.co.il\/#website\"},\"datePublished\":\"2015-12-06T20:03:25+00:00\",\"dateModified\":\"2018-01-14T13:08:40+00:00\",\"breadcrumb\":{\"@id\":\"https:\/\/manosgroup.co.il\/fr\/qui-sommes-nous\/parce-que-cette-maison-est-a-moi\/#breadcrumb\"},\"inLanguage\":\"fr-FR\",\"potentialAction\":[{\"@type\":\"ReadAction\",\"target\":[\"https:\/\/manosgroup.co.il\/fr\/qui-sommes-nous\/parce-que-cette-maison-est-a-moi\/\"]}]},{\"@type\":\"BreadcrumbList\",\"@id\":\"https:\/\/manosgroup.co.il\/fr\/qui-sommes-nous\/parce-que-cette-maison-est-a-moi\/#breadcrumb\",\"itemListElement\":[{\"@type\":\"ListItem\",\"position\":1,\"name\":\"\u05d3\u05e3 \u05d4\u05d1\u05d9\u05ea\",\"item\":\"https:\/\/manosgroup.co.il\/fr\/\"},{\"@type\":\"ListItem\",\"position\":2,\"name\":\"Qui sommes nous?\",\"item\":\"https:\/\/manosgroup.co.il\/fr\/qui-sommes-nous\/\"},{\"@type\":\"ListItem\",\"position\":3,\"name\":\"Parce que cette maison est \u00e0 moi\"}]},{\"@type\":\"WebSite\",\"@id\":\"https:\/\/manosgroup.co.il\/#website\",\"url\":\"https:\/\/manosgroup.co.il\/\",\"name\":\"Manos Group\",\"description\":\"TAMA 38, Pinui Binui, Groupes d\u2019acquisition, Commercialisation d\u2019appartements\",\"potentialAction\":[{\"@type\":\"SearchAction\",\"target\":{\"@type\":\"EntryPoint\",\"urlTemplate\":\"https:\/\/manosgroup.co.il\/?s={search_term_string}\"},\"query-input\":\"required name=search_term_string\"}],\"inLanguage\":\"fr-FR\"}]}<\/script>\n<!-- \/ Yoast SEO plugin. -->","yoast_head_json":{"title":"Parce que cette maison est \u00e0 moi - Manos Group","robots":{"index":"index","follow":"follow","max-snippet":"max-snippet:-1","max-image-preview":"max-image-preview:large","max-video-preview":"max-video-preview:-1"},"canonical":"https:\/\/manosgroup.co.il\/fr\/qui-sommes-nous\/parce-que-cette-maison-est-a-moi\/","og_locale":"fr_FR","og_type":"article","og_title":"Parce que cette maison est \u00e0 moi - Manos Group","og_url":"https:\/\/manosgroup.co.il\/fr\/qui-sommes-nous\/parce-que-cette-maison-est-a-moi\/","og_site_name":"Manos Group","article_publisher":"https:\/\/www.facebook.com\/manos38\/","article_modified_time":"2018-01-14T13:08:40+00:00","og_image":[{"url":"https:\/\/manosgroup.co.il\/wp-content\/uploads\/2015\/06\/\u05e7\u05d1\u05d5\u05e6\u05ea-\u05e8\u05db\u05d9\u05e9\u05d4-\u05d1\u05d9\u05e8\u05d5\u05e9\u05dc\u05d9\u05dd-\u05e8\u05de\u05d5\u05ea-\u05d4\u05d9\u05e8\u05d5\u05e7\u05d4-31.jpg"}],"twitter_card":"summary_large_image","twitter_misc":{"Dur\u00e9e de lecture estim\u00e9e":"1 minute"},"schema":{"@context":"https:\/\/schema.org","@graph":[{"@type":"WebPage","@id":"https:\/\/manosgroup.co.il\/fr\/qui-sommes-nous\/parce-que-cette-maison-est-a-moi\/","url":"https:\/\/manosgroup.co.il\/fr\/qui-sommes-nous\/parce-que-cette-maison-est-a-moi\/","name":"Parce que cette maison est \u00e0 moi - Manos Group","isPartOf":{"@id":"https:\/\/manosgroup.co.il\/#website"},"datePublished":"2015-12-06T20:03:25+00:00","dateModified":"2018-01-14T13:08:40+00:00","breadcrumb":{"@id":"https:\/\/manosgroup.co.il\/fr\/qui-sommes-nous\/parce-que-cette-maison-est-a-moi\/#breadcrumb"},"inLanguage":"fr-FR","potentialAction":[{"@type":"ReadAction","target":["https:\/\/manosgroup.co.il\/fr\/qui-sommes-nous\/parce-que-cette-maison-est-a-moi\/"]}]},{"@type":"BreadcrumbList","@id":"https:\/\/manosgroup.co.il\/fr\/qui-sommes-nous\/parce-que-cette-maison-est-a-moi\/#breadcrumb","itemListElement":[{"@type":"ListItem","position":1,"name":"\u05d3\u05e3 \u05d4\u05d1\u05d9\u05ea","item":"https:\/\/manosgroup.co.il\/fr\/"},{"@type":"ListItem","position":2,"name":"Qui sommes nous?","item":"https:\/\/manosgroup.co.il\/fr\/qui-sommes-nous\/"},{"@type":"ListItem","position":3,"name":"Parce que cette maison est \u00e0 moi"}]},{"@type":"WebSite","@id":"https:\/\/manosgroup.co.il\/#website","url":"https:\/\/manosgroup.co.il\/","name":"Manos Group","description":"TAMA 38, Pinui Binui, Groupes d\u2019acquisition, Commercialisation d\u2019appartements","potentialAction":[{"@type":"SearchAction","target":{"@type":"EntryPoint","urlTemplate":"https:\/\/manosgroup.co.il\/?s={search_term_string}"},"query-input":"required name=search_term_string"}],"inLanguage":"fr-FR"}]}},"_links":{"self":[{"href":"https:\/\/manosgroup.co.il\/fr\/wp-json\/wp\/v2\/pages\/15373\/"}],"collection":[{"href":"https:\/\/manosgroup.co.il\/fr\/wp-json\/wp\/v2\/pages\/"}],"about":[{"href":"https:\/\/manosgroup.co.il\/fr\/wp-json\/wp\/v2\/types\/page\/"}],"author":[{"embeddable":true,"href":"https:\/\/manosgroup.co.il\/fr\/wp-json\/wp\/v2\/users\/8\/"}],"replies":[{"embeddable":true,"href":"https:\/\/manosgroup.co.il\/fr\/wp-json\/wp\/v2\/comments\/?post=15373"}],"version-history":[{"count":4,"href":"https:\/\/manosgroup.co.il\/fr\/wp-json\/wp\/v2\/pages\/15373\/revisions\/"}],"predecessor-version":[{"id":19438,"href":"https:\/\/manosgroup.co.il\/fr\/wp-json\/wp\/v2\/pages\/15373\/revisions\/19438\/"}],"up":[{"embeddable":true,"href":"https:\/\/manosgroup.co.il\/fr\/wp-json\/wp\/v2\/pages\/13636\/"}],"wp:attachment":[{"href":"https:\/\/manosgroup.co.il\/fr\/wp-json\/wp\/v2\/media\/?parent=15373"}],"curies":[{"name":"wp","href":"https:\/\/api.w.org\/{rel}","templated":true}]}}