{"id":15368,"date":"2015-12-06T21:54:54","date_gmt":"2015-12-06T19:54:54","guid":{"rendered":"http:\/\/manosgroup.webmanager.org.il\/fr\/?page_id=15368"},"modified":"2020-06-16T14:36:29","modified_gmt":"2020-06-16T11:36:29","slug":"les-groupes-dacquisition-dans-les-medias","status":"publish","type":"page","link":"https:\/\/manosgroup.co.il\/fr\/groupes-dacquisitions\/les-groupes-dacquisition-dans-les-medias\/","title":{"rendered":"Projets dans les m\u00e9dias"},"content":{"rendered":"<div class=\"fusion-fullwidth fullwidth-box fusion-parallax-none\" style=\"border-color:#eae9e9;border-bottom-width: 0px;border-top-width: 0px;border-bottom-style: solid;border-top-style: solid;padding-bottom:20px;padding-left:0px;padding-right:0px;padding-top:20px;background-position:left top;background-repeat:no-repeat;-webkit-background-size:cover;-moz-background-size:cover;-o-background-size:cover;background-size:cover;\"><div class=\"fusion-row\"><div class=\"fusion-title title\"><div class=\"title-sep-container\"><div class=\"title-sep sep-none\"><\/div><\/div><h2 class=\"title-heading-right\">Titres s\u00e9lectionn\u00e9s<\/h2><\/div><p>1. <a href=\"https:\/\/www.themarker.com\/realestate\/1.2293414\" target=\"_blank\" rel=\"noopener noreferrer\">\u00ab\u00a0Je poss\u00e8de un appartement bien moins cher que celui de l&rsquo;entrepreneur, m\u00eame en y rajoutant le calcul d&rsquo;exemption de TVA\u00a0\u00bb.<\/a><\/p>\n<p>10\/4\/14, The Marker Immobilier<\/p>\n<p>2. <a href=\"https:\/\/www.calcalist.co.il\/real_estate\/articles\/0,7340,L-3623868,00.html\" target=\"_blank\" rel=\"noopener noreferrer\">Renforcer et construire<\/a><\/p>\n<p>12\/02\/2014, Kalkalist<\/p>\n<p>3. <a href=\"https:\/\/www.ynet.co.il\/articles\/0,7340,L-4457321,00.html\" target=\"_blank\" rel=\"noopener noreferrer\">Le danger face \u00e0 l&rsquo;\u00e9conomie: rejoindre un groupe d&rsquo;acquisition?<\/a><\/p>\n<p>25\/11\/2013, Ynet Immobilier<\/p>\n<p>4. <a href=\"https:\/\/www.calcalist.co.il\/real_estate\/articles\/0,7340,L-3610676,00.html\" target=\"_blank\" rel=\"noopener noreferrer\">\u00ab\u00a0les prix des appartements vont baisser de 5% d&rsquo;ici fin 2014\u00a0\u00bb<\/a><\/p>\n<p>22\/08\/2013, Kalkalist<\/p>\n<p>5. <a href=\"https:\/\/www.themarker.com\/opinion\/1.1924337\" target=\"_blank\" rel=\"noopener noreferrer\">Ceux qui ach\u00e8tent des appartements prennent leur destin entre leurs mains.<\/a><\/p>\n<p>07\/02\/2013<\/p>\n<p>6. <a href=\"https:\/\/www.calcalist.co.il\/real_estate\/articles\/0,7340,L-3508510,00.html\" target=\"_blank\" rel=\"noopener noreferrer\">\u00ab\u00a0L&rsquo;\u00e9tat doit encourager les groupes d&rsquo;acquisition qui sont la clef pour la baisse des prix du logement\u00a0\u00bb.<\/a><\/p>\n<p>16\/02\/2011, Kalkalist<\/p>\n<p>7. <a href=\"https:\/\/www.ynet.co.il\/articles\/0,7340,L-3912414,00.html\" target=\"_blank\" rel=\"noopener noreferrer\">Ici vit dans la joie un groupe d&rsquo;acquisition.<\/a><\/p>\n<p>09\/07\/2010, Ynet Immobilier<\/p>\n<p>8. <a href=\"https:\/\/www.ynet.co.il\/articles\/0,7340,L-3888077,00.html\" target=\"_blank\" rel=\"noopener noreferrer\">20% des nouveaux appartements \u2013 ont \u00e9t\u00e9 achet\u00e9s par des groupes d&rsquo;acquisition.<\/a><\/p>\n<p>11\/05\/2010, Ynet Economie<\/p>\n<\/div><\/div>\n","protected":false},"excerpt":{"rendered":"","protected":false},"author":8,"featured_media":0,"parent":13706,"menu_order":40,"comment_status":"open","ping_status":"closed","template":"side-navigation.php","meta":{"_links_to":"","_links_to_target":""},"acf":[],"yoast_head":"<!-- This site is optimized with the Yoast SEO plugin v20.10 - https:\/\/yoast.com\/wordpress\/plugins\/seo\/ -->\n<title>Projets dans les m\u00e9dias - Manos Group<\/title>\n<meta name=\"robots\" content=\"index, follow, max-snippet:-1, max-image-preview:large, max-video-preview:-1\" \/>\n<link rel=\"canonical\" href=\"https:\/\/manosgroup.co.il\/fr\/groupes-dacquisitions\/les-groupes-dacquisition-dans-les-medias\/\" \/>\n<meta property=\"og:locale\" content=\"fr_FR\" \/>\n<meta property=\"og:type\" content=\"article\" \/>\n<meta property=\"og:title\" content=\"Projets dans les m\u00e9dias - Manos Group\" \/>\n<meta property=\"og:url\" content=\"https:\/\/manosgroup.co.il\/fr\/groupes-dacquisitions\/les-groupes-dacquisition-dans-les-medias\/\" \/>\n<meta property=\"og:site_name\" content=\"Manos Group\" \/>\n<meta property=\"article:publisher\" content=\"https:\/\/www.facebook.com\/manos38\/\" \/>\n<meta property=\"article:modified_time\" content=\"2020-06-16T11:36:29+00:00\" \/>\n<meta property=\"og:image\" content=\"https:\/\/manosgroup.co.il\/wp-content\/uploads\/2015\/06\/23622302_567012973642726_188683304429898474_n.png\" \/>\n\t<meta property=\"og:image:width\" content=\"200\" \/>\n\t<meta property=\"og:image:height\" content=\"200\" \/>\n\t<meta property=\"og:image:type\" content=\"image\/png\" \/>\n<meta name=\"twitter:card\" content=\"summary_large_image\" \/>\n<meta name=\"twitter:label1\" content=\"Dur\u00e9e de lecture estim\u00e9e\" \/>\n\t<meta name=\"twitter:data1\" content=\"1 minute\" \/>\n<script type=\"application\/ld+json\" class=\"yoast-schema-graph\">{\"@context\":\"https:\/\/schema.org\",\"@graph\":[{\"@type\":\"WebPage\",\"@id\":\"https:\/\/manosgroup.co.il\/fr\/groupes-dacquisitions\/les-groupes-dacquisition-dans-les-medias\/\",\"url\":\"https:\/\/manosgroup.co.il\/fr\/groupes-dacquisitions\/les-groupes-dacquisition-dans-les-medias\/\",\"name\":\"Projets dans les m\u00e9dias - Manos Group\",\"isPartOf\":{\"@id\":\"https:\/\/manosgroup.co.il\/#website\"},\"datePublished\":\"2015-12-06T19:54:54+00:00\",\"dateModified\":\"2020-06-16T11:36:29+00:00\",\"breadcrumb\":{\"@id\":\"https:\/\/manosgroup.co.il\/fr\/groupes-dacquisitions\/les-groupes-dacquisition-dans-les-medias\/#breadcrumb\"},\"inLanguage\":\"fr-FR\",\"potentialAction\":[{\"@type\":\"ReadAction\",\"target\":[\"https:\/\/manosgroup.co.il\/fr\/groupes-dacquisitions\/les-groupes-dacquisition-dans-les-medias\/\"]}]},{\"@type\":\"BreadcrumbList\",\"@id\":\"https:\/\/manosgroup.co.il\/fr\/groupes-dacquisitions\/les-groupes-dacquisition-dans-les-medias\/#breadcrumb\",\"itemListElement\":[{\"@type\":\"ListItem\",\"position\":1,\"name\":\"\u05d3\u05e3 \u05d4\u05d1\u05d9\u05ea\",\"item\":\"https:\/\/manosgroup.co.il\/fr\/\"},{\"@type\":\"ListItem\",\"position\":2,\"name\":\"Projets\",\"item\":\"https:\/\/manosgroup.co.il\/fr\/groupes-dacquisitions\/\"},{\"@type\":\"ListItem\",\"position\":3,\"name\":\"Projets dans les m\u00e9dias\"}]},{\"@type\":\"WebSite\",\"@id\":\"https:\/\/manosgroup.co.il\/#website\",\"url\":\"https:\/\/manosgroup.co.il\/\",\"name\":\"Manos Group\",\"description\":\"TAMA 38, Pinui Binui, Groupes d\u2019acquisition, Commercialisation d\u2019appartements\",\"potentialAction\":[{\"@type\":\"SearchAction\",\"target\":{\"@type\":\"EntryPoint\",\"urlTemplate\":\"https:\/\/manosgroup.co.il\/?s={search_term_string}\"},\"query-input\":\"required name=search_term_string\"}],\"inLanguage\":\"fr-FR\"}]}<\/script>\n<!-- \/ Yoast SEO plugin. -->","yoast_head_json":{"title":"Projets dans les m\u00e9dias - Manos Group","robots":{"index":"index","follow":"follow","max-snippet":"max-snippet:-1","max-image-preview":"max-image-preview:large","max-video-preview":"max-video-preview:-1"},"canonical":"https:\/\/manosgroup.co.il\/fr\/groupes-dacquisitions\/les-groupes-dacquisition-dans-les-medias\/","og_locale":"fr_FR","og_type":"article","og_title":"Projets dans les m\u00e9dias - Manos Group","og_url":"https:\/\/manosgroup.co.il\/fr\/groupes-dacquisitions\/les-groupes-dacquisition-dans-les-medias\/","og_site_name":"Manos Group","article_publisher":"https:\/\/www.facebook.com\/manos38\/","article_modified_time":"2020-06-16T11:36:29+00:00","og_image":[{"width":200,"height":200,"url":"https:\/\/manosgroup.co.il\/wp-content\/uploads\/2015\/06\/23622302_567012973642726_188683304429898474_n.png","type":"image\/png"}],"twitter_card":"summary_large_image","twitter_misc":{"Dur\u00e9e de lecture estim\u00e9e":"1 minute"},"schema":{"@context":"https:\/\/schema.org","@graph":[{"@type":"WebPage","@id":"https:\/\/manosgroup.co.il\/fr\/groupes-dacquisitions\/les-groupes-dacquisition-dans-les-medias\/","url":"https:\/\/manosgroup.co.il\/fr\/groupes-dacquisitions\/les-groupes-dacquisition-dans-les-medias\/","name":"Projets dans les m\u00e9dias - Manos Group","isPartOf":{"@id":"https:\/\/manosgroup.co.il\/#website"},"datePublished":"2015-12-06T19:54:54+00:00","dateModified":"2020-06-16T11:36:29+00:00","breadcrumb":{"@id":"https:\/\/manosgroup.co.il\/fr\/groupes-dacquisitions\/les-groupes-dacquisition-dans-les-medias\/#breadcrumb"},"inLanguage":"fr-FR","potentialAction":[{"@type":"ReadAction","target":["https:\/\/manosgroup.co.il\/fr\/groupes-dacquisitions\/les-groupes-dacquisition-dans-les-medias\/"]}]},{"@type":"BreadcrumbList","@id":"https:\/\/manosgroup.co.il\/fr\/groupes-dacquisitions\/les-groupes-dacquisition-dans-les-medias\/#breadcrumb","itemListElement":[{"@type":"ListItem","position":1,"name":"\u05d3\u05e3 \u05d4\u05d1\u05d9\u05ea","item":"https:\/\/manosgroup.co.il\/fr\/"},{"@type":"ListItem","position":2,"name":"Projets","item":"https:\/\/manosgroup.co.il\/fr\/groupes-dacquisitions\/"},{"@type":"ListItem","position":3,"name":"Projets dans les m\u00e9dias"}]},{"@type":"WebSite","@id":"https:\/\/manosgroup.co.il\/#website","url":"https:\/\/manosgroup.co.il\/","name":"Manos Group","description":"TAMA 38, Pinui Binui, Groupes d\u2019acquisition, Commercialisation d\u2019appartements","potentialAction":[{"@type":"SearchAction","target":{"@type":"EntryPoint","urlTemplate":"https:\/\/manosgroup.co.il\/?s={search_term_string}"},"query-input":"required name=search_term_string"}],"inLanguage":"fr-FR"}]}},"_links":{"self":[{"href":"https:\/\/manosgroup.co.il\/fr\/wp-json\/wp\/v2\/pages\/15368\/"}],"collection":[{"href":"https:\/\/manosgroup.co.il\/fr\/wp-json\/wp\/v2\/pages\/"}],"about":[{"href":"https:\/\/manosgroup.co.il\/fr\/wp-json\/wp\/v2\/types\/page\/"}],"author":[{"embeddable":true,"href":"https:\/\/manosgroup.co.il\/fr\/wp-json\/wp\/v2\/users\/8\/"}],"replies":[{"embeddable":true,"href":"https:\/\/manosgroup.co.il\/fr\/wp-json\/wp\/v2\/comments\/?post=15368"}],"version-history":[{"count":9,"href":"https:\/\/manosgroup.co.il\/fr\/wp-json\/wp\/v2\/pages\/15368\/revisions\/"}],"predecessor-version":[{"id":23701,"href":"https:\/\/manosgroup.co.il\/fr\/wp-json\/wp\/v2\/pages\/15368\/revisions\/23701\/"}],"up":[{"embeddable":true,"href":"https:\/\/manosgroup.co.il\/fr\/wp-json\/wp\/v2\/pages\/13706\/"}],"wp:attachment":[{"href":"https:\/\/manosgroup.co.il\/fr\/wp-json\/wp\/v2\/media\/?parent=15368"}],"curies":[{"name":"wp","href":"https:\/\/api.w.org\/{rel}","templated":true}]}}