{"id":15353,"date":"2015-12-06T16:18:20","date_gmt":"2015-12-06T14:18:20","guid":{"rendered":"http:\/\/manosgroup.webmanager.org.il\/fr\/?page_id=15353"},"modified":"2019-01-03T17:27:50","modified_gmt":"2019-01-03T15:27:50","slug":"quelle-est-la-procedure-pour-les-autorisations-de-construction","status":"publish","type":"page","link":"https:\/\/manosgroup.co.il\/fr\/tama-38\/articles-selectionnes\/quelle-est-la-procedure-pour-les-autorisations-de-construction\/","title":{"rendered":"Quelle est la proc\u00e9dure pour les autorisations de construction?"},"content":{"rendered":"<div class=\"fusion-fullwidth fullwidth-box fusion-parallax-none\" style=\"border-color:#eae9e9;border-bottom-width: 0px;border-top-width: 0px;border-bottom-style: solid;border-top-style: solid;padding-bottom:20px;padding-left:0px;padding-right:0px;padding-top:20px;background-position:left top;background-repeat:no-repeat;-webkit-background-size:cover;-moz-background-size:cover;-o-background-size:cover;background-size:cover;\"><div class=\"fusion-row\"><div class=\"fusion-title title\"><h2 class=\"title-heading-left\">Quelle est la proc\u00e9dure pour les autorisations de construction?<\/h2><div class=\"title-sep-container\"><div class=\"title-sep sep-double\"><\/div><\/div><\/div><p><strong>Par: Moshe Shemesh<\/strong><\/p>\n<p>&nbsp;<\/p>\n<p>La proc\u00e9dure pour les autorisations de construction est un processus professionnel et complexe qui demande des comp\u00e9tences, de l&rsquo;exp\u00e9rience et un grand professionnalisme. Cela exige une connaissance des diff\u00e9rents acteurs certifi\u00e9s dans les instances locales et les commissions de plannification. Cette proc\u00e9dure constitue la partie strat\u00e9gique des projets Tama 38, des projets d&rsquo;ing\u00e9nierie importants dont les phases cruciales sont ex\u00e9cut\u00e9es par des architectes, des ing\u00e9nieurs et plusieurs conseillers professionnels.<\/p>\n<p>Elaboration d&rsquo;un dossier d&rsquo;\u00e9tude pr\u00e9sentant les diff\u00e9rentes donn\u00e9es de la structure.<\/p>\n<p>D\u00e9finition des caract\u00e9ristiques de conception et de r\u00e9alisation.<\/p>\n<p>Elaboration de la consolidation et de l&rsquo;am\u00e9lioration de l&rsquo;immeuble et rajout de 2 \u00e9tages<\/p>\n<p>Remise de la maquette aux r\u00e9sidents.<\/p>\n<p>Pr\u00e9paration des plans pour le permis de construire.<\/p>\n<p>Pr\u00e9sentation des plans de construction et accompagnement face \u00e0 la commission.<\/p>\n<p>Liste des exigences de la commission et accomplissement de ces exigences.<\/p>\n<\/div><\/div>\n","protected":false},"excerpt":{"rendered":"","protected":false},"author":8,"featured_media":0,"parent":15600,"menu_order":40,"comment_status":"open","ping_status":"closed","template":"side-navigation.php","meta":{"_links_to":"","_links_to_target":""},"acf":[],"yoast_head":"<!-- This site is optimized with the Yoast SEO plugin v20.10 - https:\/\/yoast.com\/wordpress\/plugins\/seo\/ -->\n<title>Quelle est la proc\u00e9dure pour les autorisations de construction? - Manos Group<\/title>\n<meta name=\"robots\" content=\"index, follow, max-snippet:-1, max-image-preview:large, max-video-preview:-1\" \/>\n<link rel=\"canonical\" href=\"https:\/\/manosgroup.co.il\/fr\/tama-38\/articles-selectionnes\/quelle-est-la-procedure-pour-les-autorisations-de-construction\/\" \/>\n<meta property=\"og:locale\" content=\"fr_FR\" \/>\n<meta property=\"og:type\" content=\"article\" \/>\n<meta property=\"og:title\" content=\"Quelle est la proc\u00e9dure pour les autorisations de construction? - Manos Group\" \/>\n<meta property=\"og:url\" content=\"https:\/\/manosgroup.co.il\/fr\/tama-38\/articles-selectionnes\/quelle-est-la-procedure-pour-les-autorisations-de-construction\/\" \/>\n<meta property=\"og:site_name\" content=\"Manos Group\" \/>\n<meta property=\"article:publisher\" content=\"https:\/\/www.facebook.com\/manos38\/\" \/>\n<meta property=\"article:modified_time\" content=\"2019-01-03T15:27:50+00:00\" \/>\n<meta property=\"og:image\" content=\"https:\/\/manosgroup.co.il\/wp-content\/uploads\/2015\/06\/23622302_567012973642726_188683304429898474_n.png\" \/>\n\t<meta property=\"og:image:width\" content=\"200\" \/>\n\t<meta property=\"og:image:height\" content=\"200\" \/>\n\t<meta property=\"og:image:type\" content=\"image\/png\" \/>\n<meta name=\"twitter:card\" content=\"summary_large_image\" \/>\n<meta name=\"twitter:label1\" content=\"Dur\u00e9e de lecture estim\u00e9e\" \/>\n\t<meta name=\"twitter:data1\" content=\"1 minute\" \/>\n<script type=\"application\/ld+json\" class=\"yoast-schema-graph\">{\"@context\":\"https:\/\/schema.org\",\"@graph\":[{\"@type\":\"WebPage\",\"@id\":\"https:\/\/manosgroup.co.il\/fr\/tama-38\/articles-selectionnes\/quelle-est-la-procedure-pour-les-autorisations-de-construction\/\",\"url\":\"https:\/\/manosgroup.co.il\/fr\/tama-38\/articles-selectionnes\/quelle-est-la-procedure-pour-les-autorisations-de-construction\/\",\"name\":\"Quelle est la proc\u00e9dure pour les autorisations de construction? - Manos Group\",\"isPartOf\":{\"@id\":\"https:\/\/manosgroup.co.il\/#website\"},\"datePublished\":\"2015-12-06T14:18:20+00:00\",\"dateModified\":\"2019-01-03T15:27:50+00:00\",\"breadcrumb\":{\"@id\":\"https:\/\/manosgroup.co.il\/fr\/tama-38\/articles-selectionnes\/quelle-est-la-procedure-pour-les-autorisations-de-construction\/#breadcrumb\"},\"inLanguage\":\"fr-FR\",\"potentialAction\":[{\"@type\":\"ReadAction\",\"target\":[\"https:\/\/manosgroup.co.il\/fr\/tama-38\/articles-selectionnes\/quelle-est-la-procedure-pour-les-autorisations-de-construction\/\"]}]},{\"@type\":\"BreadcrumbList\",\"@id\":\"https:\/\/manosgroup.co.il\/fr\/tama-38\/articles-selectionnes\/quelle-est-la-procedure-pour-les-autorisations-de-construction\/#breadcrumb\",\"itemListElement\":[{\"@type\":\"ListItem\",\"position\":1,\"name\":\"\u05d3\u05e3 \u05d4\u05d1\u05d9\u05ea\",\"item\":\"https:\/\/manosgroup.co.il\/fr\/\"},{\"@type\":\"ListItem\",\"position\":2,\"name\":\"TAMA 38\",\"item\":\"https:\/\/manosgroup.co.il\/fr\/tama-38\/\"},{\"@type\":\"ListItem\",\"position\":3,\"name\":\"Articles S\u00e9lectionn\u00e9s\",\"item\":\"https:\/\/manosgroup.co.il\/fr\/tama-38\/articles-selectionnes\/\"},{\"@type\":\"ListItem\",\"position\":4,\"name\":\"Quelle est la proc\u00e9dure pour les autorisations de construction?\"}]},{\"@type\":\"WebSite\",\"@id\":\"https:\/\/manosgroup.co.il\/#website\",\"url\":\"https:\/\/manosgroup.co.il\/\",\"name\":\"Manos Group\",\"description\":\"TAMA 38, Pinui Binui, Groupes d\u2019acquisition, Commercialisation d\u2019appartements\",\"potentialAction\":[{\"@type\":\"SearchAction\",\"target\":{\"@type\":\"EntryPoint\",\"urlTemplate\":\"https:\/\/manosgroup.co.il\/?s={search_term_string}\"},\"query-input\":\"required name=search_term_string\"}],\"inLanguage\":\"fr-FR\"}]}<\/script>\n<!-- \/ Yoast SEO plugin. -->","yoast_head_json":{"title":"Quelle est la proc\u00e9dure pour les autorisations de construction? - Manos Group","robots":{"index":"index","follow":"follow","max-snippet":"max-snippet:-1","max-image-preview":"max-image-preview:large","max-video-preview":"max-video-preview:-1"},"canonical":"https:\/\/manosgroup.co.il\/fr\/tama-38\/articles-selectionnes\/quelle-est-la-procedure-pour-les-autorisations-de-construction\/","og_locale":"fr_FR","og_type":"article","og_title":"Quelle est la proc\u00e9dure pour les autorisations de construction? - Manos Group","og_url":"https:\/\/manosgroup.co.il\/fr\/tama-38\/articles-selectionnes\/quelle-est-la-procedure-pour-les-autorisations-de-construction\/","og_site_name":"Manos Group","article_publisher":"https:\/\/www.facebook.com\/manos38\/","article_modified_time":"2019-01-03T15:27:50+00:00","og_image":[{"width":200,"height":200,"url":"https:\/\/manosgroup.co.il\/wp-content\/uploads\/2015\/06\/23622302_567012973642726_188683304429898474_n.png","type":"image\/png"}],"twitter_card":"summary_large_image","twitter_misc":{"Dur\u00e9e de lecture estim\u00e9e":"1 minute"},"schema":{"@context":"https:\/\/schema.org","@graph":[{"@type":"WebPage","@id":"https:\/\/manosgroup.co.il\/fr\/tama-38\/articles-selectionnes\/quelle-est-la-procedure-pour-les-autorisations-de-construction\/","url":"https:\/\/manosgroup.co.il\/fr\/tama-38\/articles-selectionnes\/quelle-est-la-procedure-pour-les-autorisations-de-construction\/","name":"Quelle est la proc\u00e9dure pour les autorisations de construction? - Manos Group","isPartOf":{"@id":"https:\/\/manosgroup.co.il\/#website"},"datePublished":"2015-12-06T14:18:20+00:00","dateModified":"2019-01-03T15:27:50+00:00","breadcrumb":{"@id":"https:\/\/manosgroup.co.il\/fr\/tama-38\/articles-selectionnes\/quelle-est-la-procedure-pour-les-autorisations-de-construction\/#breadcrumb"},"inLanguage":"fr-FR","potentialAction":[{"@type":"ReadAction","target":["https:\/\/manosgroup.co.il\/fr\/tama-38\/articles-selectionnes\/quelle-est-la-procedure-pour-les-autorisations-de-construction\/"]}]},{"@type":"BreadcrumbList","@id":"https:\/\/manosgroup.co.il\/fr\/tama-38\/articles-selectionnes\/quelle-est-la-procedure-pour-les-autorisations-de-construction\/#breadcrumb","itemListElement":[{"@type":"ListItem","position":1,"name":"\u05d3\u05e3 \u05d4\u05d1\u05d9\u05ea","item":"https:\/\/manosgroup.co.il\/fr\/"},{"@type":"ListItem","position":2,"name":"TAMA 38","item":"https:\/\/manosgroup.co.il\/fr\/tama-38\/"},{"@type":"ListItem","position":3,"name":"Articles S\u00e9lectionn\u00e9s","item":"https:\/\/manosgroup.co.il\/fr\/tama-38\/articles-selectionnes\/"},{"@type":"ListItem","position":4,"name":"Quelle est la proc\u00e9dure pour les autorisations de construction?"}]},{"@type":"WebSite","@id":"https:\/\/manosgroup.co.il\/#website","url":"https:\/\/manosgroup.co.il\/","name":"Manos Group","description":"TAMA 38, Pinui Binui, Groupes d\u2019acquisition, Commercialisation d\u2019appartements","potentialAction":[{"@type":"SearchAction","target":{"@type":"EntryPoint","urlTemplate":"https:\/\/manosgroup.co.il\/?s={search_term_string}"},"query-input":"required name=search_term_string"}],"inLanguage":"fr-FR"}]}},"_links":{"self":[{"href":"https:\/\/manosgroup.co.il\/fr\/wp-json\/wp\/v2\/pages\/15353\/"}],"collection":[{"href":"https:\/\/manosgroup.co.il\/fr\/wp-json\/wp\/v2\/pages\/"}],"about":[{"href":"https:\/\/manosgroup.co.il\/fr\/wp-json\/wp\/v2\/types\/page\/"}],"author":[{"embeddable":true,"href":"https:\/\/manosgroup.co.il\/fr\/wp-json\/wp\/v2\/users\/8\/"}],"replies":[{"embeddable":true,"href":"https:\/\/manosgroup.co.il\/fr\/wp-json\/wp\/v2\/comments\/?post=15353"}],"version-history":[{"count":4,"href":"https:\/\/manosgroup.co.il\/fr\/wp-json\/wp\/v2\/pages\/15353\/revisions\/"}],"predecessor-version":[{"id":22049,"href":"https:\/\/manosgroup.co.il\/fr\/wp-json\/wp\/v2\/pages\/15353\/revisions\/22049\/"}],"up":[{"embeddable":true,"href":"https:\/\/manosgroup.co.il\/fr\/wp-json\/wp\/v2\/pages\/15600\/"}],"wp:attachment":[{"href":"https:\/\/manosgroup.co.il\/fr\/wp-json\/wp\/v2\/media\/?parent=15353"}],"curies":[{"name":"wp","href":"https:\/\/api.w.org\/{rel}","templated":true}]}}