{"id":15349,"date":"2015-12-06T16:13:04","date_gmt":"2015-12-06T14:13:04","guid":{"rendered":"http:\/\/manosgroup.webmanager.org.il\/fr\/?page_id=15349"},"modified":"2019-01-03T17:26:15","modified_gmt":"2019-01-03T15:26:15","slug":"2015-une-annee-primordiale-dans-le-cadre-du-programme-tama-a-jerusalem","status":"publish","type":"page","link":"https:\/\/manosgroup.co.il\/fr\/tama-38\/articles-selectionnes\/2015-une-annee-primordiale-dans-le-cadre-du-programme-tama-a-jerusalem\/","title":{"rendered":"2015 \u2013 une ann\u00e9e primordiale dans le cadre du programme Tama \u00e0 J\u00e9rusalem"},"content":{"rendered":"<div class=\"fusion-title title\"><h2 class=\"title-heading-left\">2015 \u2013 une ann\u00e9e primordiale dans le cadre du programme Tama \u00e0 J\u00e9rusalem<\/h2><div class=\"title-sep-container\"><div class=\"title-sep sep-double\"><\/div><\/div><\/div><div class=\"fusion-fullwidth fullwidth-box fusion-parallax-none\" style=\"border-color:#eae9e9;border-bottom-width: 0px;border-top-width: 0px;border-bottom-style: solid;border-top-style: solid;padding-bottom:20px;padding-left:0px;padding-right:0px;padding-top:20px;background-position:left top;background-repeat:no-repeat;-webkit-background-size:cover;-moz-background-size:cover;-o-background-size:cover;background-size:cover;\"><div class=\"fusion-row\"><p><strong>Par: Moshe Shemesh<\/strong><\/p>\n<p>2015 est une ann\u00e9e importante dans le cadre du programme Tama 38 et le renouvellement urbain \u00e0 J\u00e9rusalem. Une \u00e9quipe sp\u00e9ciale du directeur de la plannification du Minist\u00e8re de l&rsquo;Int\u00e9rieur, qui examine la mise en application du programme Tama 38 en Isra\u00ebl, d\u00e9nonce l&rsquo;augementation du nombre de demandes pour la consolidation des immeubles.<\/p>\n<p>&nbsp;<\/p>\n<p><strong>2015 \u2013 une ann\u00e9e d&rsquo;expansion<\/strong><\/p>\n<p>Selon l&rsquo;\u00e9valuation d&rsquo;experts, 2015 est une ann\u00e9e d&rsquo;expansion du programme Tama 38. De nombreux r\u00e9sidents prennent conscience de l&rsquo;importance du renforcement des structures en mati\u00e8re de d\u00e9fense, de s\u00e9curit\u00e9 et de tremblements de terre ainsi que des avantages \u00e9conomiques. Le rajout d&rsquo;un Mamad, d&rsquo;une terrasse, d&rsquo;un parking et d&rsquo;une cave, un appartement r\u00e9nov\u00e9, un immeuble consolid\u00e9 avec un hall et un ascenseur, augmentent la valeur de l&rsquo;appartement.<\/p>\n<p>&nbsp;<\/p>\n<p><strong>Le triangle propri\u00e9taires, promoteur- enptrepreneur, autorit\u00e9 locale.<\/strong><\/p>\n<p>Dans le programme Tama 38, on d\u00e9finit une relation triangulaire entre les propri\u00e9taires des appartements, le promoteur\/entrepreneur ex\u00e9cutant et l&rsquo;autorit\u00e9 locale. Chacun d&rsquo;entre eux est un facteur important dans le d\u00e9veloppement du projet, et peut faire avancer ou au contraire venir g\u00e2cher le projet. Les r\u00e9sidents jouent un r\u00f4le important dans le processus et l&rsquo;organisation, l&rsquo;investissement sur le projet et le soutien au promoteur dans l&rsquo;avancement du projet.<\/p>\n<p>Le groupe Manos d\u00e9livre un service global et professionnel aux r\u00e9sidents pendant le processus du programme Tama 38, en mettant l&rsquo;accent sur J\u00e9rusalem. La soci\u00e9t\u00e9 procure des conseils professionnels sans engagements, soutien et accompagne les r\u00e9sidents tout au long du processus, de la signature jusqu&rsquo;\u00e0 la remise des clefs. La soci\u00e9t\u00e9 Manos poss\u00e8de une exp\u00e9rience, une renomm\u00e9e et des comp\u00e9tences de conception, de gestion et de r\u00e9alisation d\u00e9j\u00e0 d\u00e9montr\u00e9es sur 25 projets de Tama 38 et de renouvellement urbain.<\/p>\n<p>&nbsp;<\/p>\n<p><strong>Chaque projet est un projet phare<\/strong><strong>\u00a0<\/strong><\/p>\n<p>Le groupe Manos d\u00e9tient 25 projets. Les dirigeants de la soci\u00e9t\u00e9 consid\u00e8rent chaque projet comme un projet phare. Toute leur attention est d\u00e9di\u00e9e au projet, depuis la prise de contact avec les r\u00e9sidents, en passant par la gestion des proc\u00e9dures architecturales, juridiques, financi\u00e8res et jusqu&rsquo;\u00e0 la r\u00e9alisation.<\/p>\n<p>&nbsp;<\/p>\n<p><strong>Des personnes influentes sur le march\u00e9 de l&rsquo;immobilier<\/strong><\/p>\n<p>Le groupe Manos est dirig\u00e9 par des personnes influentes sur le march\u00e9 de l&rsquo;immobilier \u00e0 J\u00e9rusalem. Les \u00e9quipes sont responsables de l&rsquo;avancement de chaque projet dans les meilleures conditions, et chacun selon son domaine est impliqu\u00e9 dans toutes les phases du processus afin d&rsquo;obtenir les meilleurs r\u00e9sultats, dans les temps impartis et en fonction du budget d\u00e9fini \u00e0 l&rsquo;avance.<\/p>\n<p>En 2015, d&rsquo;autres r\u00e9sidents de J\u00e9rusalem se sont joints au cercle Tama 38, et il est primordial que leurs projets soient men\u00e9s par une soci\u00e9t\u00e9 r\u00e9put\u00e9e et exp\u00e9riment\u00e9e.<\/p>\n<\/div><\/div>\n","protected":false},"excerpt":{"rendered":"","protected":false},"author":8,"featured_media":0,"parent":15600,"menu_order":20,"comment_status":"open","ping_status":"closed","template":"side-navigation.php","meta":{"_links_to":"","_links_to_target":""},"acf":[],"yoast_head":"<!-- This site is optimized with the Yoast SEO plugin v20.10 - https:\/\/yoast.com\/wordpress\/plugins\/seo\/ -->\n<title>2015 \u2013 une ann\u00e9e primordiale dans le cadre du programme Tama \u00e0 J\u00e9rusalem - Manos Group<\/title>\n<meta name=\"robots\" content=\"index, follow, max-snippet:-1, max-image-preview:large, max-video-preview:-1\" \/>\n<link rel=\"canonical\" href=\"https:\/\/manosgroup.co.il\/fr\/tama-38\/articles-selectionnes\/2015-une-annee-primordiale-dans-le-cadre-du-programme-tama-a-jerusalem\/\" \/>\n<meta property=\"og:locale\" content=\"fr_FR\" \/>\n<meta property=\"og:type\" content=\"article\" \/>\n<meta property=\"og:title\" content=\"2015 \u2013 une ann\u00e9e primordiale dans le cadre du programme Tama \u00e0 J\u00e9rusalem - Manos Group\" \/>\n<meta property=\"og:url\" content=\"https:\/\/manosgroup.co.il\/fr\/tama-38\/articles-selectionnes\/2015-une-annee-primordiale-dans-le-cadre-du-programme-tama-a-jerusalem\/\" \/>\n<meta property=\"og:site_name\" content=\"Manos Group\" \/>\n<meta property=\"article:publisher\" content=\"https:\/\/www.facebook.com\/manos38\/\" \/>\n<meta property=\"article:modified_time\" content=\"2019-01-03T15:26:15+00:00\" \/>\n<meta property=\"og:image\" content=\"https:\/\/manosgroup.co.il\/wp-content\/uploads\/2015\/06\/23622302_567012973642726_188683304429898474_n.png\" \/>\n\t<meta property=\"og:image:width\" content=\"200\" \/>\n\t<meta property=\"og:image:height\" content=\"200\" \/>\n\t<meta property=\"og:image:type\" content=\"image\/png\" \/>\n<meta name=\"twitter:card\" content=\"summary_large_image\" \/>\n<meta name=\"twitter:label1\" content=\"Dur\u00e9e de lecture estim\u00e9e\" \/>\n\t<meta name=\"twitter:data1\" content=\"3 minutes\" \/>\n<script type=\"application\/ld+json\" class=\"yoast-schema-graph\">{\"@context\":\"https:\/\/schema.org\",\"@graph\":[{\"@type\":\"WebPage\",\"@id\":\"https:\/\/manosgroup.co.il\/fr\/tama-38\/articles-selectionnes\/2015-une-annee-primordiale-dans-le-cadre-du-programme-tama-a-jerusalem\/\",\"url\":\"https:\/\/manosgroup.co.il\/fr\/tama-38\/articles-selectionnes\/2015-une-annee-primordiale-dans-le-cadre-du-programme-tama-a-jerusalem\/\",\"name\":\"2015 \u2013 une ann\u00e9e primordiale dans le cadre du programme Tama \u00e0 J\u00e9rusalem - Manos Group\",\"isPartOf\":{\"@id\":\"https:\/\/manosgroup.co.il\/#website\"},\"datePublished\":\"2015-12-06T14:13:04+00:00\",\"dateModified\":\"2019-01-03T15:26:15+00:00\",\"breadcrumb\":{\"@id\":\"https:\/\/manosgroup.co.il\/fr\/tama-38\/articles-selectionnes\/2015-une-annee-primordiale-dans-le-cadre-du-programme-tama-a-jerusalem\/#breadcrumb\"},\"inLanguage\":\"fr-FR\",\"potentialAction\":[{\"@type\":\"ReadAction\",\"target\":[\"https:\/\/manosgroup.co.il\/fr\/tama-38\/articles-selectionnes\/2015-une-annee-primordiale-dans-le-cadre-du-programme-tama-a-jerusalem\/\"]}]},{\"@type\":\"BreadcrumbList\",\"@id\":\"https:\/\/manosgroup.co.il\/fr\/tama-38\/articles-selectionnes\/2015-une-annee-primordiale-dans-le-cadre-du-programme-tama-a-jerusalem\/#breadcrumb\",\"itemListElement\":[{\"@type\":\"ListItem\",\"position\":1,\"name\":\"\u05d3\u05e3 \u05d4\u05d1\u05d9\u05ea\",\"item\":\"https:\/\/manosgroup.co.il\/fr\/\"},{\"@type\":\"ListItem\",\"position\":2,\"name\":\"TAMA 38\",\"item\":\"https:\/\/manosgroup.co.il\/fr\/tama-38\/\"},{\"@type\":\"ListItem\",\"position\":3,\"name\":\"Articles S\u00e9lectionn\u00e9s\",\"item\":\"https:\/\/manosgroup.co.il\/fr\/tama-38\/articles-selectionnes\/\"},{\"@type\":\"ListItem\",\"position\":4,\"name\":\"2015 \u2013 une ann\u00e9e primordiale dans le cadre du programme Tama \u00e0 J\u00e9rusalem\"}]},{\"@type\":\"WebSite\",\"@id\":\"https:\/\/manosgroup.co.il\/#website\",\"url\":\"https:\/\/manosgroup.co.il\/\",\"name\":\"Manos Group\",\"description\":\"TAMA 38, Pinui Binui, Groupes d\u2019acquisition, Commercialisation d\u2019appartements\",\"potentialAction\":[{\"@type\":\"SearchAction\",\"target\":{\"@type\":\"EntryPoint\",\"urlTemplate\":\"https:\/\/manosgroup.co.il\/?s={search_term_string}\"},\"query-input\":\"required name=search_term_string\"}],\"inLanguage\":\"fr-FR\"}]}<\/script>\n<!-- \/ Yoast SEO plugin. -->","yoast_head_json":{"title":"2015 \u2013 une ann\u00e9e primordiale dans le cadre du programme Tama \u00e0 J\u00e9rusalem - Manos Group","robots":{"index":"index","follow":"follow","max-snippet":"max-snippet:-1","max-image-preview":"max-image-preview:large","max-video-preview":"max-video-preview:-1"},"canonical":"https:\/\/manosgroup.co.il\/fr\/tama-38\/articles-selectionnes\/2015-une-annee-primordiale-dans-le-cadre-du-programme-tama-a-jerusalem\/","og_locale":"fr_FR","og_type":"article","og_title":"2015 \u2013 une ann\u00e9e primordiale dans le cadre du programme Tama \u00e0 J\u00e9rusalem - Manos Group","og_url":"https:\/\/manosgroup.co.il\/fr\/tama-38\/articles-selectionnes\/2015-une-annee-primordiale-dans-le-cadre-du-programme-tama-a-jerusalem\/","og_site_name":"Manos Group","article_publisher":"https:\/\/www.facebook.com\/manos38\/","article_modified_time":"2019-01-03T15:26:15+00:00","og_image":[{"width":200,"height":200,"url":"https:\/\/manosgroup.co.il\/wp-content\/uploads\/2015\/06\/23622302_567012973642726_188683304429898474_n.png","type":"image\/png"}],"twitter_card":"summary_large_image","twitter_misc":{"Dur\u00e9e de lecture estim\u00e9e":"3 minutes"},"schema":{"@context":"https:\/\/schema.org","@graph":[{"@type":"WebPage","@id":"https:\/\/manosgroup.co.il\/fr\/tama-38\/articles-selectionnes\/2015-une-annee-primordiale-dans-le-cadre-du-programme-tama-a-jerusalem\/","url":"https:\/\/manosgroup.co.il\/fr\/tama-38\/articles-selectionnes\/2015-une-annee-primordiale-dans-le-cadre-du-programme-tama-a-jerusalem\/","name":"2015 \u2013 une ann\u00e9e primordiale dans le cadre du programme Tama \u00e0 J\u00e9rusalem - Manos Group","isPartOf":{"@id":"https:\/\/manosgroup.co.il\/#website"},"datePublished":"2015-12-06T14:13:04+00:00","dateModified":"2019-01-03T15:26:15+00:00","breadcrumb":{"@id":"https:\/\/manosgroup.co.il\/fr\/tama-38\/articles-selectionnes\/2015-une-annee-primordiale-dans-le-cadre-du-programme-tama-a-jerusalem\/#breadcrumb"},"inLanguage":"fr-FR","potentialAction":[{"@type":"ReadAction","target":["https:\/\/manosgroup.co.il\/fr\/tama-38\/articles-selectionnes\/2015-une-annee-primordiale-dans-le-cadre-du-programme-tama-a-jerusalem\/"]}]},{"@type":"BreadcrumbList","@id":"https:\/\/manosgroup.co.il\/fr\/tama-38\/articles-selectionnes\/2015-une-annee-primordiale-dans-le-cadre-du-programme-tama-a-jerusalem\/#breadcrumb","itemListElement":[{"@type":"ListItem","position":1,"name":"\u05d3\u05e3 \u05d4\u05d1\u05d9\u05ea","item":"https:\/\/manosgroup.co.il\/fr\/"},{"@type":"ListItem","position":2,"name":"TAMA 38","item":"https:\/\/manosgroup.co.il\/fr\/tama-38\/"},{"@type":"ListItem","position":3,"name":"Articles S\u00e9lectionn\u00e9s","item":"https:\/\/manosgroup.co.il\/fr\/tama-38\/articles-selectionnes\/"},{"@type":"ListItem","position":4,"name":"2015 \u2013 une ann\u00e9e primordiale dans le cadre du programme Tama \u00e0 J\u00e9rusalem"}]},{"@type":"WebSite","@id":"https:\/\/manosgroup.co.il\/#website","url":"https:\/\/manosgroup.co.il\/","name":"Manos Group","description":"TAMA 38, Pinui Binui, Groupes d\u2019acquisition, Commercialisation d\u2019appartements","potentialAction":[{"@type":"SearchAction","target":{"@type":"EntryPoint","urlTemplate":"https:\/\/manosgroup.co.il\/?s={search_term_string}"},"query-input":"required name=search_term_string"}],"inLanguage":"fr-FR"}]}},"_links":{"self":[{"href":"https:\/\/manosgroup.co.il\/fr\/wp-json\/wp\/v2\/pages\/15349\/"}],"collection":[{"href":"https:\/\/manosgroup.co.il\/fr\/wp-json\/wp\/v2\/pages\/"}],"about":[{"href":"https:\/\/manosgroup.co.il\/fr\/wp-json\/wp\/v2\/types\/page\/"}],"author":[{"embeddable":true,"href":"https:\/\/manosgroup.co.il\/fr\/wp-json\/wp\/v2\/users\/8\/"}],"replies":[{"embeddable":true,"href":"https:\/\/manosgroup.co.il\/fr\/wp-json\/wp\/v2\/comments\/?post=15349"}],"version-history":[{"count":3,"href":"https:\/\/manosgroup.co.il\/fr\/wp-json\/wp\/v2\/pages\/15349\/revisions\/"}],"predecessor-version":[{"id":22047,"href":"https:\/\/manosgroup.co.il\/fr\/wp-json\/wp\/v2\/pages\/15349\/revisions\/22047\/"}],"up":[{"embeddable":true,"href":"https:\/\/manosgroup.co.il\/fr\/wp-json\/wp\/v2\/pages\/15600\/"}],"wp:attachment":[{"href":"https:\/\/manosgroup.co.il\/fr\/wp-json\/wp\/v2\/media\/?parent=15349"}],"curies":[{"name":"wp","href":"https:\/\/api.w.org\/{rel}","templated":true}]}}