{"id":15345,"date":"2015-12-06T16:06:47","date_gmt":"2015-12-06T14:06:47","guid":{"rendered":"http:\/\/manosgroup.webmanager.org.il\/fr\/?page_id=15345"},"modified":"2019-01-03T17:27:02","modified_gmt":"2019-01-03T15:27:02","slug":"%d7%9b%d7%9c-%d7%9e%d7%94-%d7%a9%d7%a8%d7%a6%d7%99%d7%aa%d7%9d-%d7%9c%d7%93%d7%a2%d7%aa-%d7%a2%d7%9c-%d7%aa%d7%91%d7%a2-10038-%d7%91%d7%99%d7%a8%d7%95%d7%a9%d7%9c%d7%99%d7%9d","status":"publish","type":"page","link":"https:\/\/manosgroup.co.il\/fr\/tama-38\/articles-selectionnes\/%d7%9b%d7%9c-%d7%9e%d7%94-%d7%a9%d7%a8%d7%a6%d7%99%d7%aa%d7%9d-%d7%9c%d7%93%d7%a2%d7%aa-%d7%a2%d7%9c-%d7%aa%d7%91%d7%a2-10038-%d7%91%d7%99%d7%a8%d7%95%d7%a9%d7%9c%d7%99%d7%9d\/","title":{"rendered":"Le Plan d&rsquo;Urbanisme 10038 \u00e0 J\u00e9rusalem"},"content":{"rendered":"<div class=\"fusion-title title\"><h2 class=\"title-heading-left\">Le Plan d&rsquo;Urbanisme 10038 \u2013en accord avec les besoins particuliers de J\u00e9rusalem dans le cadre de la r\u00e9novation urbaine.<\/h2><div class=\"title-sep-container\"><div class=\"title-sep sep-double\"><\/div><\/div><\/div><div class=\"fusion-fullwidth fullwidth-box fusion-parallax-none\" style=\"border-color:#eae9e9;border-bottom-width: 0px;border-top-width: 0px;border-bottom-style: solid;border-top-style: solid;padding-bottom:20px;padding-left:0px;padding-right:0px;padding-top:20px;background-position:left top;background-repeat:no-repeat;-webkit-background-size:cover;-moz-background-size:cover;-o-background-size:cover;background-size:cover;\"><div class=\"fusion-row\"><p>Par: Moshe Shemesh<\/p>\n<p>&nbsp;<\/p>\n<p><strong>Isra\u00ebl jusqu&rsquo;en 1980<\/strong><strong>\u00a0<\/strong><\/p>\n<p>Tama 38, un terme tant prononc\u00e9 ces cinq derni\u00e8res ann\u00e9es, qui concerne le fait que la plupart des structures construites en Isra\u00ebl jusqu&rsquo;en 1980 ne sont pas en conformit\u00e9 avec les exigences des normes en Isra\u00ebl. En tant que petit pays situ\u00e9 sur la faille syro-africaine, le risque de tremblements de terre est \u00e9lev\u00e9, c&rsquo;est pourquoi la loi Tama 38 a \u00e9t\u00e9 r\u00e9vis\u00e9e.<\/p>\n<p><strong>Le Plan d&rsquo;Urbanisme 10038 \u2013 le programme sp\u00e9cifique \u00e0 J\u00e9rusalem<\/strong><strong>\u00a0<\/strong><\/p>\n<p>Le Plan d&rsquo;Urbanisme 10038 a \u00e9t\u00e9 con\u00e7u par les services de plannification et de construction de la mairie de J\u00e9rusalem, dans le but de coordonner Tama 38, la consolidation des structures en pr\u00e9vision des tremblements de terre et le renouvellement urbain, aux besoins particuliers de la ville importante qu&rsquo;est J\u00e9rusalem, capitale d&rsquo;Isra\u00ebl sacr\u00e9e pour les trois plus grandes religions dans le monde.<\/p>\n<p><strong>Le Plan d&rsquo;Urbanisme 10038 \u2013 un programme pluridisciplinaire<\/strong><\/p>\n<p>Le Plan d&rsquo;Urbanisme 10038 cr\u00e9e une distinction entre les diff\u00e9rentes parties et quartiers de la ville de J\u00e9rusalem sur les facteurs suivants:<\/p>\n<ul>\n<li>La densit\u00e9 de construction<\/li>\n<li>Les valeurs du patrimoine<\/li>\n<li>La sensibilit\u00e9 du facteur humain<\/li>\n<li>La valeur du terrain<\/li>\n<li>Les places de stationnement<\/li>\n<li>La capacit\u00e9 des infrastructures existantes<\/li>\n<\/ul>\n<p><strong>Le Plan d&rsquo;Urbanisme 10038 \u2013 Les zones de plannifications ont \u00e9t\u00e9 divis\u00e9es en trois cat\u00e9gories<\/strong><strong>\u00a0<\/strong><\/p>\n<p>La vieille ville\u00a0 &#8211; Le vieux secteur de J\u00e9rusalem, centre d&rsquo;int\u00e9r\u00eat des touristes, des citoyens, des diff\u00e9rents adeptes de religions et autres croyances.<\/p>\n<p>La ville historique \u2013 la partie qui se trouve \u00e0 l&rsquo;ext\u00e9rieur des murailles et les quartiers pr\u00e9serv\u00e9s construits avant 1948.<\/p>\n<p>La nouvelle ville \u2013 les parties d\u00e9di\u00e9es au renouvellement urbain, la ville construite apr\u00e8s 1948.<\/p>\n<p><strong>Les droits de construction d\u00e9termin\u00e9s par le Plan d&rsquo;Urbanisme 10038<\/strong><strong>\u00a0<\/strong><\/p>\n<p>La vieille ville \u2013 Aucun droit de construction dans le cadre du projet Tama 38.<\/p>\n<p>La ville historique \u2013 des droits de construction pour 1.5 \u00e0 2 \u00e9tages dans le cadre du projet Tama 38.<\/p>\n<p>La nouvelle ville \u2013 des droits de constructions de 2.5 \u00e9tages dans le cadre du projet Tama 38.<\/p>\n<p><strong>La valeur des terrains dans la ville historique est \u00e9lev\u00e9e.<\/strong><strong>\u00a0<\/strong><\/p>\n<p>La valeur des terrains dans la ville historique de J\u00e9rusalem est \u00e9lev\u00e9e de fa\u00e7on significative par rapport aux autres parties de la ville, cependant 70% des demandes d\u00e9pos\u00e9es au service de plannification et de construction de la mairie de J\u00e9rusalem pour le projet Tama 38 concerne la ville historique.<\/p>\n<p><strong>Le Plan d&rsquo;Urbanisme 10038 \u2013 le groupe Manos<\/strong><\/p>\n<p>Le service de recherche du groupe Manos investi de nombreux outils d&rsquo;applications strat\u00e9giques sur le programme du Plan d&rsquo;Urbanisme 10038, conform\u00e9ment au caract\u00e8re du programme par rapport au plan immobilier propos\u00e9 aux habitants de la ville historique et de la nouvelle ville.<\/p>\n<p>De nombreux experts du groupe Manos ont pris part \u00e0 la conception des diff\u00e9rents aspects sur le sujet.<\/p>\n<\/div><\/div>\n","protected":false},"excerpt":{"rendered":"","protected":false},"author":8,"featured_media":0,"parent":15600,"menu_order":30,"comment_status":"open","ping_status":"closed","template":"side-navigation.php","meta":{"_links_to":"","_links_to_target":""},"acf":[],"yoast_head":"<!-- This site is optimized with the Yoast SEO plugin v20.10 - https:\/\/yoast.com\/wordpress\/plugins\/seo\/ -->\n<title>Le Plan d&#039;Urbanisme 10038 \u00e0 J\u00e9rusalem - Manos Group<\/title>\n<meta name=\"robots\" content=\"index, follow, max-snippet:-1, max-image-preview:large, max-video-preview:-1\" \/>\n<link rel=\"canonical\" href=\"https:\/\/manosgroup.co.il\/fr\/tama-38\/articles-selectionnes\/\u05db\u05dc-\u05de\u05d4-\u05e9\u05e8\u05e6\u05d9\u05ea\u05dd-\u05dc\u05d3\u05e2\u05ea-\u05e2\u05dc-\u05ea\u05d1\u05e2-10038-\u05d1\u05d9\u05e8\u05d5\u05e9\u05dc\u05d9\u05dd\/\" \/>\n<meta property=\"og:locale\" content=\"fr_FR\" \/>\n<meta property=\"og:type\" content=\"article\" \/>\n<meta property=\"og:title\" content=\"Le Plan d&#039;Urbanisme 10038 \u00e0 J\u00e9rusalem - Manos Group\" \/>\n<meta property=\"og:url\" content=\"https:\/\/manosgroup.co.il\/fr\/tama-38\/articles-selectionnes\/\u05db\u05dc-\u05de\u05d4-\u05e9\u05e8\u05e6\u05d9\u05ea\u05dd-\u05dc\u05d3\u05e2\u05ea-\u05e2\u05dc-\u05ea\u05d1\u05e2-10038-\u05d1\u05d9\u05e8\u05d5\u05e9\u05dc\u05d9\u05dd\/\" \/>\n<meta property=\"og:site_name\" content=\"Manos Group\" \/>\n<meta property=\"article:publisher\" content=\"https:\/\/www.facebook.com\/manos38\/\" \/>\n<meta property=\"article:modified_time\" content=\"2019-01-03T15:27:02+00:00\" \/>\n<meta property=\"og:image\" content=\"https:\/\/manosgroup.co.il\/wp-content\/uploads\/2015\/06\/23622302_567012973642726_188683304429898474_n.png\" \/>\n\t<meta property=\"og:image:width\" content=\"200\" \/>\n\t<meta property=\"og:image:height\" content=\"200\" \/>\n\t<meta property=\"og:image:type\" content=\"image\/png\" \/>\n<meta name=\"twitter:card\" content=\"summary_large_image\" \/>\n<meta name=\"twitter:label1\" content=\"Dur\u00e9e de lecture estim\u00e9e\" \/>\n\t<meta name=\"twitter:data1\" content=\"3 minutes\" \/>\n<script type=\"application\/ld+json\" class=\"yoast-schema-graph\">{\"@context\":\"https:\/\/schema.org\",\"@graph\":[{\"@type\":\"WebPage\",\"@id\":\"https:\/\/manosgroup.co.il\/fr\/tama-38\/articles-selectionnes\/%d7%9b%d7%9c-%d7%9e%d7%94-%d7%a9%d7%a8%d7%a6%d7%99%d7%aa%d7%9d-%d7%9c%d7%93%d7%a2%d7%aa-%d7%a2%d7%9c-%d7%aa%d7%91%d7%a2-10038-%d7%91%d7%99%d7%a8%d7%95%d7%a9%d7%9c%d7%99%d7%9d\/\",\"url\":\"https:\/\/manosgroup.co.il\/fr\/tama-38\/articles-selectionnes\/%d7%9b%d7%9c-%d7%9e%d7%94-%d7%a9%d7%a8%d7%a6%d7%99%d7%aa%d7%9d-%d7%9c%d7%93%d7%a2%d7%aa-%d7%a2%d7%9c-%d7%aa%d7%91%d7%a2-10038-%d7%91%d7%99%d7%a8%d7%95%d7%a9%d7%9c%d7%99%d7%9d\/\",\"name\":\"Le Plan d'Urbanisme 10038 \u00e0 J\u00e9rusalem - Manos Group\",\"isPartOf\":{\"@id\":\"https:\/\/manosgroup.co.il\/#website\"},\"datePublished\":\"2015-12-06T14:06:47+00:00\",\"dateModified\":\"2019-01-03T15:27:02+00:00\",\"breadcrumb\":{\"@id\":\"https:\/\/manosgroup.co.il\/fr\/tama-38\/articles-selectionnes\/%d7%9b%d7%9c-%d7%9e%d7%94-%d7%a9%d7%a8%d7%a6%d7%99%d7%aa%d7%9d-%d7%9c%d7%93%d7%a2%d7%aa-%d7%a2%d7%9c-%d7%aa%d7%91%d7%a2-10038-%d7%91%d7%99%d7%a8%d7%95%d7%a9%d7%9c%d7%99%d7%9d\/#breadcrumb\"},\"inLanguage\":\"fr-FR\",\"potentialAction\":[{\"@type\":\"ReadAction\",\"target\":[\"https:\/\/manosgroup.co.il\/fr\/tama-38\/articles-selectionnes\/%d7%9b%d7%9c-%d7%9e%d7%94-%d7%a9%d7%a8%d7%a6%d7%99%d7%aa%d7%9d-%d7%9c%d7%93%d7%a2%d7%aa-%d7%a2%d7%9c-%d7%aa%d7%91%d7%a2-10038-%d7%91%d7%99%d7%a8%d7%95%d7%a9%d7%9c%d7%99%d7%9d\/\"]}]},{\"@type\":\"BreadcrumbList\",\"@id\":\"https:\/\/manosgroup.co.il\/fr\/tama-38\/articles-selectionnes\/%d7%9b%d7%9c-%d7%9e%d7%94-%d7%a9%d7%a8%d7%a6%d7%99%d7%aa%d7%9d-%d7%9c%d7%93%d7%a2%d7%aa-%d7%a2%d7%9c-%d7%aa%d7%91%d7%a2-10038-%d7%91%d7%99%d7%a8%d7%95%d7%a9%d7%9c%d7%99%d7%9d\/#breadcrumb\",\"itemListElement\":[{\"@type\":\"ListItem\",\"position\":1,\"name\":\"\u05d3\u05e3 \u05d4\u05d1\u05d9\u05ea\",\"item\":\"https:\/\/manosgroup.co.il\/fr\/\"},{\"@type\":\"ListItem\",\"position\":2,\"name\":\"TAMA 38\",\"item\":\"https:\/\/manosgroup.co.il\/fr\/tama-38\/\"},{\"@type\":\"ListItem\",\"position\":3,\"name\":\"Articles S\u00e9lectionn\u00e9s\",\"item\":\"https:\/\/manosgroup.co.il\/fr\/tama-38\/articles-selectionnes\/\"},{\"@type\":\"ListItem\",\"position\":4,\"name\":\"Le Plan d&rsquo;Urbanisme 10038 \u00e0 J\u00e9rusalem\"}]},{\"@type\":\"WebSite\",\"@id\":\"https:\/\/manosgroup.co.il\/#website\",\"url\":\"https:\/\/manosgroup.co.il\/\",\"name\":\"Manos Group\",\"description\":\"TAMA 38, Pinui Binui, Groupes d\u2019acquisition, Commercialisation d\u2019appartements\",\"potentialAction\":[{\"@type\":\"SearchAction\",\"target\":{\"@type\":\"EntryPoint\",\"urlTemplate\":\"https:\/\/manosgroup.co.il\/?s={search_term_string}\"},\"query-input\":\"required name=search_term_string\"}],\"inLanguage\":\"fr-FR\"}]}<\/script>\n<!-- \/ Yoast SEO plugin. -->","yoast_head_json":{"title":"Le Plan d'Urbanisme 10038 \u00e0 J\u00e9rusalem - Manos Group","robots":{"index":"index","follow":"follow","max-snippet":"max-snippet:-1","max-image-preview":"max-image-preview:large","max-video-preview":"max-video-preview:-1"},"canonical":"https:\/\/manosgroup.co.il\/fr\/tama-38\/articles-selectionnes\/\u05db\u05dc-\u05de\u05d4-\u05e9\u05e8\u05e6\u05d9\u05ea\u05dd-\u05dc\u05d3\u05e2\u05ea-\u05e2\u05dc-\u05ea\u05d1\u05e2-10038-\u05d1\u05d9\u05e8\u05d5\u05e9\u05dc\u05d9\u05dd\/","og_locale":"fr_FR","og_type":"article","og_title":"Le Plan d'Urbanisme 10038 \u00e0 J\u00e9rusalem - Manos Group","og_url":"https:\/\/manosgroup.co.il\/fr\/tama-38\/articles-selectionnes\/\u05db\u05dc-\u05de\u05d4-\u05e9\u05e8\u05e6\u05d9\u05ea\u05dd-\u05dc\u05d3\u05e2\u05ea-\u05e2\u05dc-\u05ea\u05d1\u05e2-10038-\u05d1\u05d9\u05e8\u05d5\u05e9\u05dc\u05d9\u05dd\/","og_site_name":"Manos Group","article_publisher":"https:\/\/www.facebook.com\/manos38\/","article_modified_time":"2019-01-03T15:27:02+00:00","og_image":[{"width":200,"height":200,"url":"https:\/\/manosgroup.co.il\/wp-content\/uploads\/2015\/06\/23622302_567012973642726_188683304429898474_n.png","type":"image\/png"}],"twitter_card":"summary_large_image","twitter_misc":{"Dur\u00e9e de lecture estim\u00e9e":"3 minutes"},"schema":{"@context":"https:\/\/schema.org","@graph":[{"@type":"WebPage","@id":"https:\/\/manosgroup.co.il\/fr\/tama-38\/articles-selectionnes\/%d7%9b%d7%9c-%d7%9e%d7%94-%d7%a9%d7%a8%d7%a6%d7%99%d7%aa%d7%9d-%d7%9c%d7%93%d7%a2%d7%aa-%d7%a2%d7%9c-%d7%aa%d7%91%d7%a2-10038-%d7%91%d7%99%d7%a8%d7%95%d7%a9%d7%9c%d7%99%d7%9d\/","url":"https:\/\/manosgroup.co.il\/fr\/tama-38\/articles-selectionnes\/%d7%9b%d7%9c-%d7%9e%d7%94-%d7%a9%d7%a8%d7%a6%d7%99%d7%aa%d7%9d-%d7%9c%d7%93%d7%a2%d7%aa-%d7%a2%d7%9c-%d7%aa%d7%91%d7%a2-10038-%d7%91%d7%99%d7%a8%d7%95%d7%a9%d7%9c%d7%99%d7%9d\/","name":"Le Plan d'Urbanisme 10038 \u00e0 J\u00e9rusalem - Manos Group","isPartOf":{"@id":"https:\/\/manosgroup.co.il\/#website"},"datePublished":"2015-12-06T14:06:47+00:00","dateModified":"2019-01-03T15:27:02+00:00","breadcrumb":{"@id":"https:\/\/manosgroup.co.il\/fr\/tama-38\/articles-selectionnes\/%d7%9b%d7%9c-%d7%9e%d7%94-%d7%a9%d7%a8%d7%a6%d7%99%d7%aa%d7%9d-%d7%9c%d7%93%d7%a2%d7%aa-%d7%a2%d7%9c-%d7%aa%d7%91%d7%a2-10038-%d7%91%d7%99%d7%a8%d7%95%d7%a9%d7%9c%d7%99%d7%9d\/#breadcrumb"},"inLanguage":"fr-FR","potentialAction":[{"@type":"ReadAction","target":["https:\/\/manosgroup.co.il\/fr\/tama-38\/articles-selectionnes\/%d7%9b%d7%9c-%d7%9e%d7%94-%d7%a9%d7%a8%d7%a6%d7%99%d7%aa%d7%9d-%d7%9c%d7%93%d7%a2%d7%aa-%d7%a2%d7%9c-%d7%aa%d7%91%d7%a2-10038-%d7%91%d7%99%d7%a8%d7%95%d7%a9%d7%9c%d7%99%d7%9d\/"]}]},{"@type":"BreadcrumbList","@id":"https:\/\/manosgroup.co.il\/fr\/tama-38\/articles-selectionnes\/%d7%9b%d7%9c-%d7%9e%d7%94-%d7%a9%d7%a8%d7%a6%d7%99%d7%aa%d7%9d-%d7%9c%d7%93%d7%a2%d7%aa-%d7%a2%d7%9c-%d7%aa%d7%91%d7%a2-10038-%d7%91%d7%99%d7%a8%d7%95%d7%a9%d7%9c%d7%99%d7%9d\/#breadcrumb","itemListElement":[{"@type":"ListItem","position":1,"name":"\u05d3\u05e3 \u05d4\u05d1\u05d9\u05ea","item":"https:\/\/manosgroup.co.il\/fr\/"},{"@type":"ListItem","position":2,"name":"TAMA 38","item":"https:\/\/manosgroup.co.il\/fr\/tama-38\/"},{"@type":"ListItem","position":3,"name":"Articles S\u00e9lectionn\u00e9s","item":"https:\/\/manosgroup.co.il\/fr\/tama-38\/articles-selectionnes\/"},{"@type":"ListItem","position":4,"name":"Le Plan d&rsquo;Urbanisme 10038 \u00e0 J\u00e9rusalem"}]},{"@type":"WebSite","@id":"https:\/\/manosgroup.co.il\/#website","url":"https:\/\/manosgroup.co.il\/","name":"Manos Group","description":"TAMA 38, Pinui Binui, Groupes d\u2019acquisition, Commercialisation d\u2019appartements","potentialAction":[{"@type":"SearchAction","target":{"@type":"EntryPoint","urlTemplate":"https:\/\/manosgroup.co.il\/?s={search_term_string}"},"query-input":"required name=search_term_string"}],"inLanguage":"fr-FR"}]}},"_links":{"self":[{"href":"https:\/\/manosgroup.co.il\/fr\/wp-json\/wp\/v2\/pages\/15345\/"}],"collection":[{"href":"https:\/\/manosgroup.co.il\/fr\/wp-json\/wp\/v2\/pages\/"}],"about":[{"href":"https:\/\/manosgroup.co.il\/fr\/wp-json\/wp\/v2\/types\/page\/"}],"author":[{"embeddable":true,"href":"https:\/\/manosgroup.co.il\/fr\/wp-json\/wp\/v2\/users\/8\/"}],"replies":[{"embeddable":true,"href":"https:\/\/manosgroup.co.il\/fr\/wp-json\/wp\/v2\/comments\/?post=15345"}],"version-history":[{"count":8,"href":"https:\/\/manosgroup.co.il\/fr\/wp-json\/wp\/v2\/pages\/15345\/revisions\/"}],"predecessor-version":[{"id":22048,"href":"https:\/\/manosgroup.co.il\/fr\/wp-json\/wp\/v2\/pages\/15345\/revisions\/22048\/"}],"up":[{"embeddable":true,"href":"https:\/\/manosgroup.co.il\/fr\/wp-json\/wp\/v2\/pages\/15600\/"}],"wp:attachment":[{"href":"https:\/\/manosgroup.co.il\/fr\/wp-json\/wp\/v2\/media\/?parent=15345"}],"curies":[{"name":"wp","href":"https:\/\/api.w.org\/{rel}","templated":true}]}}