{"id":13726,"date":"2015-11-03T19:12:37","date_gmt":"2015-11-03T17:12:37","guid":{"rendered":"http:\/\/manosgroup.webmanager.org.il\/fr\/?page_id=13726"},"modified":"2019-05-08T10:42:47","modified_gmt":"2019-05-08T07:42:47","slug":"faq","status":"publish","type":"page","link":"https:\/\/manosgroup.co.il\/fr\/evacuation-et-reconstruction-pinui-binui\/faq\/","title":{"rendered":"FAQ"},"content":{"rendered":"<p class=\"text\"><span class=\"textgreen\"><strong>Qui devrait amorcer un projet Pinui Binui?<\/strong><\/span><br \/>\nLes r\u00e9sidents devraient communiquer avec le groupe Manos. Une rencontre consultative suivra et le groupe Manos formulera un plan d\u2019action et des cibles qui s\u2019accorderont \u00e0 la nature sp\u00e9cifique du projet, sans obligation ou co\u00fbts pour les r\u00e9sidents.<\/p>\n<p class=\"text\"><span class=\"textgreen\"><strong>En<\/strong> <strong>combien de temps un projet Pinui Binui peut-il se r\u00e9aliser?<\/strong><\/span><br \/>\nLe processus de travail d\u2019un projet Pinui Binui est compos\u00e9 de 4 \u00e9tapes:<br \/>\n\u2022 La premi\u00e8re \u00e9tape: n\u00e9gociations, 6-12 mois<br \/>\n\u2022 La seconde \u00e9tape: faire d\u00e9clarer le projet Pinui Binui par l\u2019\u00c9tat d\u2019Isra\u00ebl, 3-6 mois.<br \/>\n\u2022 La troisi\u00e8me \u00e9tape: planification, construction, obtention de permis, 12-16 mois.<br \/>\n\u2022 L\u2019\u00e9tape finale: \u00e9tape d\u2019ex\u00e9cution, compl\u00e9t\u00e9e lorsque les r\u00e9sidents am\u00e9nagent dans la nouvelle structure.<\/p>\n<p class=\"text\"><span class=\"textgreen\"><strong>Que font les r\u00e9sidents \u00e9vacu\u00e9s?<\/strong><\/span><br \/>\nEn accord avec le contrat des r\u00e9sidents coordonn\u00e9 et d\u00e9termin\u00e9 \u00e0 l\u2019avance, tous les r\u00e9sidents d\u2019un immeuble d\u00e9clar\u00e9 Pinui Binui seront d\u00e9m\u00e9nag\u00e9s dans des accommodations alternatives d\u00e9cid\u00e9es pr\u00e9alablement. Ces appartements et les frais de d\u00e9m\u00e9nagement seront la responsabilit\u00e9 de la compagnie et du Groupe Manos.<\/p>\n<p><span class=\"textgreen\"><strong>Qui paie les frais de d\u00e9m\u00e9nagement dans un appartement alternatif?<\/strong><br \/>\n<\/span>Le Groupe Manos, en tant que chef du projet, assume la responsabilit\u00e9 du financement de tous les co\u00fbts de d\u00e9m\u00e9nagement. Dans ces co\u00fbts est inclus le paiement de la location pour un appartement \u00e9quivalent pendant la p\u00e9riode compl\u00e8te de construction, et ce, jusqu\u2019\u00e0 la r\u00e9ception du nouvel appartement. Ceci inclut \u00e9galement tous les co\u00fbts de transports et autres co\u00fbts r\u00e9sultant du d\u00e9m\u00e9nagement.<br \/>\n<span class=\"textgreen\"><br \/>\n<strong>Qu\u2019arrive-t-il si des personnes s\u2019opposent?<\/strong><\/span><br \/>\nLa majorit\u00e9 des personnes qui s\u2019opposent \u00e0 Pinui Binui le font parce qu\u2019ils n\u2019ont pas d\u2019exp\u00e9rience, ou de connaissances dans le domaine, et ils sont appr\u00e9hensifs concernant les nouveaut\u00e9s. En tant que compagnie experte dans le domaine et ses produits, le groupe Manos essaiera d\u2019expliquer en d\u00e9tail, ce qu\u2019est le projet Pinui Binui. Dans des cas extr\u00eames, la loi sur le refus des r\u00e9sidents peut \u00eatre invoqu\u00e9e. La loi d\u00e9termine que si 80% des r\u00e9sidents sont int\u00e9ress\u00e9s, et que seulement 20% refuse, ils peuvent \u00eatre poursuivi.<\/p>\n<p><span class=\"textgreen\"><strong>Est-il requis pour les r\u00e9sidents de payer des co\u00fbts pour le projet?<\/strong><\/span><br \/>\n<span class=\"text\">\u00c0 l\u2019exclusion de quelques cas tr\u00e8s rares, on ne demandera pas aux r\u00e9sidents de payer pour quoi que ce soit durant le processus.<\/span><span class=\"text\"><br \/>\n<\/span><\/p>\n<p><span class=\"text\">\u00a0<\/span><\/p>\n<p><span class=\"text\">Pour plus d\u2019information, <a class=\"link\" title=\"manos groupe\" href=\"https:\/\/manosgroup.co.il\/encontact.aspx\">communiquez avec le groupe Manos<\/a>, et nous nous ferons un plaisir de vous donner les meilleures solutions.<\/span><\/p>\n\n","protected":false},"excerpt":{"rendered":"","protected":false},"author":8,"featured_media":0,"parent":13712,"menu_order":50,"comment_status":"open","ping_status":"closed","template":"side-navigation.php","meta":{"_links_to":"","_links_to_target":""},"acf":[],"yoast_head":"<!-- This site is optimized with the Yoast SEO plugin v20.10 - https:\/\/yoast.com\/wordpress\/plugins\/seo\/ -->\n<title>FAQ - Manos Group FR<\/title>\n<meta name=\"robots\" content=\"index, follow, max-snippet:-1, max-image-preview:large, max-video-preview:-1\" \/>\n<link rel=\"canonical\" href=\"https:\/\/manosgroup.co.il\/fr\/evacuation-et-reconstruction-pinui-binui\/faq\/\" \/>\n<meta property=\"og:locale\" content=\"fr_FR\" \/>\n<meta property=\"og:type\" content=\"article\" \/>\n<meta property=\"og:title\" content=\"FAQ - Manos Group FR\" \/>\n<meta property=\"og:url\" content=\"https:\/\/manosgroup.co.il\/fr\/evacuation-et-reconstruction-pinui-binui\/faq\/\" \/>\n<meta property=\"og:site_name\" content=\"Manos Group\" \/>\n<meta property=\"article:publisher\" content=\"https:\/\/www.facebook.com\/manos38\/\" \/>\n<meta property=\"article:modified_time\" content=\"2019-05-08T07:42:47+00:00\" \/>\n<meta property=\"og:image\" content=\"https:\/\/manosgroup.co.il\/wp-content\/uploads\/2015\/06\/23622302_567012973642726_188683304429898474_n.png\" \/>\n\t<meta property=\"og:image:width\" content=\"200\" \/>\n\t<meta property=\"og:image:height\" content=\"200\" \/>\n\t<meta property=\"og:image:type\" content=\"image\/png\" \/>\n<meta name=\"twitter:card\" content=\"summary_large_image\" \/>\n<meta name=\"twitter:label1\" content=\"Dur\u00e9e de lecture estim\u00e9e\" \/>\n\t<meta name=\"twitter:data1\" content=\"2 minutes\" \/>\n<script type=\"application\/ld+json\" class=\"yoast-schema-graph\">{\"@context\":\"https:\/\/schema.org\",\"@graph\":[{\"@type\":\"WebPage\",\"@id\":\"https:\/\/manosgroup.co.il\/fr\/evacuation-et-reconstruction-pinui-binui\/faq\/\",\"url\":\"https:\/\/manosgroup.co.il\/fr\/evacuation-et-reconstruction-pinui-binui\/faq\/\",\"name\":\"FAQ - Manos Group FR\",\"isPartOf\":{\"@id\":\"https:\/\/manosgroup.co.il\/#website\"},\"datePublished\":\"2015-11-03T17:12:37+00:00\",\"dateModified\":\"2019-05-08T07:42:47+00:00\",\"breadcrumb\":{\"@id\":\"https:\/\/manosgroup.co.il\/fr\/evacuation-et-reconstruction-pinui-binui\/faq\/#breadcrumb\"},\"inLanguage\":\"fr-FR\",\"potentialAction\":[{\"@type\":\"ReadAction\",\"target\":[\"https:\/\/manosgroup.co.il\/fr\/evacuation-et-reconstruction-pinui-binui\/faq\/\"]}]},{\"@type\":\"BreadcrumbList\",\"@id\":\"https:\/\/manosgroup.co.il\/fr\/evacuation-et-reconstruction-pinui-binui\/faq\/#breadcrumb\",\"itemListElement\":[{\"@type\":\"ListItem\",\"position\":1,\"name\":\"\u05d3\u05e3 \u05d4\u05d1\u05d9\u05ea\",\"item\":\"https:\/\/manosgroup.co.il\/fr\/\"},{\"@type\":\"ListItem\",\"position\":2,\"name\":\"Evacuation et reconstruction (Pinui Binui)\",\"item\":\"https:\/\/manosgroup.co.il\/fr\/evacuation-et-reconstruction-pinui-binui\/\"},{\"@type\":\"ListItem\",\"position\":3,\"name\":\"FAQ\"}]},{\"@type\":\"WebSite\",\"@id\":\"https:\/\/manosgroup.co.il\/#website\",\"url\":\"https:\/\/manosgroup.co.il\/\",\"name\":\"Manos Group\",\"description\":\"TAMA 38, Pinui Binui, Groupes d\u2019acquisition, Commercialisation d\u2019appartements\",\"potentialAction\":[{\"@type\":\"SearchAction\",\"target\":{\"@type\":\"EntryPoint\",\"urlTemplate\":\"https:\/\/manosgroup.co.il\/?s={search_term_string}\"},\"query-input\":\"required name=search_term_string\"}],\"inLanguage\":\"fr-FR\"}]}<\/script>\n<!-- \/ Yoast SEO plugin. -->","yoast_head_json":{"title":"FAQ - Manos Group FR","robots":{"index":"index","follow":"follow","max-snippet":"max-snippet:-1","max-image-preview":"max-image-preview:large","max-video-preview":"max-video-preview:-1"},"canonical":"https:\/\/manosgroup.co.il\/fr\/evacuation-et-reconstruction-pinui-binui\/faq\/","og_locale":"fr_FR","og_type":"article","og_title":"FAQ - Manos Group FR","og_url":"https:\/\/manosgroup.co.il\/fr\/evacuation-et-reconstruction-pinui-binui\/faq\/","og_site_name":"Manos Group","article_publisher":"https:\/\/www.facebook.com\/manos38\/","article_modified_time":"2019-05-08T07:42:47+00:00","og_image":[{"width":200,"height":200,"url":"https:\/\/manosgroup.co.il\/wp-content\/uploads\/2015\/06\/23622302_567012973642726_188683304429898474_n.png","type":"image\/png"}],"twitter_card":"summary_large_image","twitter_misc":{"Dur\u00e9e de lecture estim\u00e9e":"2 minutes"},"schema":{"@context":"https:\/\/schema.org","@graph":[{"@type":"WebPage","@id":"https:\/\/manosgroup.co.il\/fr\/evacuation-et-reconstruction-pinui-binui\/faq\/","url":"https:\/\/manosgroup.co.il\/fr\/evacuation-et-reconstruction-pinui-binui\/faq\/","name":"FAQ - Manos Group FR","isPartOf":{"@id":"https:\/\/manosgroup.co.il\/#website"},"datePublished":"2015-11-03T17:12:37+00:00","dateModified":"2019-05-08T07:42:47+00:00","breadcrumb":{"@id":"https:\/\/manosgroup.co.il\/fr\/evacuation-et-reconstruction-pinui-binui\/faq\/#breadcrumb"},"inLanguage":"fr-FR","potentialAction":[{"@type":"ReadAction","target":["https:\/\/manosgroup.co.il\/fr\/evacuation-et-reconstruction-pinui-binui\/faq\/"]}]},{"@type":"BreadcrumbList","@id":"https:\/\/manosgroup.co.il\/fr\/evacuation-et-reconstruction-pinui-binui\/faq\/#breadcrumb","itemListElement":[{"@type":"ListItem","position":1,"name":"\u05d3\u05e3 \u05d4\u05d1\u05d9\u05ea","item":"https:\/\/manosgroup.co.il\/fr\/"},{"@type":"ListItem","position":2,"name":"Evacuation et reconstruction (Pinui Binui)","item":"https:\/\/manosgroup.co.il\/fr\/evacuation-et-reconstruction-pinui-binui\/"},{"@type":"ListItem","position":3,"name":"FAQ"}]},{"@type":"WebSite","@id":"https:\/\/manosgroup.co.il\/#website","url":"https:\/\/manosgroup.co.il\/","name":"Manos Group","description":"TAMA 38, Pinui Binui, Groupes d\u2019acquisition, Commercialisation d\u2019appartements","potentialAction":[{"@type":"SearchAction","target":{"@type":"EntryPoint","urlTemplate":"https:\/\/manosgroup.co.il\/?s={search_term_string}"},"query-input":"required name=search_term_string"}],"inLanguage":"fr-FR"}]}},"_links":{"self":[{"href":"https:\/\/manosgroup.co.il\/fr\/wp-json\/wp\/v2\/pages\/13726\/"}],"collection":[{"href":"https:\/\/manosgroup.co.il\/fr\/wp-json\/wp\/v2\/pages\/"}],"about":[{"href":"https:\/\/manosgroup.co.il\/fr\/wp-json\/wp\/v2\/types\/page\/"}],"author":[{"embeddable":true,"href":"https:\/\/manosgroup.co.il\/fr\/wp-json\/wp\/v2\/users\/8\/"}],"replies":[{"embeddable":true,"href":"https:\/\/manosgroup.co.il\/fr\/wp-json\/wp\/v2\/comments\/?post=13726"}],"version-history":[{"count":4,"href":"https:\/\/manosgroup.co.il\/fr\/wp-json\/wp\/v2\/pages\/13726\/revisions\/"}],"predecessor-version":[{"id":22610,"href":"https:\/\/manosgroup.co.il\/fr\/wp-json\/wp\/v2\/pages\/13726\/revisions\/22610\/"}],"up":[{"embeddable":true,"href":"https:\/\/manosgroup.co.il\/fr\/wp-json\/wp\/v2\/pages\/13712\/"}],"wp:attachment":[{"href":"https:\/\/manosgroup.co.il\/fr\/wp-json\/wp\/v2\/media\/?parent=13726"}],"curies":[{"name":"wp","href":"https:\/\/api.w.org\/{rel}","templated":true}]}}