{"id":13721,"date":"2015-11-03T18:52:50","date_gmt":"2015-11-03T16:52:50","guid":{"rendered":"http:\/\/manosgroup.webmanager.org.il\/fr\/?page_id=13721"},"modified":"2019-01-03T17:34:09","modified_gmt":"2019-01-03T15:34:09","slug":"liens-importants","status":"publish","type":"page","link":"https:\/\/manosgroup.co.il\/fr\/evacuation-et-reconstruction-pinui-binui\/liens-importants\/","title":{"rendered":"Liens importants"},"content":{"rendered":"<div class=\"fusion-title title\"><h2 class=\"title-heading-left\">Liens importants<\/h2><div class=\"title-sep-container\"><div class=\"title-sep sep-double\"><\/div><\/div><\/div><div class=\"fusion-fullwidth fullwidth-box fusion-parallax-none\" style=\"border-color:#eae9e9;border-bottom-width: 0px;border-top-width: 0px;border-bottom-style: solid;border-top-style: solid;padding-bottom:20px;padding-left:0px;padding-right:0px;padding-top:20px;background-position:left top;background-repeat:no-repeat;-webkit-background-size:cover;-moz-background-size:cover;-o-background-size:cover;background-size:cover;\"><div class=\"fusion-row\"><p class=\"text\" dir=\"ltr\" style=\"text-align: left;\"><a class=\"link\" title=\"\u00ee\u00f9\u00f8\u00e3 \u00e4\u00f4\u00f0\u00e9\u00ed\" href=\"https:\/\/www.moin.gov.il\/Subjects\/MunicipalRenewal\/Pages\/default.aspx\" target=\"_blank\" rel=\"noopener noreferrer\">Le Minist\u00e8re de l\u2019Int\u00e9rieur<\/a> &#8211; Urban Renewal<\/p>\n<p class=\"text\" dir=\"ltr\" style=\"text-align: left;\"><a class=\"link\" href=\"https:\/\/www.moch.gov.il\/SHIKUM_VEHITCHADSHUT\/Pages\/shikum_vehitchadshut.aspx\" target=\"_blank\" rel=\"noopener noreferrer\">Le Minist\u00e8re de la Construction et du Logement\u00a0<\/a> &#8211; <span id=\"result_box\" class=\"short_text\" lang=\"en\"><span class=\"hps\">Restauration et renouvellement<\/span><\/span><\/p>\n<p style=\"text-align: left;\"><a href=\"https:\/\/www.moch.gov.il\/shikum_vehitchadshut\/hitchadshut_ironit\/Pages\/pinuy_ubinuy_maslul_harashuyot_hamekomiyot.aspx\" target=\"_blank\" rel=\"noopener noreferrer\">Le Minist\u00e8re de la Construction et du Logement<\/a> &#8211; Pinui Binui &#8211; Route d\u2019autorit\u00e9 locale<\/p>\n<p style=\"text-align: left;\"><a class=\"link\" href=\"https:\/\/www.moch.gov.il\/Pages\/LawsAndRegulations.aspx\" target=\"_blank\" rel=\"noopener noreferrer\">Lois et r\u00e8glements sur le renouvellement urbain<\/a><\/p>\n<p style=\"text-align: left;\"><a href=\"https:\/\/www.moch.gov.il\/Gov_Decisions\/Pages\/Gov_Decisions.aspx\" target=\"_blank\" rel=\"noopener noreferrer\">D\u00e9cisions gouvernementales sur le renouvellement<\/a><\/p>\n<p class=\"text\" dir=\"ltr\" style=\"text-align: left;\"><a class=\"link\" href=\"https:\/\/www.moch.gov.il\/shikum_vehitchadshut\/hitchadshut_ironit\/Pages\/tofsey_hitchadshut_ironit.aspx\" target=\"_blank\" rel=\"noopener noreferrer\">Formes de renouvellement urbain<\/a><\/p>\n<\/div><\/div>\n","protected":false},"excerpt":{"rendered":"","protected":false},"author":8,"featured_media":0,"parent":13712,"menu_order":60,"comment_status":"open","ping_status":"closed","template":"side-navigation.php","meta":{"_links_to":"","_links_to_target":""},"acf":[],"yoast_head":"<!-- This site is optimized with the Yoast SEO plugin v20.10 - https:\/\/yoast.com\/wordpress\/plugins\/seo\/ -->\n<title>Liens importants - Manos Group<\/title>\n<meta name=\"robots\" content=\"index, follow, max-snippet:-1, max-image-preview:large, max-video-preview:-1\" \/>\n<link rel=\"canonical\" href=\"https:\/\/manosgroup.co.il\/fr\/evacuation-et-reconstruction-pinui-binui\/liens-importants\/\" \/>\n<meta property=\"og:locale\" content=\"fr_FR\" \/>\n<meta property=\"og:type\" content=\"article\" \/>\n<meta property=\"og:title\" content=\"Liens importants - Manos Group\" \/>\n<meta property=\"og:url\" content=\"https:\/\/manosgroup.co.il\/fr\/evacuation-et-reconstruction-pinui-binui\/liens-importants\/\" \/>\n<meta property=\"og:site_name\" content=\"Manos Group\" \/>\n<meta property=\"article:publisher\" content=\"https:\/\/www.facebook.com\/manos38\/\" \/>\n<meta property=\"article:modified_time\" content=\"2019-01-03T15:34:09+00:00\" \/>\n<meta property=\"og:image\" content=\"https:\/\/manosgroup.co.il\/wp-content\/uploads\/2015\/06\/23622302_567012973642726_188683304429898474_n.png\" \/>\n\t<meta property=\"og:image:width\" content=\"200\" \/>\n\t<meta property=\"og:image:height\" content=\"200\" \/>\n\t<meta property=\"og:image:type\" content=\"image\/png\" \/>\n<meta name=\"twitter:card\" content=\"summary_large_image\" \/>\n<meta name=\"twitter:label1\" content=\"Dur\u00e9e de lecture estim\u00e9e\" \/>\n\t<meta name=\"twitter:data1\" content=\"1 minute\" \/>\n<script type=\"application\/ld+json\" class=\"yoast-schema-graph\">{\"@context\":\"https:\/\/schema.org\",\"@graph\":[{\"@type\":\"WebPage\",\"@id\":\"https:\/\/manosgroup.co.il\/fr\/evacuation-et-reconstruction-pinui-binui\/liens-importants\/\",\"url\":\"https:\/\/manosgroup.co.il\/fr\/evacuation-et-reconstruction-pinui-binui\/liens-importants\/\",\"name\":\"Liens importants - Manos Group\",\"isPartOf\":{\"@id\":\"https:\/\/manosgroup.co.il\/#website\"},\"datePublished\":\"2015-11-03T16:52:50+00:00\",\"dateModified\":\"2019-01-03T15:34:09+00:00\",\"breadcrumb\":{\"@id\":\"https:\/\/manosgroup.co.il\/fr\/evacuation-et-reconstruction-pinui-binui\/liens-importants\/#breadcrumb\"},\"inLanguage\":\"fr-FR\",\"potentialAction\":[{\"@type\":\"ReadAction\",\"target\":[\"https:\/\/manosgroup.co.il\/fr\/evacuation-et-reconstruction-pinui-binui\/liens-importants\/\"]}]},{\"@type\":\"BreadcrumbList\",\"@id\":\"https:\/\/manosgroup.co.il\/fr\/evacuation-et-reconstruction-pinui-binui\/liens-importants\/#breadcrumb\",\"itemListElement\":[{\"@type\":\"ListItem\",\"position\":1,\"name\":\"\u05d3\u05e3 \u05d4\u05d1\u05d9\u05ea\",\"item\":\"https:\/\/manosgroup.co.il\/fr\/\"},{\"@type\":\"ListItem\",\"position\":2,\"name\":\"Evacuation et reconstruction (Pinui Binui)\",\"item\":\"https:\/\/manosgroup.co.il\/fr\/evacuation-et-reconstruction-pinui-binui\/\"},{\"@type\":\"ListItem\",\"position\":3,\"name\":\"Liens importants\"}]},{\"@type\":\"WebSite\",\"@id\":\"https:\/\/manosgroup.co.il\/#website\",\"url\":\"https:\/\/manosgroup.co.il\/\",\"name\":\"Manos Group\",\"description\":\"TAMA 38, Pinui Binui, Groupes d\u2019acquisition, Commercialisation d\u2019appartements\",\"potentialAction\":[{\"@type\":\"SearchAction\",\"target\":{\"@type\":\"EntryPoint\",\"urlTemplate\":\"https:\/\/manosgroup.co.il\/?s={search_term_string}\"},\"query-input\":\"required name=search_term_string\"}],\"inLanguage\":\"fr-FR\"}]}<\/script>\n<!-- \/ Yoast SEO plugin. -->","yoast_head_json":{"title":"Liens importants - Manos Group","robots":{"index":"index","follow":"follow","max-snippet":"max-snippet:-1","max-image-preview":"max-image-preview:large","max-video-preview":"max-video-preview:-1"},"canonical":"https:\/\/manosgroup.co.il\/fr\/evacuation-et-reconstruction-pinui-binui\/liens-importants\/","og_locale":"fr_FR","og_type":"article","og_title":"Liens importants - Manos Group","og_url":"https:\/\/manosgroup.co.il\/fr\/evacuation-et-reconstruction-pinui-binui\/liens-importants\/","og_site_name":"Manos Group","article_publisher":"https:\/\/www.facebook.com\/manos38\/","article_modified_time":"2019-01-03T15:34:09+00:00","og_image":[{"width":200,"height":200,"url":"https:\/\/manosgroup.co.il\/wp-content\/uploads\/2015\/06\/23622302_567012973642726_188683304429898474_n.png","type":"image\/png"}],"twitter_card":"summary_large_image","twitter_misc":{"Dur\u00e9e de lecture estim\u00e9e":"1 minute"},"schema":{"@context":"https:\/\/schema.org","@graph":[{"@type":"WebPage","@id":"https:\/\/manosgroup.co.il\/fr\/evacuation-et-reconstruction-pinui-binui\/liens-importants\/","url":"https:\/\/manosgroup.co.il\/fr\/evacuation-et-reconstruction-pinui-binui\/liens-importants\/","name":"Liens importants - Manos Group","isPartOf":{"@id":"https:\/\/manosgroup.co.il\/#website"},"datePublished":"2015-11-03T16:52:50+00:00","dateModified":"2019-01-03T15:34:09+00:00","breadcrumb":{"@id":"https:\/\/manosgroup.co.il\/fr\/evacuation-et-reconstruction-pinui-binui\/liens-importants\/#breadcrumb"},"inLanguage":"fr-FR","potentialAction":[{"@type":"ReadAction","target":["https:\/\/manosgroup.co.il\/fr\/evacuation-et-reconstruction-pinui-binui\/liens-importants\/"]}]},{"@type":"BreadcrumbList","@id":"https:\/\/manosgroup.co.il\/fr\/evacuation-et-reconstruction-pinui-binui\/liens-importants\/#breadcrumb","itemListElement":[{"@type":"ListItem","position":1,"name":"\u05d3\u05e3 \u05d4\u05d1\u05d9\u05ea","item":"https:\/\/manosgroup.co.il\/fr\/"},{"@type":"ListItem","position":2,"name":"Evacuation et reconstruction (Pinui Binui)","item":"https:\/\/manosgroup.co.il\/fr\/evacuation-et-reconstruction-pinui-binui\/"},{"@type":"ListItem","position":3,"name":"Liens importants"}]},{"@type":"WebSite","@id":"https:\/\/manosgroup.co.il\/#website","url":"https:\/\/manosgroup.co.il\/","name":"Manos Group","description":"TAMA 38, Pinui Binui, Groupes d\u2019acquisition, Commercialisation d\u2019appartements","potentialAction":[{"@type":"SearchAction","target":{"@type":"EntryPoint","urlTemplate":"https:\/\/manosgroup.co.il\/?s={search_term_string}"},"query-input":"required name=search_term_string"}],"inLanguage":"fr-FR"}]}},"_links":{"self":[{"href":"https:\/\/manosgroup.co.il\/fr\/wp-json\/wp\/v2\/pages\/13721\/"}],"collection":[{"href":"https:\/\/manosgroup.co.il\/fr\/wp-json\/wp\/v2\/pages\/"}],"about":[{"href":"https:\/\/manosgroup.co.il\/fr\/wp-json\/wp\/v2\/types\/page\/"}],"author":[{"embeddable":true,"href":"https:\/\/manosgroup.co.il\/fr\/wp-json\/wp\/v2\/users\/8\/"}],"replies":[{"embeddable":true,"href":"https:\/\/manosgroup.co.il\/fr\/wp-json\/wp\/v2\/comments\/?post=13721"}],"version-history":[{"count":4,"href":"https:\/\/manosgroup.co.il\/fr\/wp-json\/wp\/v2\/pages\/13721\/revisions\/"}],"predecessor-version":[{"id":22055,"href":"https:\/\/manosgroup.co.il\/fr\/wp-json\/wp\/v2\/pages\/13721\/revisions\/22055\/"}],"up":[{"embeddable":true,"href":"https:\/\/manosgroup.co.il\/fr\/wp-json\/wp\/v2\/pages\/13712\/"}],"wp:attachment":[{"href":"https:\/\/manosgroup.co.il\/fr\/wp-json\/wp\/v2\/media\/?parent=13721"}],"curies":[{"name":"wp","href":"https:\/\/api.w.org\/{rel}","templated":true}]}}