{"id":13706,"date":"2015-11-03T17:55:30","date_gmt":"2015-11-03T15:55:30","guid":{"rendered":"http:\/\/manosgroup.webmanager.org.il\/fr\/?page_id=13706"},"modified":"2020-06-16T14:36:05","modified_gmt":"2020-06-16T11:36:05","slug":"groupes-dacquisitions","status":"publish","type":"page","link":"https:\/\/manosgroup.co.il\/fr\/groupes-dacquisitions\/","title":{"rendered":"Projets"},"content":{"rendered":"<div class=\"fusion-fullwidth fullwidth-box fusion-parallax-none hundred-percent-fullwidth\" style=\"border-color:#eae9e9;border-bottom-width: 0px;border-top-width: 0px;border-bottom-style: solid;border-top-style: solid;padding-bottom:20px;padding-left:0px;padding-right:0px;padding-top:20px;background-position:left top;background-repeat:no-repeat;-webkit-background-size:cover;-moz-background-size:cover;-o-background-size:cover;background-size:cover;\"><div class=\"fusion-row\"><div class=\"fusion-title title thum-recent-head\"><div class=\"title-sep-container\"><div class=\"title-sep sep-none\"><\/div><\/div><h2 class=\"title-heading-right\">Projets S\u00e9lectionn\u00e9s<br \/>\n<\/h2><\/div><div class=\"fusion-recent-works fusion-recent-works-1 fusion-recent-works-grid fusion-portfolio fusion-portfolio-two fusion-portfolio-unboxed fusion-portfolio-grid\" data-columns=\"two\"><style type=\"text\/css\">.fusion-recent-works-1 .fusion-portfolio-wrapper .fusion-col-spacing{padding:6px;}<\/style><div class=\"fusion-portfolio-wrapper\" data-picturesize=\"fixed\" style=\"margin: -6px;\"><div class=\"fusion-portfolio-post groupes-dacquisitions fusion-col-spacing\"><div class=\"fusion-portfolio-content-wrapper\"><span class=\"entry-title\" style=\"display: none;\">Aluma Verte ( Aluma Ha\u2019Yeruka )<\/span><span class=\"vcard\" style=\"display: none;\"><span class=\"fn\"><a href=\"https:\/\/manosgroup.co.il\/fr\/author\/asicohen\/\" title=\"Articles par Asi Cohen\" rel=\"author\">Asi Cohen<\/a><\/span><\/span><span class=\"updated\" style=\"display:none;\">2018-12-04T12:21:58+02:00<\/span><div class=\"fusion-image-wrapper\" aria-haspopup=\"true\"><img width=\"460\" height=\"295\" src=\"https:\/\/manosgroup.co.il\/wp-content\/uploads\/2015\/12\/aluma-yaruka-460x295.jpg\" class=\"attachment-portfolio-two size-portfolio-two wp-post-image\" alt=\"\u05d0\u05dc\u05d5\u05de\u05d4 \u05d9\u05e8\u05d5\u05e7\u05d4 - \u05e7\u05d1\u05d5\u05e6\u05ea \u05e8\u05db\u05d9\u05e9\u05ea \u05e0\u05d3\u05dc&quot;\u05df\" decoding=\"async\" loading=\"lazy\" srcset=\"https:\/\/manosgroup.co.il\/wp-content\/uploads\/2015\/12\/aluma-yaruka-460x295.jpg 460w, https:\/\/manosgroup.co.il\/wp-content\/uploads\/2015\/12\/aluma-yaruka-300x193.jpg 300w, https:\/\/manosgroup.co.il\/wp-content\/uploads\/2015\/12\/aluma-yaruka-768x493.jpg 768w, https:\/\/manosgroup.co.il\/wp-content\/uploads\/2015\/12\/aluma-yaruka-1024x657.jpg 1024w, https:\/\/manosgroup.co.il\/wp-content\/uploads\/2015\/12\/aluma-yaruka.jpg 1304w\" sizes=\"(max-width: 460px) 100vw, 460px\" \/><div class=\"fusion-rollover\"><div class=\"fusion-rollover-content\"><a class=\"fusion-rollover-link\" href=\"https:\/\/manosgroup.co.il\/fr\/le-groupe-dacquisition\/groupes-dacquisitions-galerie\/aluma-verte-aluma-hayeruka\/\">Permalink<\/a><div class=\"fusion-rollover-sep\"><\/div><a class=\"fusion-rollover-gallery\" href=\"https:\/\/manosgroup.co.il\/wp-content\/uploads\/2015\/12\/aluma-yaruka.jpg\" data-rel=\"iLightbox[gallery]\" data-title=\"aluma-yaruka\" data-caption=\"\">Gallery<\/a><h4 class=\"fusion-rollover-title\"><a href=\"https:\/\/manosgroup.co.il\/fr\/le-groupe-dacquisition\/groupes-dacquisitions-galerie\/aluma-verte-aluma-hayeruka\/\">Aluma Verte ( Aluma Ha\u2019Yeruka )<\/a><\/h4><div class=\"fusion-rollover-categories\"><a href=\"https:\/\/manosgroup.co.il\/fr\/portfolio_category\/groupes-dacquisitions\/\" rel=\"tag\">Groupes d\u2019acquisitions<\/a><\/div><\/div><\/div><\/div><\/div><\/div><div class=\"fusion-portfolio-post groupes-dacquisitions fusion-col-spacing\"><div class=\"fusion-portfolio-content-wrapper\"><span class=\"entry-title\" style=\"display: none;\">Har Yona, dans le Haut Nazareth<\/span><span class=\"vcard\" style=\"display: none;\"><span class=\"fn\"><a href=\"https:\/\/manosgroup.co.il\/fr\/author\/asicohen\/\" title=\"Articles par Asi Cohen\" rel=\"author\">Asi Cohen<\/a><\/span><\/span><span class=\"updated\" style=\"display:none;\">2018-12-04T14:28:30+02:00<\/span><div class=\"fusion-image-wrapper\" aria-haspopup=\"true\"><img width=\"460\" height=\"295\" src=\"https:\/\/manosgroup.co.il\/wp-content\/uploads\/2015\/10\/\u05d4\u05e8-\u05d9\u05d5\u05e0\u05d4-\u05e2\u05dd-\u05dc\u05d5\u05d2\u05d5-460x295.jpg\" class=\"attachment-portfolio-two size-portfolio-two wp-post-image\" alt=\"\u05e7\u05d1\u05d5\u05e6\u05ea \u05e8\u05db\u05d9\u05e9\u05d4 \u05d4\u05e8 \u05d9\u05d5\u05e0\u05d4 - \u05ea\u05de\u05d5\u05e0\u05ea \u05e9\u05e2\u05e8\" decoding=\"async\" loading=\"lazy\" srcset=\"https:\/\/manosgroup.co.il\/wp-content\/uploads\/2015\/10\/\u05d4\u05e8-\u05d9\u05d5\u05e0\u05d4-\u05e2\u05dd-\u05dc\u05d5\u05d2\u05d5-460x295.jpg 460w, https:\/\/manosgroup.co.il\/wp-content\/uploads\/2015\/10\/\u05d4\u05e8-\u05d9\u05d5\u05e0\u05d4-\u05e2\u05dd-\u05dc\u05d5\u05d2\u05d5-300x193.jpg 300w, https:\/\/manosgroup.co.il\/wp-content\/uploads\/2015\/10\/\u05d4\u05e8-\u05d9\u05d5\u05e0\u05d4-\u05e2\u05dd-\u05dc\u05d5\u05d2\u05d5-768x494.jpg 768w, https:\/\/manosgroup.co.il\/wp-content\/uploads\/2015\/10\/\u05d4\u05e8-\u05d9\u05d5\u05e0\u05d4-\u05e2\u05dd-\u05dc\u05d5\u05d2\u05d5-1024x659.jpg 1024w, https:\/\/manosgroup.co.il\/wp-content\/uploads\/2015\/10\/\u05d4\u05e8-\u05d9\u05d5\u05e0\u05d4-\u05e2\u05dd-\u05dc\u05d5\u05d2\u05d5.jpg 1458w\" sizes=\"(max-width: 460px) 100vw, 460px\" \/><div class=\"fusion-rollover\"><div class=\"fusion-rollover-content\"><a class=\"fusion-rollover-link\" href=\"https:\/\/manosgroup.co.il\/fr\/groupes-dacquisitions\/groupes-dacquisitions-galerie\/har-yona-the-orthodox-town\/\">Permalink<\/a><div class=\"fusion-rollover-sep\"><\/div><a class=\"fusion-rollover-gallery\" href=\"https:\/\/manosgroup.co.il\/wp-content\/uploads\/2015\/10\/\u05d4\u05e8-\u05d9\u05d5\u05e0\u05d4-\u05e2\u05dd-\u05dc\u05d5\u05d2\u05d5.jpg\" data-rel=\"iLightbox[gallery]\" data-title=\"\u05d4\u05e8 \u05d9\u05d5\u05e0\u05d4 \u05e2\u05dd \u05dc\u05d5\u05d2\u05d5\" data-caption=\"\">Gallery<\/a><h4 class=\"fusion-rollover-title\"><a href=\"https:\/\/manosgroup.co.il\/fr\/groupes-dacquisitions\/groupes-dacquisitions-galerie\/har-yona-the-orthodox-town\/\">Har Yona, dans le Haut Nazareth<\/a><\/h4><div class=\"fusion-rollover-categories\"><a href=\"https:\/\/manosgroup.co.il\/fr\/portfolio_category\/groupes-dacquisitions\/\" rel=\"tag\">Groupes d\u2019acquisitions<\/a><\/div><\/div><\/div><\/div><\/div><\/div><div class=\"fusion-portfolio-post groupes-dacquisitions fusion-col-spacing\"><div class=\"fusion-portfolio-content-wrapper\"><span class=\"entry-title\" style=\"display: none;\">Ramot Vert (Ramot Ha\u2019Yeruka), J\u00e9rusalem<\/span><span class=\"vcard\" style=\"display: none;\"><span class=\"fn\"><a href=\"https:\/\/manosgroup.co.il\/fr\/author\/asicohen\/\" title=\"Articles par Asi Cohen\" rel=\"author\">Asi Cohen<\/a><\/span><\/span><span class=\"updated\" style=\"display:none;\">2018-12-04T12:25:52+02:00<\/span><div class=\"fusion-image-wrapper\" aria-haspopup=\"true\"><img width=\"460\" height=\"295\" src=\"https:\/\/manosgroup.co.il\/wp-content\/uploads\/2015\/11\/ramot-yaruka-460x295.jpg\" class=\"attachment-portfolio-two size-portfolio-two wp-post-image\" alt=\"\u05e7\u05d1\u05d5\u05e6\u05d5\u05ea \u05e8\u05db\u05d9\u05e9\u05d4 - \u05d2\u05d9\u05dc\u05d4 \u05d4\u05d9\u05e8\u05d5\u05e7\u05d4\" decoding=\"async\" loading=\"lazy\" srcset=\"https:\/\/manosgroup.co.il\/wp-content\/uploads\/2015\/11\/ramot-yaruka-460x295.jpg 460w, https:\/\/manosgroup.co.il\/wp-content\/uploads\/2015\/11\/ramot-yaruka-300x193.jpg 300w, https:\/\/manosgroup.co.il\/wp-content\/uploads\/2015\/11\/ramot-yaruka-768x493.jpg 768w, https:\/\/manosgroup.co.il\/wp-content\/uploads\/2015\/11\/ramot-yaruka-1024x657.jpg 1024w, https:\/\/manosgroup.co.il\/wp-content\/uploads\/2015\/11\/ramot-yaruka.jpg 1304w\" sizes=\"(max-width: 460px) 100vw, 460px\" \/><div class=\"fusion-rollover\"><div class=\"fusion-rollover-content\"><a class=\"fusion-rollover-link\" href=\"https:\/\/manosgroup.co.il\/fr\/groupes-dacquisitions\/groupes-dacquisitions-galerie\/ramot-vert-ramot-hayeruka-jerusalem\/\">Permalink<\/a><div class=\"fusion-rollover-sep\"><\/div><a class=\"fusion-rollover-gallery\" href=\"https:\/\/manosgroup.co.il\/wp-content\/uploads\/2015\/11\/ramot-yaruka.jpg\" data-rel=\"iLightbox[gallery]\" data-title=\"ramot-yaruka\" data-caption=\"\">Gallery<\/a><h4 class=\"fusion-rollover-title\"><a href=\"https:\/\/manosgroup.co.il\/fr\/groupes-dacquisitions\/groupes-dacquisitions-galerie\/ramot-vert-ramot-hayeruka-jerusalem\/\">Ramot Vert (Ramot Ha\u2019Yeruka), J\u00e9rusalem<\/a><\/h4><div class=\"fusion-rollover-categories\"><a href=\"https:\/\/manosgroup.co.il\/fr\/portfolio_category\/groupes-dacquisitions\/\" rel=\"tag\">Groupes d\u2019acquisitions<\/a><\/div><\/div><\/div><\/div><\/div><\/div><\/div><\/div><\/div><\/div><div class=\"fusion-fullwidth fullwidth-box fusion-parallax-none\" style=\"border-color:#eae9e9;border-bottom-width: 0px;border-top-width: 0px;border-bottom-style: solid;border-top-style: solid;padding-bottom:20px;padding-left:0px;padding-right:0px;padding-top:20px;background-position:left top;background-repeat:no-repeat;-webkit-background-size:cover;-moz-background-size:cover;-o-background-size:cover;background-size:cover;\"><div class=\"fusion-row\">\t\t\t\t<style media=\"screen\">\n\t\t\t\t\t@media only screen and (max-width: 640px) {\n\t\t\t\t\t\t.sidebar .side-nav { display: none;}\n\t\t\t\t\t}\n\t\t\t\t<\/style>\n\t\t\t<div class=\"menu-groupes-dacquisition-container\"><ul id=\"menu-groupes-dacquisition\" class=\"mobile_menu_holder side-nav\"><li id=\"menu-item-15792\" class=\"menu-item menu-item-type-post_type menu-item-object-page menu-item-15792\"><a href=\"https:\/\/manosgroup.co.il\/fr\/groupes-dacquisitions\/\">Le groupe d&rsquo;acquisition<\/a><\/li>\n<li id=\"menu-item-15793\" class=\"menu-item menu-item-type-post_type menu-item-object-page menu-item-has-children menu-item-15793\"><a href=\"https:\/\/manosgroup.co.il\/fr\/groupes-dacquisitions\/groupes-dacquisitions-galerie\/\">Projets Galerie<\/a>\n<ul class=\"sub-menu\">\n\t<li id=\"menu-item-15798\" class=\"menu-item menu-item-type-post_type menu-item-object-page menu-item-15798\"><a href=\"https:\/\/manosgroup.co.il\/fr\/?page_id=15470\">Une maison id\u00e9ale \u2013 Beitar Elite<\/a><\/li>\n\t<li id=\"menu-item-15794\" class=\"menu-item menu-item-type-post_type menu-item-object-page menu-item-15794\"><a href=\"https:\/\/manosgroup.co.il\/fr\/groupes-dacquisitions\/groupes-dacquisitions-galerie\/aluma-verte-aluma-hayeruka\/\">Aluma Verte ( Aluma Ha&rsquo;Yeruka )<\/a><\/li>\n\t<li id=\"menu-item-15797\" class=\"menu-item menu-item-type-post_type menu-item-object-page menu-item-15797\"><a href=\"https:\/\/manosgroup.co.il\/fr\/groupes-dacquisitions\/groupes-dacquisitions-galerie\/ramot-vert-ramot-hayeruka-jerusalem\/\">Ramot Vert (Ramot Ha&rsquo;Yeruka), J\u00e9rusalem<\/a><\/li>\n<\/ul>\n<\/li>\n<li id=\"menu-item-15799\" class=\"menu-item menu-item-type-post_type menu-item-object-page menu-item-15799\"><a href=\"https:\/\/manosgroup.co.il\/fr\/groupes-dacquisitions\/les-groupes-dacquisition-dans-les-medias\/\">Les groupes d&rsquo;acquisition dans les m\u00e9dias<\/a><\/li>\n<\/ul><\/div>\n<\/div><\/div><div class=\"fusion-title title\"><h1 class=\"title-heading-left\">Groupes d\u2019acquisitions<\/h1><div class=\"title-sep-container\"><div class=\"title-sep sep-none\"><\/div><\/div><\/div><p>Le Groupe Manos est sp\u00e9cialis\u00e9 dans l&rsquo;organisation et la gestion de groupes d&rsquo;acquisition c&rsquo;est \u00e0 dire, la formation de groupes de personnes pour l&rsquo;\u00e9laboration d&rsquo;un projet d&rsquo;habitation performant \u00e0 un prix attractif en \u00e9vitant la marge des promoteurs dont on sait pertinemment que leurs prix sont calcul\u00e9s sur une base COST +.(le co\u00fbt + la marge)<\/p>\n<p>Le syst\u00e8me de gestion du Groupe Manos propose un cr\u00e9neau rentable pour le r\u00e9sident, de l&rsquo;immobilier direct sans commission, sans \u00eatre d\u00e9pendant de l&rsquo;entrepreneur et des agents immobiliers, dans l&rsquo;optique d&rsquo;une importante \u00e9conomie tout au long des diverses phases, depuis l&rsquo;acquisition du terrain jusqu&rsquo;\u00e0 la remise des clefs du nouveau logement, une \u00e9conomie qui se traduit par une baisse sur les taxes, sur l&rsquo;achat du terrain, sur les d\u00e9livrances des permis, sur la conception, l&rsquo;ing\u00e9nierie, le conseil juridique, la publicit\u00e9 et le transfert, les commissions aux interm\u00e9diaires, l&rsquo;architecture et la d\u00e9coration int\u00e9rieure, les autorisations, la gestion de la r\u00e9alisation, etc\u2026<\/p>\n<p>&nbsp;<\/p>\n<p><u>En savoir plus\u2026 <\/u><\/p>\n<p>De 2005 \u00e0 aujourd&rsquo;hui, 40% des appartements neufs de la r\u00e9gion du centre sont construits par des groupes d&rsquo;acquisition \u2013 c&rsquo;est l&rsquo;immobilier du futur, un immobilier direct instaur\u00e9 par des groupes d&rsquo;acquisition fonctionnant suivant le m\u00eame principe que celui du Groupe Manos, par lequel on peut choisir le quartier, les caract\u00e9ristiques techniques \u00a0souhait\u00e9es et construire du haut de gamme pour un prix raisonnable.<\/p>\n<p>Le Groupe Manos d\u00e9livre \u00e0 sa client\u00e8le une large gamme de services et une s\u00e9rieuse \u00e9conomie financi\u00e8re :<\/p>\n<ul>\n<li>Une \u00e9conomie sur le co\u00fbt du terrain<\/li>\n<li>Une \u00e9conomie sur le co\u00fbt de la commercialisation<\/li>\n<li>Une \u00e9conomie sur le plan juridique<\/li>\n<li>Une \u00e9conomie sur le co\u00fbt de la conception<\/li>\n<li>Un parcours rapide pour la commission de planification et les autorisations<\/li>\n<li>Une \u00e9conomie sur le co\u00fbt de construction<\/li>\n<li>Un plan avanc\u00e9 des caract\u00e9ristiques techniques \u00e0 moindre co\u00fbt: aluminium, carrelage, c\u00e9ramique, mat\u00e9riel sanitaire, cuisine, portes et salles de bain.<\/li>\n<\/ul>\n<div class=\"fusion-fullwidth fullwidth-box fusion-parallax-none fusion-equal-height-columns new-grey-bg new\" style=\"border-color:#eae9e9;border-bottom-width: 0px;border-top-width: 0px;border-bottom-style: solid;border-top-style: solid;padding-bottom:20px;padding-left:0px;padding-right:0px;padding-top:20px;background-position:left top;background-repeat:no-repeat;-webkit-background-size:cover;-moz-background-size:cover;-o-background-size:cover;background-size:cover;\"><div class=\"fusion-row\"><div class=\"fusion-one-fourth fusion-layout-column fusion-spacing-yes\" style=\"margin-top:0px;margin-bottom:20px;\"><div class=\"fusion-column-wrapper\"><span class=\"fusion-imageframe imageframe-none imageframe-1\"> <img decoding=\"async\" alt=\"\" src=\"https:\/\/manosgroup.co.il\/wp-content\/uploads\/2018\/11\/bullet-1.png\" class=\"img-responsive\"\/><\/span><\/div><\/div><div class=\"fusion-three-fourth fusion-layout-column fusion-column-last fusion-spacing-yes\" style=\"margin-top:0px;margin-bottom:20px;\"><div class=\"fusion-column-wrapper\"><div class=\"fusion-title title padding:15px;\"><div class=\"title-sep-container\"><div class=\"title-sep sep-none\"><\/div><\/div><h2 class=\"title-heading-right\"><span style=\"padding-right: 15px;\">Les diff\u00e9rents groupes d&rsquo;acquisition <\/span><\/h2><\/div><div style=\"padding-left: 15px; padding-right: 15px;\">\n<p>Le Groupe Manos g\u00e8re 3 types de groupes d&rsquo;acquisition:<\/p>\n<ul>\n<li><strong>Des groupes d&rsquo;acquisition homog\u00e8nes<\/strong> \u2013 concerne des populations souhaitant vivre ensembles, (religieux nationalistes, Haridim (religieux stricts), Hassidim, Litayim, etc\u2026)<\/li>\n<li><strong>Des groupes d&rsquo;acquisition ouverts <\/strong>\u2013 concerne des personnes qui se r\u00e9unissent au moyen d&rsquo;une publicit\u00e9 et commercialisation afin d&rsquo;acqu\u00e9rir des logements de qualit\u00e9 \u00e0 des prix plus attractifs.<\/li>\n<li><strong>Des groupes d&rsquo;acquisition coop\u00e9ratifs <\/strong>\u2013 concerne un groupe d\u00e9j\u00e0 form\u00e9 souhaitant louer des services de gestion et d&rsquo;\u00e9laboration.<\/li>\n<\/ul>\n<\/div>\n<p>&nbsp;<\/p>\n<\/div><\/div><div class=\"fusion-clearfix\"><\/div><\/div><\/div><div class=\"fusion-fullwidth fullwidth-box fusion-parallax-none hundred-percent-fullwidth slogan-thum\" style=\"border-color:#eae9e9;border-bottom-width: 0px;border-top-width: 0px;border-bottom-style: solid;border-top-style: solid;padding-bottom:20px;padding-left:0px;padding-right:0px;padding-top:20px;background-color:#4b4f54;background-position:center bottom;background-repeat:no-repeat;-webkit-background-size:cover;-moz-background-size:cover;-o-background-size:cover;background-size:cover;\"><div class=\"fusion-row\"><div class=\"fusion-title title\"><h4 class=\"title-heading-left\">\n<h4 style=\"float: right;\">Parce que cette maison est \u00e0 moi<\/h4>\n<p style=\"float: right;\"><img decoding=\"async\" loading=\"lazy\" class=\"alignnone size-full wp-image-11874\" src=\"https:\/\/manosgroup.co.il\/wp-content\/uploads\/2015\/06\/23622302_567012973642726_188683304429898474_n-150x150.png\" alt=\"ManosICON-TMA38p\" width=\"120\" height=\"135\" \/><\/p>\n<\/h4><div class=\"title-sep-container\"><div class=\"title-sep sep-none\"><\/div><\/div><\/div><\/div><\/div>\n","protected":false},"excerpt":{"rendered":"","protected":false},"author":8,"featured_media":0,"parent":0,"menu_order":0,"comment_status":"open","ping_status":"closed","template":"side-navigation.php","meta":{"_links_to":"","_links_to_target":""},"acf":[],"yoast_head":"<!-- This site is optimized with the Yoast SEO plugin v20.10 - https:\/\/yoast.com\/wordpress\/plugins\/seo\/ -->\n<title>Groupes d\u2019acquisitions | Le Groupe Manos<\/title>\n<meta name=\"description\" content=\"Groupes d\u2019acquisitions -\u00a0Le Groupe Manos est sp\u00e9cialis\u00e9 dans l&#039;organisation et la gestion de groupes d&#039;acquisition c&#039;est \u00e0 dire, la formation de groupes de personnes pour l&#039;\u00e9laboration d&#039;un projet d&#039;habitation performant \u00e0 un prix attractif\" \/>\n<meta name=\"robots\" content=\"index, follow, max-snippet:-1, max-image-preview:large, max-video-preview:-1\" \/>\n<link rel=\"canonical\" href=\"https:\/\/manosgroup.co.il\/fr\/groupes-dacquisitions\/\" \/>\n<meta property=\"og:locale\" content=\"fr_FR\" \/>\n<meta property=\"og:type\" content=\"article\" \/>\n<meta property=\"og:title\" content=\"Groupes d\u2019acquisitions | Le Groupe Manos\" \/>\n<meta property=\"og:description\" content=\"Groupes d\u2019acquisitions -\u00a0Le Groupe Manos est sp\u00e9cialis\u00e9 dans l&#039;organisation et la gestion de groupes d&#039;acquisition c&#039;est \u00e0 dire, la formation de groupes de personnes pour l&#039;\u00e9laboration d&#039;un projet d&#039;habitation performant \u00e0 un prix attractif\" \/>\n<meta property=\"og:url\" content=\"https:\/\/manosgroup.co.il\/fr\/groupes-dacquisitions\/\" \/>\n<meta property=\"og:site_name\" content=\"Manos Group\" \/>\n<meta property=\"article:publisher\" content=\"https:\/\/www.facebook.com\/manos38\/\" \/>\n<meta property=\"article:modified_time\" content=\"2020-06-16T11:36:05+00:00\" \/>\n<meta property=\"og:image\" content=\"https:\/\/manosgroup.co.il\/wp-content\/uploads\/2018\/11\/bullet-1.png\" \/>\n<meta name=\"twitter:card\" content=\"summary_large_image\" \/>\n<meta name=\"twitter:label1\" content=\"Dur\u00e9e de lecture estim\u00e9e\" \/>\n\t<meta name=\"twitter:data1\" content=\"5 minutes\" \/>\n<script type=\"application\/ld+json\" class=\"yoast-schema-graph\">{\"@context\":\"https:\/\/schema.org\",\"@graph\":[{\"@type\":\"WebPage\",\"@id\":\"https:\/\/manosgroup.co.il\/fr\/groupes-dacquisitions\/\",\"url\":\"https:\/\/manosgroup.co.il\/fr\/groupes-dacquisitions\/\",\"name\":\"Groupes d\u2019acquisitions | Le Groupe Manos\",\"isPartOf\":{\"@id\":\"https:\/\/manosgroup.co.il\/#website\"},\"datePublished\":\"2015-11-03T15:55:30+00:00\",\"dateModified\":\"2020-06-16T11:36:05+00:00\",\"description\":\"Groupes d\u2019acquisitions -\u00a0Le Groupe Manos est sp\u00e9cialis\u00e9 dans l'organisation et la gestion de groupes d'acquisition c'est \u00e0 dire, la formation de groupes de personnes pour l'\u00e9laboration d'un projet d'habitation performant \u00e0 un prix attractif\",\"breadcrumb\":{\"@id\":\"https:\/\/manosgroup.co.il\/fr\/groupes-dacquisitions\/#breadcrumb\"},\"inLanguage\":\"fr-FR\",\"potentialAction\":[{\"@type\":\"ReadAction\",\"target\":[\"https:\/\/manosgroup.co.il\/fr\/groupes-dacquisitions\/\"]}]},{\"@type\":\"BreadcrumbList\",\"@id\":\"https:\/\/manosgroup.co.il\/fr\/groupes-dacquisitions\/#breadcrumb\",\"itemListElement\":[{\"@type\":\"ListItem\",\"position\":1,\"name\":\"\u05d3\u05e3 \u05d4\u05d1\u05d9\u05ea\",\"item\":\"https:\/\/manosgroup.co.il\/fr\/\"},{\"@type\":\"ListItem\",\"position\":2,\"name\":\"Projets\"}]},{\"@type\":\"WebSite\",\"@id\":\"https:\/\/manosgroup.co.il\/#website\",\"url\":\"https:\/\/manosgroup.co.il\/\",\"name\":\"Manos Group\",\"description\":\"TAMA 38, Pinui Binui, Groupes d\u2019acquisition, Commercialisation d\u2019appartements\",\"potentialAction\":[{\"@type\":\"SearchAction\",\"target\":{\"@type\":\"EntryPoint\",\"urlTemplate\":\"https:\/\/manosgroup.co.il\/?s={search_term_string}\"},\"query-input\":\"required name=search_term_string\"}],\"inLanguage\":\"fr-FR\"}]}<\/script>\n<!-- \/ Yoast SEO plugin. -->","yoast_head_json":{"title":"Groupes d\u2019acquisitions | Le Groupe Manos","description":"Groupes d\u2019acquisitions -\u00a0Le Groupe Manos est sp\u00e9cialis\u00e9 dans l'organisation et la gestion de groupes d'acquisition c'est \u00e0 dire, la formation de groupes de personnes pour l'\u00e9laboration d'un projet d'habitation performant \u00e0 un prix attractif","robots":{"index":"index","follow":"follow","max-snippet":"max-snippet:-1","max-image-preview":"max-image-preview:large","max-video-preview":"max-video-preview:-1"},"canonical":"https:\/\/manosgroup.co.il\/fr\/groupes-dacquisitions\/","og_locale":"fr_FR","og_type":"article","og_title":"Groupes d\u2019acquisitions | Le Groupe Manos","og_description":"Groupes d\u2019acquisitions -\u00a0Le Groupe Manos est sp\u00e9cialis\u00e9 dans l'organisation et la gestion de groupes d'acquisition c'est \u00e0 dire, la formation de groupes de personnes pour l'\u00e9laboration d'un projet d'habitation performant \u00e0 un prix attractif","og_url":"https:\/\/manosgroup.co.il\/fr\/groupes-dacquisitions\/","og_site_name":"Manos Group","article_publisher":"https:\/\/www.facebook.com\/manos38\/","article_modified_time":"2020-06-16T11:36:05+00:00","og_image":[{"url":"https:\/\/manosgroup.co.il\/wp-content\/uploads\/2018\/11\/bullet-1.png"}],"twitter_card":"summary_large_image","twitter_misc":{"Dur\u00e9e de lecture estim\u00e9e":"5 minutes"},"schema":{"@context":"https:\/\/schema.org","@graph":[{"@type":"WebPage","@id":"https:\/\/manosgroup.co.il\/fr\/groupes-dacquisitions\/","url":"https:\/\/manosgroup.co.il\/fr\/groupes-dacquisitions\/","name":"Groupes d\u2019acquisitions | Le Groupe Manos","isPartOf":{"@id":"https:\/\/manosgroup.co.il\/#website"},"datePublished":"2015-11-03T15:55:30+00:00","dateModified":"2020-06-16T11:36:05+00:00","description":"Groupes d\u2019acquisitions -\u00a0Le Groupe Manos est sp\u00e9cialis\u00e9 dans l'organisation et la gestion de groupes d'acquisition c'est \u00e0 dire, la formation de groupes de personnes pour l'\u00e9laboration d'un projet d'habitation performant \u00e0 un prix attractif","breadcrumb":{"@id":"https:\/\/manosgroup.co.il\/fr\/groupes-dacquisitions\/#breadcrumb"},"inLanguage":"fr-FR","potentialAction":[{"@type":"ReadAction","target":["https:\/\/manosgroup.co.il\/fr\/groupes-dacquisitions\/"]}]},{"@type":"BreadcrumbList","@id":"https:\/\/manosgroup.co.il\/fr\/groupes-dacquisitions\/#breadcrumb","itemListElement":[{"@type":"ListItem","position":1,"name":"\u05d3\u05e3 \u05d4\u05d1\u05d9\u05ea","item":"https:\/\/manosgroup.co.il\/fr\/"},{"@type":"ListItem","position":2,"name":"Projets"}]},{"@type":"WebSite","@id":"https:\/\/manosgroup.co.il\/#website","url":"https:\/\/manosgroup.co.il\/","name":"Manos Group","description":"TAMA 38, Pinui Binui, Groupes d\u2019acquisition, Commercialisation d\u2019appartements","potentialAction":[{"@type":"SearchAction","target":{"@type":"EntryPoint","urlTemplate":"https:\/\/manosgroup.co.il\/?s={search_term_string}"},"query-input":"required name=search_term_string"}],"inLanguage":"fr-FR"}]}},"_links":{"self":[{"href":"https:\/\/manosgroup.co.il\/fr\/wp-json\/wp\/v2\/pages\/13706\/"}],"collection":[{"href":"https:\/\/manosgroup.co.il\/fr\/wp-json\/wp\/v2\/pages\/"}],"about":[{"href":"https:\/\/manosgroup.co.il\/fr\/wp-json\/wp\/v2\/types\/page\/"}],"author":[{"embeddable":true,"href":"https:\/\/manosgroup.co.il\/fr\/wp-json\/wp\/v2\/users\/8\/"}],"replies":[{"embeddable":true,"href":"https:\/\/manosgroup.co.il\/fr\/wp-json\/wp\/v2\/comments\/?post=13706"}],"version-history":[{"count":17,"href":"https:\/\/manosgroup.co.il\/fr\/wp-json\/wp\/v2\/pages\/13706\/revisions\/"}],"predecessor-version":[{"id":23699,"href":"https:\/\/manosgroup.co.il\/fr\/wp-json\/wp\/v2\/pages\/13706\/revisions\/23699\/"}],"wp:attachment":[{"href":"https:\/\/manosgroup.co.il\/fr\/wp-json\/wp\/v2\/media\/?parent=13706"}],"curies":[{"name":"wp","href":"https:\/\/api.w.org\/{rel}","templated":true}]}}