{"id":13681,"date":"2015-11-02T18:13:59","date_gmt":"2015-11-02T16:13:59","guid":{"rendered":"http:\/\/manosgroup.webmanager.org.il\/fr\/?page_id=13681"},"modified":"2019-01-03T17:03:42","modified_gmt":"2019-01-03T15:03:42","slug":"specifications-techniques-du-projet-tama-38","status":"publish","type":"page","link":"https:\/\/manosgroup.co.il\/fr\/tama-38\/specifications-techniques-du-projet-tama-38\/","title":{"rendered":"Sp\u00e9cifications Techniques du Projet Tama 38"},"content":{"rendered":"<div class=\"fusion-fullwidth fullwidth-box fusion-parallax-none\" style=\"border-color:#eae9e9;border-bottom-width: 0px;border-top-width: 0px;border-bottom-style: solid;border-top-style: solid;padding-bottom:20px;padding-left:0px;padding-right:0px;padding-top:20px;background-position:left top;background-repeat:no-repeat;-webkit-background-size:cover;-moz-background-size:cover;-o-background-size:cover;background-size:cover;\"><div class=\"fusion-row\"><div class=\"fusion-content-boxes content-boxes columns fusion-columns-1 fusion-content-boxes-1 content-boxes-icon-with-title row content-left\" style=\"margin-top:0px;margin-bottom:1px;\"><div class=\"fusion-column content-box-column content-box-column-1 col-lg-12 col-md-12 col-sm-12\"><div class=\"col content-wrapper\"><div class=\"heading icon-left\"><\/div><div class=\"fusion-clearfix\"><\/div><div class=\"content-container\">\n<div dir=\"ltr\">* Les sp\u00e9cifications sont g\u00e9n\u00e9raux et sp\u00e9cifiques \u00e0 chaque projet en fonction des exigences et des diff\u00e9rentes contraintes.<\/div>\n<\/div><\/div><\/div><div class=\"fusion-clearfix\"><\/div><div class=\"fusion-clearfix\"><\/div><\/div><div class=\"fusion-title title\"><h2 class=\"title-heading-left\">G\u00e9n\u00e9ral<\/h2><div class=\"title-sep-container\"><div class=\"title-sep sep-double\"><\/div><\/div><\/div><ol>\n<li class=\"text\">Tous les produits et travaux seront effectu\u00e9s conform\u00e9ment aux normes isra\u00e9liennes, le cas \u00e9ch\u00e9ant.<\/li>\n<li class=\"text\">\u00c0 chaque endroit o\u00f9 il est stipul\u00e9 (ou \u00e9quivalent) le choix sera celui de l&rsquo;entrepreneur.<\/li>\n<li class=\"text\">Le choix des gammes finales sera effectu\u00e9 par l&rsquo;architecte, et conform\u00e9ment aux sp\u00e9cifications.<\/li>\n<\/ol>\n<\/div><\/div><div class=\"fusion-fullwidth fullwidth-box fusion-parallax-none\" style=\"border-color:#eae9e9;border-bottom-width: 0px;border-top-width: 0px;border-bottom-style: solid;border-top-style: solid;padding-bottom:20px;padding-left:0px;padding-right:0px;padding-top:20px;background-position:left top;background-repeat:no-repeat;-webkit-background-size:cover;-moz-background-size:cover;-o-background-size:cover;background-size:cover;\"><div class=\"fusion-row\"><div class=\"fusion-title title\"><h2 class=\"title-heading-left\">D\u00e9veloppement de la surface<\/h2><div class=\"title-sep-container\"><div class=\"title-sep sep-double\"><\/div><\/div><\/div><p><strong>a1. \u00a0 \u00a0 Carrelage et rev\u00eatement<br \/>\n<\/strong>a1.1.\u00a0 L&rsquo;all\u00e9e sera recouverte de pierres naturelles. La pierre sera l\u00e9g\u00e8rement cisel\u00e9e. Les pierres<br \/>\nseront positionn\u00e9es selon le plan de l\u2019architecte.<br \/>\na1.2.\u00a0 Tous les \u00e9tages dans les escaliers communs seront fait avec du ciment pr\u00e9fabriqu\u00e9 Ackerstein<br \/>\nou un \u00e9quivalent.<br \/>\na1.3.<strong>\u00a0 <\/strong>Les barri\u00e8res seront recouvertes de vernis en pierre naturelle, et d&rsquo;une \u00e9paisseur de<br \/>\n50 millim\u00e8tres de pierres naturelles l\u00e9g\u00e8rement affin\u00e9es.<br \/>\na1.4.<strong>\u00a0 <\/strong>Tout le rev\u00eatement en pierre sera effectu\u00e9 sur une couche en ciment, incluant un filet de m\u00e9tal<br \/>\ngalvanis\u00e9 et renforc\u00e9.<br \/>\na1.5.\u00a0 La largeur minimum du carrelage en pierre est de 40 millim\u00e8tres.<\/p>\n<p><span class=\"text\"><strong>\u00a0<\/strong><\/span><strong><strong>a2. \u00a0\u00a0 \u00c9clairage<\/strong><br \/>\n<\/strong><span lang=\"FR\">a2.1.<\/span><strong><span lang=\"FR\">\u00a0 <\/span><\/strong><span lang=\"FR\">Un <\/span><span lang=\"FR\">\u00e9clairage recouvrant les vis sera plac\u00e9 dans le mur, \u00e0 c\u00f4t\u00e9 de chaque escalier externe.<\/span><span lang=\"FR\"><br \/>\n<\/span><span lang=\"FR\">a2.2.\u00a0\u00a0<\/span><strong><span lang=\"FR\">\u00a0<\/span><\/strong><span lang=\"FR\">Au-dessus des entr\u00e9es de l&rsquo;immeuble un signe illumin\u00e9 standard sera install\u00e9, indiquant<br \/>\nl&rsquo;adresse de l&rsquo;immeuble.<\/span><\/p>\n<p><strong><strong>a3. \u00a0 \u00a0 Jardin<\/strong><br \/>\n<\/strong><span lang=\"FR\">a3.1.<\/span><strong><span lang=\"FR\">\u00a0 <\/span><\/strong><span lang=\"FR\">Toutes les zones d\u00e9sign\u00e9es pour les jardins, selon le d\u00e9veloppement de la zone, seront<br \/>\nremplies de terre de jardin d&rsquo;une marque approuv\u00e9e, avec une \u00a0profondeur minimum de<br \/>\n40 centim\u00e8tres (y compris au-dessus du toit du stationnement).<\/span><span lang=\"FR\"><br \/>\n<\/span><span lang=\"FR\">a3.2.\u00a0<\/span> <span lang=\"FR\">Les travaux de jardinage seront effectu\u00e9s selon le plan de jardinage effectu\u00e9 par l&rsquo;architecte.<br \/>\nLes arbres qui seront plant\u00e9s seront des arbres adultes.<\/span><span lang=\"FR\"><br \/>\n<\/span><span lang=\"FR\">a3.3.\u00a0<\/span> <span lang=\"FR\">Dans toutes les zones de jardinage un syst\u00e8me d&rsquo;arrosage sera install\u00e9. Il comprendra des<br \/>\narroseurs et des pipettes. Le syst\u00e8me sera contr\u00f4l\u00e9 par ordinateur.<\/span>.<\/p>\n<p><strong><strong>a4. \u00a0 \u00a0 <\/strong><strong>Rampes d&rsquo;escalier<\/strong><br \/>\n<\/strong><span lang=\"FR\">a4.1.<\/span><strong><span lang=\"FR\">\u00a0 <\/span><\/strong><span lang=\"FR\">Les rampes d&rsquo;escalier seront faites de fer galvanis\u00e9 et peintes de trois couches m\u00e9talliques,<br \/>\nselon le choix de l&rsquo;architecte.<\/span><span lang=\"FR\"><br \/>\n<\/span><span lang=\"FR\">a4.2.<\/span><strong><span lang=\"FR\">\u00a0 <\/span><\/strong><span lang=\"FR\">Les rampes des balcons seront faites de fer galvanis\u00e9 et peinte de trois couches m\u00e9talliques,<br \/>\nselon le choix de l&rsquo;architecte.<\/span><span lang=\"FR\"><br \/>\n<\/span><span lang=\"FR\">a4.3.<\/span><strong><span lang=\"FR\">\u00a0 <\/span><\/strong><span lang=\"FR\">Les rampes en verre seront faites de verre \u00e0 double \u00e9paisseur et renforc\u00e9es, selon la norme<\/span>.<\/p>\n<\/div><\/div><div class=\"fusion-fullwidth fullwidth-box fusion-parallax-none\" style=\"border-color:#eae9e9;border-bottom-width: 0px;border-top-width: 0px;border-bottom-style: solid;border-top-style: solid;padding-bottom:20px;padding-left:0px;padding-right:0px;padding-top:20px;background-position:left top;background-repeat:no-repeat;-webkit-background-size:cover;-moz-background-size:cover;-o-background-size:cover;background-size:cover;\"><div class=\"fusion-row\"><div class=\"fusion-title title\"><h2 class=\"title-heading-left\">Stationnement, R\u00e9ception, Escaliers et Ascenseurs<\/h2><div class=\"title-sep-container\"><div class=\"title-sep sep-double\"><\/div><\/div><\/div><p class=\"text\"><strong>b.1. \u00a0\u00a0 <\/strong><strong>Entrance<\/strong><br \/>\nb.1.1. Carrelage: casser le sol actuel. Installer le carrelage terrazzo ou un carrelage r\u00e9sistant en<br \/>\nporcelaine de granite, fabriqu\u00e9 par Negev Ceramics ou \u00e9quivalent, selon le choix de<br \/>\nl&rsquo;architecte, \u00e0 hauteur de 60 shekels le m\u00e8tre carr\u00e9. \u00a0Couvrir les murs dans l&rsquo;entr\u00e9e \u00e0 une<br \/>\nhauteur de 1.05 m\u00e8tre avec du marbre ou de la porcelaine de granite fabriqu\u00e9 par Negev<br \/>\nCeramics ou \u00e9quivalent, \u00e0 hauteur de 60 shekels le m\u00e8tre carr\u00e9.<br \/>\nb1.3. \u00a0La porte de l&rsquo;immeuble sera fabriqu\u00e9e en aluminium de la soci\u00e9t\u00e9 Klil, mod\u00e8le 2200, combin\u00e9<br \/>\navec du verre ou \u00e9quivalent, avec 6 millim\u00e8tres de vitrage et un verrou de s\u00e9curit\u00e9 \u00e9lectrique.<br \/>\nb.1.4. \u00c9clairage: Un syst\u00e8me automatique d&rsquo;\u00e9clairage pour illuminer l&rsquo;entr\u00e9 avec \u00e9clairage type PL,<br \/>\ncombin\u00e9 et d\u00e9coratif \u00e0 l&rsquo;entr\u00e9e de l&rsquo;ascenseur. Au centre de la vitrine, des boites aux lettres \u00e0<br \/>\ndeux c\u00f4t\u00e9s seront install\u00e9es.<br \/>\nb1.6. \u00a0Remplir les fissures existantes pour \u00e9viter l&rsquo;humidit\u00e9.<\/p>\n<p class=\"text\"><strong>b.2. \u00a0\u00a0\u00a0 Escaliers<\/strong><br \/>\nb.2.1. \u00a0Renouvellement des escaliers, selon les sp\u00e9cifications de l&rsquo;architecte.<br \/>\nb.2.2. \u00a0Connexion des escaliers existants \u00e0 l&rsquo;ascenseur et aux nouveaux terrains.<br \/>\nb.2.3. \u00a0Peinte des escaliers avec Super \u2013 Krill par Tambour ou \u00e9quivalent.<br \/>\nb.2.4. \u00a0\u00c9clairage: remplacer tous les volets et les lumi\u00e8res. Un \u00e9clairage de type PL sera utilis\u00e9.<\/p>\n<p class=\"text\"><strong>b.3.<\/strong>\u00a0\u00a0\u00a0\u00a0 <strong>Ascenseurs<\/strong><br \/>\nb.3.1. \u00a0Un ascenseur standard qui peut contenir jusqu&rsquo;\u00e0 4 \u00e0 6 passagers, avec une porte en acier.<br \/>\nb.3.2. \u00a0Un m\u00e9canisme de contr\u00f4le d&rsquo;ascenseur avec une horloge pour Shabbath.<br \/>\nb.3.3. \u00a0Un \u0153il photo \u00e9lectrique pour la s\u00e9curit\u00e9 des passagers.<br \/>\nb.3.4 \u00a0 Rampe ronde d&rsquo;escalier en acier inoxydable.<br \/>\nb.3.5. \u00a0Cl\u00e9 de secours.<br \/>\nb.3.6. \u00a0Carrelage en c\u00e9ramique, selon le choix de l&rsquo;architecte<\/p>\n<p class=\"text\"><strong>b.4. <\/strong>\u00a0\u00a0\u00a0 <strong>Stationnement<\/strong><br \/>\nb.4.1. \u00a0Stationnement ext\u00e9rieur devant \u00eatre planifi\u00e9 par le conseiller en circulation<\/p>\n<\/div><\/div><div class=\"fusion-fullwidth fullwidth-box fusion-parallax-none\" style=\"border-color:#eae9e9;border-bottom-width: 0px;border-top-width: 0px;border-bottom-style: solid;border-top-style: solid;padding-bottom:20px;padding-left:0px;padding-right:0px;padding-top:20px;background-position:left top;background-repeat:no-repeat;-webkit-background-size:cover;-moz-background-size:cover;-o-background-size:cover;background-size:cover;\"><div class=\"fusion-row\"><div class=\"fusion-title title\"><h2 class=\"title-heading-left\">Agrandissement des appartements<\/h2><div class=\"title-sep-container\"><div class=\"title-sep sep-double\"><\/div><\/div><\/div><p class=\"text\"><strong>c.1. \u00a0\u00a0\u00a0 Squelette<\/strong><br \/>\nc.1.1.\u00a0 Tout le ciment pour les diff\u00e9rents moulages seront faits par une usine approuv\u00e9e et le<br \/>\ncontractant: ne moulera aucune forme faite sur le site.<\/p>\n<p class=\"text\">c.1.2. \u00a0Le moulage des fondations, murs, planchers, colonnes et plafonds sera fait seulement avec<br \/>\nune pompe.<br \/>\nc.1.3. \u00a0Le moulage des murs sera fait avec du contre-plaqu\u00e9.<br \/>\nc.1.4. \u00a0Le contractant aplanira tous les plafonds\\planchers apr\u00e8s le moulage, \u00e0 la satisfaction de<br \/>\nsuperviseur.<br \/>\nc.1.5. \u00a0Tous les m\u00e9taux n\u00e9cessaires \u00e0 la construction viendront d\u2019un entrep\u00f4t certifi\u00e9, en accord avec<br \/>\nles normes.<br \/>\nc.1.6. \u00a0Le moulage de tous les piliers \u00e0 chaque \u00e9tage, sera fait un plancher \u00e0 la fois.<br \/>\nc.1.7. \u00a0Avant chaque moulage de ciment, le contractant devra recevoir les permis n\u00e9cessaires, tel<br \/>\nqu\u2019indiqu\u00e9: un permis du conseiller des terrains, un permis d\u2019ing\u00e9nieur pour le moulage des<br \/>\nplafonds et des planchers et un permis du superviseur des autres moulages, incluant les piliers<br \/>\net les armatures de ciment.<br \/>\nc.1.8. \u00a0Le contractant fournira tous les accessoires pour l\u2019espace prot\u00e9g\u00e9, produit par Rav\u00a0Bariach<br \/>\net\\ou Palrad, incluant les portes, fen\u00eatres, conduits d\u2019a\u00e9ration des espaces prot\u00e9g\u00e9s \u2013 tous<br \/>\nen accord avec les plans et les normes approuv\u00e9s par Home Front Command.<\/p>\n<p class=\"text\"><strong>c.2. \u00a0\u00a0\u00a0 Touches finales pour les espaces en dehors du b\u00e2timent<\/strong><br \/>\nc.2.1. \u00a0Lorsque le temps du rev\u00eatement de la pierre plac\u00e9e avec des crochets (cloison s\u00e8che) sera<br \/>\nplanifi\u00e9, le mur devra \u00eatre scell\u00e9 avec une p\u00e2te, de substance bitumineuse polym\u00e9ris\u00e9e, utilis\u00e9e<br \/>\nfroide, telle qu\u2019un vaporisateur Mastigum ou l\u2019\u00e9quivalent. cellage et Isolation.<br \/>\nc.2.2. \u00a0L\u2019isolation doit \u00eatre faite en vaporisant une mousse de polyur\u00e9thane sur deux couches<br \/>\nappliqu\u00e9es sur la couche scell\u00e9e.<br \/>\nc.2.3. \u00a0Le scellage du stationnement \u2013 voir 6.3.4.<br \/>\nc.2.4. \u00a0Sceller le (nouveau) toit: feuilles bitumineuses, 5 millim\u00e8tres, selon la Norme No. 1430\/3.<br \/>\nc.2.5. \u00a0Sceller et isoler toutes les fissures \u00e9tal\u00e9es sur les murs du b\u00e2timent selon les exigences de<br \/>\nl\u2019ing\u00e9nieur<\/p>\n<p class=\"text\"><strong>c.3.\u00a0\u00a0\u00a0\u00a0 <strong>Touches finales pour les espaces en dehors du b\u00e2timent<\/strong><\/strong><strong><br \/>\n<\/strong>c.3.1.\u00a0 Le renouvellement de la fa\u00e7ade de la maison partag\u00e9e, incluant tous les murs ext\u00e9rieurs selon<br \/>\nle programme architectural. Le travail devra inclure les tractations avec le ciment endommag\u00e9,<br \/>\net l\u2019enl\u00e8vement des parties non solides, le cas existant. Les devants de l\u2019agrandissement<br \/>\nseront recouverts avec de la pierre naturelle selon le choix de l\u2019architecte, et seront raffin\u00e9s<br \/>\nen accord avec le type de pierre.<br \/>\nc.3.2.\u00a0 Tous les rebords des fen\u00eatres seront faits de pierres finement cisel\u00e9es.<br \/>\nc.3.3.\u00a0 Les \u00e9l\u00e9ments suppl\u00e9mentaires de pierre seront sp\u00e9cifi\u00e9s, selon le plan d\u00e9taill\u00e9 de pierre fourni<br \/>\npar l\u2019architecte.<br \/>\nc.3.4.\u00a0 La couverture de trous dans les pierres devra \u00eatre faite selon les sp\u00e9cifications architecturales.<br \/>\nc.3.5.\u00a0 \u00c9lectricit\u00e9: les c\u00e2bles et boites pour les lumi\u00e8res seront situ\u00e9s, tel que recommand\u00e9 dans les<br \/>\nplans d\u2019\u00e9lectricit\u00e9, au milieu du plafond de chaque espace, incluant les balcons.<br \/>\nc.3.6.\u00a0 Le devant du pignon du toit sera recouvert avec un type de pierre appareill\u00e9e, selon le plan<br \/>\narchitectural.<\/p>\n<p class=\"text\"><strong>c.4.\u00a0\u00a0\u00a0\u00a0 <\/strong><strong>Infrastructure<\/strong><strong><br \/>\n<\/strong>c.4.1.\u00a0 \u00c9lectricit\u00e9: les c\u00e2bles et les boites pour les lumi\u00e8res seront situ\u00e9s, tel que recommand\u00e9 dans<br \/>\nles plans d\u2019\u00e9lectricit\u00e9, au centre du plafond de chaque espace, incluant les balcons.<br \/>\nc.4.2.\u00a0 La r\u00e9novation de la lumi\u00e8re centrale et des syst\u00e8mes \u00e9lectriques dans l\u2019immeuble sera<br \/>\ncompl\u00e8tement faite sous les directives et le meilleur jugement du conseiller en \u00e9lectricit\u00e9 ainsi<br \/>\nque celui de l\u2019architecte, et selon ce qui est n\u00e9cessaire.<br \/>\nc.4.3.\u00a0 Eau: le remplacement de toute la plomberie \u00e0 partir des lignes de la cit\u00e9 jusqu\u2019\u00e0 celles des<br \/>\nappartements sera fait enti\u00e8rement sous la supervision de l\u2019expert en plomberie.<br \/>\nc.4.4.\u00a0 Le syst\u00e8me d\u2019\u00e9gout: remplacement\/r\u00e9novation du syst\u00e8me complet allant de l\u2019appartement \u00e0<br \/>\nla ligne de la cit\u00e9, selon les directives de l\u2019expert en plomberie et du jugement de l\u2019architecte.<br \/>\nc.4.5.\u00a0 Eau chaude: installation\/remplacement des r\u00e9cepteurs solaires chauffe-eau, et une Chaudi\u00e8re<br \/>\n\u00e9lectrique d\u2019un volume de 150 litres sur le nouveau toit, si cela s\u2019av\u00e8re n\u00e9cessaire.<br \/>\nc.4.6.\u00a0 Remplacement du lieu de collecte des d\u00e9chets selon l\u2019H\u00f4tel de Ville de J\u00e9rusalem.<br \/>\nc.4.7.\u00a0 Installation\/remplacement d\u2019une unit\u00e9 centrale de gaz pour l\u2019usage des appartements existants<br \/>\nse fera seulement avec l\u2019aautorisation de l\u2019expert et de la compagnie de gaz.<br \/>\nc.4.8.\u00a0 Installation d\u2019un nouveau syst\u00e8me d\u2019\u00e9coulement des eaux pour le devant de l\u2019immeuble.<\/p>\n<p class=\"text\"><strong>c.5.\u00a0\u00a0\u00a0 <\/strong><strong>Touches finales \u00e0 l\u2019int\u00e9rieur<br \/>\n<\/strong>c.5.1.\u00a0 Couleur: une couleur blanche ou un \u00e9quivalent sera appliqu\u00e9e sur les nouveaux murs, selon<br \/>\nles sp\u00e9cifications de Tambour.<br \/>\nc.5.2.\u00a0 Fen\u00eatres: mod\u00e8le Klil num\u00e9ro 4500, fait d\u2019aluminium (peint) avec 4 millim\u00e8tres de verre isolant.<br \/>\nc.5.3.\u00a0 La porte menant au nouveau balcon sera en aluminium Klil mod\u00e8le 7500 (180\/240) ou<br \/>\n\u00e9quivalent, selon le choix de l\u2019architecte.<br \/>\nc.5.4.\u00a0 Carrelage: la finition du carrelage en Terrazzo ou en porcelaine de granite Negev Ceramics<br \/>\nno. 33 ou \u00e9quivalent. Il y a aussi l\u2019option d\u2019acquittement si vous achetez diff\u00e9rentes tuiles de<br \/>\ngrandeur 45&#215;45 et 50&#215;50 de la m\u00eame compagnie.<br \/>\nc.5.5.\u00a0 Un \u00e9coulement ad\u00e9quat sera install\u00e9 pour les balcons. Le versement libre ne sera pas permis.<\/p>\n<\/div><\/div><div class=\"fusion-fullwidth fullwidth-box fusion-parallax-none\" style=\"border-color:#eae9e9;border-bottom-width: 0px;border-top-width: 0px;border-bottom-style: solid;border-top-style: solid;padding-bottom:20px;padding-left:0px;padding-right:0px;padding-top:20px;background-position:left top;background-repeat:no-repeat;-webkit-background-size:cover;-moz-background-size:cover;-o-background-size:cover;background-size:cover;\"><div class=\"fusion-row\"><div class=\"fusion-title title\"><h2 class=\"title-heading-left\">Vari\u00e9t\u00e9s<\/h2><div class=\"title-sep-container\"><div class=\"title-sep sep-double\"><\/div><\/div><\/div><p class=\"text\"><strong>d.1.\u00a0\u00a0\u00a0\u00a0 <\/strong><strong>Abris<br \/>\n<\/strong>d.1.1.\u00a0 La peinture des murs de l\u2019abri, l\u2019installation de nouvel \u00e9clairage et un nettoyage complet<br \/>\nseront faits.<\/p>\n<p class=\"text\"><strong>d.2.\u00a0\u00a0\u00a0\u00a0 <\/strong><strong>Un syst\u00e8me de renforcement pour la structure<br \/>\n<\/strong>d.2.1.\u00a0 Renforcement de la structure contre les tremblements de terre selon le permis de<br \/>\nconstruction publi\u00e9 par l\u2019h\u00f4tel de ville de J\u00e9rusalem, et selon les plans qui seront pr\u00e9par\u00e9s,<br \/>\ndirig\u00e9s et supervis\u00e9s par l\u2019ing\u00e9nieur en b\u00e2timents selon la Norme 2413.<br \/>\nd.2.2.\u00a0 Le syst\u00e8me de renforcement externe sera fait de mat\u00e9riels appareill\u00e9s au- devant de<br \/>\nl\u2019appartement et sera inclus dans la nouvelle planification combin\u00e9e de la perspective de<br \/>\nl\u2019appartement.<\/p>\n<\/div><\/div>\n","protected":false},"excerpt":{"rendered":"","protected":false},"author":8,"featured_media":0,"parent":13648,"menu_order":60,"comment_status":"closed","ping_status":"closed","template":"side-navigation.php","meta":{"_links_to":"","_links_to_target":""},"acf":[],"yoast_head":"<!-- This site is optimized with the Yoast SEO plugin v20.10 - https:\/\/yoast.com\/wordpress\/plugins\/seo\/ -->\n<title>Sp\u00e9cifications Techniques du Projet Tama 38 - Manos Group<\/title>\n<meta name=\"robots\" content=\"index, follow, max-snippet:-1, max-image-preview:large, max-video-preview:-1\" \/>\n<link rel=\"canonical\" href=\"https:\/\/manosgroup.co.il\/fr\/tama-38\/specifications-techniques-du-projet-tama-38\/\" \/>\n<meta property=\"og:locale\" content=\"fr_FR\" \/>\n<meta property=\"og:type\" content=\"article\" \/>\n<meta property=\"og:title\" content=\"Sp\u00e9cifications Techniques du Projet Tama 38 - Manos Group\" \/>\n<meta property=\"og:url\" content=\"https:\/\/manosgroup.co.il\/fr\/tama-38\/specifications-techniques-du-projet-tama-38\/\" \/>\n<meta property=\"og:site_name\" content=\"Manos Group\" \/>\n<meta property=\"article:publisher\" content=\"https:\/\/www.facebook.com\/manos38\/\" \/>\n<meta property=\"article:modified_time\" content=\"2019-01-03T15:03:42+00:00\" \/>\n<meta property=\"og:image\" content=\"https:\/\/manosgroup.co.il\/wp-content\/uploads\/2015\/06\/23622302_567012973642726_188683304429898474_n.png\" \/>\n\t<meta property=\"og:image:width\" content=\"200\" \/>\n\t<meta property=\"og:image:height\" content=\"200\" \/>\n\t<meta property=\"og:image:type\" content=\"image\/png\" \/>\n<meta name=\"twitter:card\" content=\"summary_large_image\" \/>\n<meta name=\"twitter:label1\" content=\"Dur\u00e9e de lecture estim\u00e9e\" \/>\n\t<meta name=\"twitter:data1\" content=\"11 minutes\" \/>\n<script type=\"application\/ld+json\" class=\"yoast-schema-graph\">{\"@context\":\"https:\/\/schema.org\",\"@graph\":[{\"@type\":\"WebPage\",\"@id\":\"https:\/\/manosgroup.co.il\/fr\/tama-38\/specifications-techniques-du-projet-tama-38\/\",\"url\":\"https:\/\/manosgroup.co.il\/fr\/tama-38\/specifications-techniques-du-projet-tama-38\/\",\"name\":\"Sp\u00e9cifications Techniques du Projet Tama 38 - Manos Group\",\"isPartOf\":{\"@id\":\"https:\/\/manosgroup.co.il\/#website\"},\"datePublished\":\"2015-11-02T16:13:59+00:00\",\"dateModified\":\"2019-01-03T15:03:42+00:00\",\"breadcrumb\":{\"@id\":\"https:\/\/manosgroup.co.il\/fr\/tama-38\/specifications-techniques-du-projet-tama-38\/#breadcrumb\"},\"inLanguage\":\"fr-FR\",\"potentialAction\":[{\"@type\":\"ReadAction\",\"target\":[\"https:\/\/manosgroup.co.il\/fr\/tama-38\/specifications-techniques-du-projet-tama-38\/\"]}]},{\"@type\":\"BreadcrumbList\",\"@id\":\"https:\/\/manosgroup.co.il\/fr\/tama-38\/specifications-techniques-du-projet-tama-38\/#breadcrumb\",\"itemListElement\":[{\"@type\":\"ListItem\",\"position\":1,\"name\":\"\u05d3\u05e3 \u05d4\u05d1\u05d9\u05ea\",\"item\":\"https:\/\/manosgroup.co.il\/fr\/\"},{\"@type\":\"ListItem\",\"position\":2,\"name\":\"TAMA 38\",\"item\":\"https:\/\/manosgroup.co.il\/fr\/tama-38\/\"},{\"@type\":\"ListItem\",\"position\":3,\"name\":\"Sp\u00e9cifications Techniques du Projet Tama 38\"}]},{\"@type\":\"WebSite\",\"@id\":\"https:\/\/manosgroup.co.il\/#website\",\"url\":\"https:\/\/manosgroup.co.il\/\",\"name\":\"Manos Group\",\"description\":\"TAMA 38, Pinui Binui, Groupes d\u2019acquisition, Commercialisation d\u2019appartements\",\"potentialAction\":[{\"@type\":\"SearchAction\",\"target\":{\"@type\":\"EntryPoint\",\"urlTemplate\":\"https:\/\/manosgroup.co.il\/?s={search_term_string}\"},\"query-input\":\"required name=search_term_string\"}],\"inLanguage\":\"fr-FR\"}]}<\/script>\n<!-- \/ Yoast SEO plugin. -->","yoast_head_json":{"title":"Sp\u00e9cifications Techniques du Projet Tama 38 - Manos Group","robots":{"index":"index","follow":"follow","max-snippet":"max-snippet:-1","max-image-preview":"max-image-preview:large","max-video-preview":"max-video-preview:-1"},"canonical":"https:\/\/manosgroup.co.il\/fr\/tama-38\/specifications-techniques-du-projet-tama-38\/","og_locale":"fr_FR","og_type":"article","og_title":"Sp\u00e9cifications Techniques du Projet Tama 38 - Manos Group","og_url":"https:\/\/manosgroup.co.il\/fr\/tama-38\/specifications-techniques-du-projet-tama-38\/","og_site_name":"Manos Group","article_publisher":"https:\/\/www.facebook.com\/manos38\/","article_modified_time":"2019-01-03T15:03:42+00:00","og_image":[{"width":200,"height":200,"url":"https:\/\/manosgroup.co.il\/wp-content\/uploads\/2015\/06\/23622302_567012973642726_188683304429898474_n.png","type":"image\/png"}],"twitter_card":"summary_large_image","twitter_misc":{"Dur\u00e9e de lecture estim\u00e9e":"11 minutes"},"schema":{"@context":"https:\/\/schema.org","@graph":[{"@type":"WebPage","@id":"https:\/\/manosgroup.co.il\/fr\/tama-38\/specifications-techniques-du-projet-tama-38\/","url":"https:\/\/manosgroup.co.il\/fr\/tama-38\/specifications-techniques-du-projet-tama-38\/","name":"Sp\u00e9cifications Techniques du Projet Tama 38 - Manos Group","isPartOf":{"@id":"https:\/\/manosgroup.co.il\/#website"},"datePublished":"2015-11-02T16:13:59+00:00","dateModified":"2019-01-03T15:03:42+00:00","breadcrumb":{"@id":"https:\/\/manosgroup.co.il\/fr\/tama-38\/specifications-techniques-du-projet-tama-38\/#breadcrumb"},"inLanguage":"fr-FR","potentialAction":[{"@type":"ReadAction","target":["https:\/\/manosgroup.co.il\/fr\/tama-38\/specifications-techniques-du-projet-tama-38\/"]}]},{"@type":"BreadcrumbList","@id":"https:\/\/manosgroup.co.il\/fr\/tama-38\/specifications-techniques-du-projet-tama-38\/#breadcrumb","itemListElement":[{"@type":"ListItem","position":1,"name":"\u05d3\u05e3 \u05d4\u05d1\u05d9\u05ea","item":"https:\/\/manosgroup.co.il\/fr\/"},{"@type":"ListItem","position":2,"name":"TAMA 38","item":"https:\/\/manosgroup.co.il\/fr\/tama-38\/"},{"@type":"ListItem","position":3,"name":"Sp\u00e9cifications Techniques du Projet Tama 38"}]},{"@type":"WebSite","@id":"https:\/\/manosgroup.co.il\/#website","url":"https:\/\/manosgroup.co.il\/","name":"Manos Group","description":"TAMA 38, Pinui Binui, Groupes d\u2019acquisition, Commercialisation d\u2019appartements","potentialAction":[{"@type":"SearchAction","target":{"@type":"EntryPoint","urlTemplate":"https:\/\/manosgroup.co.il\/?s={search_term_string}"},"query-input":"required name=search_term_string"}],"inLanguage":"fr-FR"}]}},"_links":{"self":[{"href":"https:\/\/manosgroup.co.il\/fr\/wp-json\/wp\/v2\/pages\/13681\/"}],"collection":[{"href":"https:\/\/manosgroup.co.il\/fr\/wp-json\/wp\/v2\/pages\/"}],"about":[{"href":"https:\/\/manosgroup.co.il\/fr\/wp-json\/wp\/v2\/types\/page\/"}],"author":[{"embeddable":true,"href":"https:\/\/manosgroup.co.il\/fr\/wp-json\/wp\/v2\/users\/8\/"}],"replies":[{"embeddable":true,"href":"https:\/\/manosgroup.co.il\/fr\/wp-json\/wp\/v2\/comments\/?post=13681"}],"version-history":[{"count":6,"href":"https:\/\/manosgroup.co.il\/fr\/wp-json\/wp\/v2\/pages\/13681\/revisions\/"}],"predecessor-version":[{"id":22041,"href":"https:\/\/manosgroup.co.il\/fr\/wp-json\/wp\/v2\/pages\/13681\/revisions\/22041\/"}],"up":[{"embeddable":true,"href":"https:\/\/manosgroup.co.il\/fr\/wp-json\/wp\/v2\/pages\/13648\/"}],"wp:attachment":[{"href":"https:\/\/manosgroup.co.il\/fr\/wp-json\/wp\/v2\/media\/?parent=13681"}],"curies":[{"name":"wp","href":"https:\/\/api.w.org\/{rel}","templated":true}]}}