{"id":13677,"date":"2015-11-02T17:53:58","date_gmt":"2015-11-02T15:53:58","guid":{"rendered":"http:\/\/manosgroup.webmanager.org.il\/fr\/?page_id=13677"},"modified":"2019-01-03T17:02:50","modified_gmt":"2019-01-03T15:02:50","slug":"etapes-dexecution-du-projet-tama-38","status":"publish","type":"page","link":"https:\/\/manosgroup.co.il\/fr\/tama-38\/etapes-dexecution-du-projet-tama-38\/","title":{"rendered":"\u00c9tapes d&rsquo;ex\u00e9cution du projet Tama 38"},"content":{"rendered":"<div class=\"fusion-fullwidth fullwidth-box fusion-parallax-none\" style=\"border-color:#eae9e9;border-bottom-width: 0px;border-top-width: 0px;border-bottom-style: solid;border-top-style: solid;padding-bottom:20px;padding-left:0px;padding-right:0px;padding-top:20px;background-position:left top;background-repeat:no-repeat;-webkit-background-size:cover;-moz-background-size:cover;-o-background-size:cover;background-size:cover;\"><div class=\"fusion-row\"><div class=\"fusion-title title\"><h2 class=\"title-heading-left\">\u00c9tapes d&rsquo;ex\u00e9cution du projet Tama 38<\/h2><div class=\"title-sep-container\"><div class=\"title-sep sep-double\"><\/div><\/div><\/div><table class=\"text\" dir=\"ltr\" border=\"0\" align=\"left\">\n<tbody>\n<tr>\n<td dir=\"ltr\"><strong>Calendrier<\/strong><\/td>\n<td dir=\"ltr\"><strong>Calendrier g\u00e9n\u00e9ral<\/strong><\/td>\n<\/tr>\n<tr>\n<td dir=\"ltr\" align=\"left\">Session de conseil et d&rsquo;\u00e9tude avec les repr\u00e9sentants de l&rsquo;immeuble.<\/td>\n<td dir=\"ltr\">Point de d\u00e9part 0<\/td>\n<td dir=\"ltr\" align=\"left\">\u00a0<\/td>\n<\/tr>\n<tr>\n<td>&nbsp;<\/td>\n<td>&nbsp;<\/td>\n<td>&nbsp;<\/td>\n<\/tr>\n<tr>\n<td dir=\"ltr\" align=\"left\">Pr\u00e9paration d\u2019un programme initial et sp\u00e9cification technique de basepour approbation initiale par les repr\u00e9sentants de l&rsquo;immeuble \u00e0 des fins de n\u00e9gociation.<\/td>\n<td dir=\"ltr\">30 jours<\/td>\n<td dir=\"ltr\">30 jours<\/td>\n<\/tr>\n<tr>\n<td>&nbsp;<\/td>\n<td>&nbsp;<\/td>\n<td>&nbsp;<\/td>\n<\/tr>\n<tr>\n<td dir=\"ltr\" align=\"left\">\u00c9dition et ajustement du programme initial et sp\u00e9cification technique.<\/td>\n<td dir=\"ltr\">15 jours<\/td>\n<td dir=\"ltr\">40 jours<\/td>\n<\/tr>\n<tr>\n<td>&nbsp;<\/td>\n<td>&nbsp;<\/td>\n<td>&nbsp;<\/td>\n<\/tr>\n<tr>\n<td dir=\"ltr\" align=\"left\">Organisation d\u2019une r\u00e9union g\u00e9n\u00e9rale pour l&rsquo;approbation principale du projet.<\/td>\n<td dir=\"ltr\" align=\"left\">15 jours<\/td>\n<td dir=\"ltr\" align=\"left\">60 jours<\/td>\n<\/tr>\n<tr>\n<td>&nbsp;<\/td>\n<td>&nbsp;<\/td>\n<td>&nbsp;<\/td>\n<\/tr>\n<tr>\n<td dir=\"ltr\" align=\"left\">Nomination d\u2019un comit\u00e9 ex\u00e9cutif pour \u00e9tablir le contrat.<\/td>\n<td dir=\"ltr\" align=\"left\">15 jours<\/td>\n<td dir=\"ltr\" align=\"left\">75 jours<\/td>\n<\/tr>\n<tr>\n<td>&nbsp;<\/td>\n<td>&nbsp;<\/td>\n<td>&nbsp;<\/td>\n<\/tr>\n<tr>\n<td dir=\"ltr\" align=\"left\">Nomination d\u2019un avocat pour le compte des r\u00e9sidents pour \u00e9tablir le contrat.<\/td>\n<td dir=\"ltr\" align=\"left\">15 jours<\/td>\n<td dir=\"ltr\" align=\"left\">90 jours<\/td>\n<\/tr>\n<tr>\n<td>&nbsp;<\/td>\n<td>&nbsp;<\/td>\n<td>&nbsp;<\/td>\n<\/tr>\n<tr>\n<td dir=\"ltr\" align=\"left\">\u00c9tablir l\u2019\u00e9bauche d&rsquo;un contrat d\u00e9taill\u00e9 entre les r\u00e9sidents.<\/td>\n<td dir=\"ltr\" align=\"left\">90\u00a0jours<\/td>\n<td dir=\"ltr\" align=\"left\">180 jours<\/td>\n<\/tr>\n<tr>\n<td>&nbsp;<\/td>\n<td>&nbsp;<\/td>\n<td>&nbsp;<\/td>\n<\/tr>\n<tr>\n<td dir=\"ltr\" align=\"left\">Ajustement et corrections de l\u2019\u00e9bauche par les r\u00e9sidents et \u00e9tablissement de la version finale du contrat pour signature.<\/td>\n<td dir=\"ltr\" align=\"left\">30 jours<\/td>\n<td dir=\"ltr\" align=\"left\">210 jours<\/td>\n<\/tr>\n<tr>\n<td>&nbsp;<\/td>\n<td>&nbsp;<\/td>\n<td>&nbsp;<\/td>\n<\/tr>\n<tr>\n<td dir=\"ltr\" align=\"left\">Signature du contrat avec chacun des propri\u00e9taires d&rsquo;appartement<\/td>\n<td dir=\"ltr\" align=\"left\">15 jours<\/td>\n<td dir=\"ltr\" align=\"left\">225 jours<\/td>\n<\/tr>\n<tr>\n<td>&nbsp;<\/td>\n<td>&nbsp;<\/td>\n<td>&nbsp;<\/td>\n<\/tr>\n<tr>\n<td dir=\"ltr\" align=\"left\">Planification architecturale d\u00e9taill\u00e9e pour l&rsquo;ouverture d&rsquo;un dossier de licence<\/td>\n<td dir=\"ltr\" align=\"left\">90 jours<\/td>\n<td dir=\"ltr\" align=\"left\">315 jours<\/td>\n<\/tr>\n<tr>\n<td>&nbsp;<\/td>\n<td>&nbsp;<\/td>\n<td>&nbsp;<\/td>\n<\/tr>\n<tr>\n<td dir=\"ltr\" align=\"left\">R\u00e9ception du permis de construire<\/td>\n<td dir=\"ltr\" align=\"left\">180 jours<\/td>\n<td dir=\"ltr\" align=\"left\">495 jours<\/td>\n<\/tr>\n<tr>\n<td>&nbsp;<\/td>\n<td>&nbsp;<\/td>\n<td>&nbsp;<\/td>\n<\/tr>\n<tr>\n<td dir=\"ltr\" align=\"left\">Travaux de construction<\/td>\n<td dir=\"ltr\" align=\"left\">548 jours<\/td>\n<td dir=\"ltr\" align=\"left\">1043 jours<\/td>\n<\/tr>\n<tr>\n<td>&nbsp;<\/td>\n<td>&nbsp;<\/td>\n<td>&nbsp;<\/td>\n<\/tr>\n<tr>\n<td dir=\"ltr\" align=\"left\">R\u00e9ception d&rsquo;un formulaire 4 pour la fin du projet.<\/td>\n<td dir=\"ltr\" align=\"left\">90 jours<\/td>\n<td dir=\"ltr\" align=\"left\">1133 jours<\/td>\n<\/tr>\n<tr>\n<td>&nbsp;<\/td>\n<td>&nbsp;<\/td>\n<td>&nbsp;<\/td>\n<\/tr>\n<tr>\n<td dir=\"ltr\" align=\"left\"><strong>Nouvelle inscription de la maison\u00a0<\/strong>partag\u00e9e<\/td>\n<td dir=\"ltr\" align=\"left\">\u00a0<\/td>\n<td dir=\"ltr\" align=\"left\">\u00a0<\/td>\n<\/tr>\n<tr>\n<td dir=\"ltr\" align=\"left\"><strong>G\u00e9n\u00e9ral<\/strong><\/td>\n<td dir=\"ltr\" colspan=\"2\" align=\"left\"><strong>\u00a037-42 mois \u00e0 partir de la premi\u00e8re r\u00e9union !<\/strong><\/td>\n<\/tr>\n<\/tbody>\n<\/table>\n<p>&nbsp;<\/p>\n<\/div><\/div>\n","protected":false},"excerpt":{"rendered":"","protected":false},"author":8,"featured_media":0,"parent":13648,"menu_order":50,"comment_status":"closed","ping_status":"closed","template":"side-navigation.php","meta":{"_links_to":"","_links_to_target":""},"acf":[],"yoast_head":"<!-- This site is optimized with the Yoast SEO plugin v20.10 - https:\/\/yoast.com\/wordpress\/plugins\/seo\/ -->\n<title>\u00c9tapes d&#039;ex\u00e9cution du projet Tama 38 - Manos Group<\/title>\n<meta name=\"robots\" content=\"index, follow, max-snippet:-1, max-image-preview:large, max-video-preview:-1\" \/>\n<link rel=\"canonical\" href=\"https:\/\/manosgroup.co.il\/fr\/tama-38\/etapes-dexecution-du-projet-tama-38\/\" \/>\n<meta property=\"og:locale\" content=\"fr_FR\" \/>\n<meta property=\"og:type\" content=\"article\" \/>\n<meta property=\"og:title\" content=\"\u00c9tapes d&#039;ex\u00e9cution du projet Tama 38 - Manos Group\" \/>\n<meta property=\"og:url\" content=\"https:\/\/manosgroup.co.il\/fr\/tama-38\/etapes-dexecution-du-projet-tama-38\/\" \/>\n<meta property=\"og:site_name\" content=\"Manos Group\" \/>\n<meta property=\"article:publisher\" content=\"https:\/\/www.facebook.com\/manos38\/\" \/>\n<meta property=\"article:modified_time\" content=\"2019-01-03T15:02:50+00:00\" \/>\n<meta property=\"og:image\" content=\"https:\/\/manosgroup.co.il\/wp-content\/uploads\/2015\/06\/23622302_567012973642726_188683304429898474_n.png\" \/>\n\t<meta property=\"og:image:width\" content=\"200\" \/>\n\t<meta property=\"og:image:height\" content=\"200\" \/>\n\t<meta property=\"og:image:type\" content=\"image\/png\" \/>\n<meta name=\"twitter:card\" content=\"summary_large_image\" \/>\n<meta name=\"twitter:label1\" content=\"Dur\u00e9e de lecture estim\u00e9e\" \/>\n\t<meta name=\"twitter:data1\" content=\"2 minutes\" \/>\n<script type=\"application\/ld+json\" class=\"yoast-schema-graph\">{\"@context\":\"https:\/\/schema.org\",\"@graph\":[{\"@type\":\"WebPage\",\"@id\":\"https:\/\/manosgroup.co.il\/fr\/tama-38\/etapes-dexecution-du-projet-tama-38\/\",\"url\":\"https:\/\/manosgroup.co.il\/fr\/tama-38\/etapes-dexecution-du-projet-tama-38\/\",\"name\":\"\u00c9tapes d'ex\u00e9cution du projet Tama 38 - Manos Group\",\"isPartOf\":{\"@id\":\"https:\/\/manosgroup.co.il\/#website\"},\"datePublished\":\"2015-11-02T15:53:58+00:00\",\"dateModified\":\"2019-01-03T15:02:50+00:00\",\"breadcrumb\":{\"@id\":\"https:\/\/manosgroup.co.il\/fr\/tama-38\/etapes-dexecution-du-projet-tama-38\/#breadcrumb\"},\"inLanguage\":\"fr-FR\",\"potentialAction\":[{\"@type\":\"ReadAction\",\"target\":[\"https:\/\/manosgroup.co.il\/fr\/tama-38\/etapes-dexecution-du-projet-tama-38\/\"]}]},{\"@type\":\"BreadcrumbList\",\"@id\":\"https:\/\/manosgroup.co.il\/fr\/tama-38\/etapes-dexecution-du-projet-tama-38\/#breadcrumb\",\"itemListElement\":[{\"@type\":\"ListItem\",\"position\":1,\"name\":\"\u05d3\u05e3 \u05d4\u05d1\u05d9\u05ea\",\"item\":\"https:\/\/manosgroup.co.il\/fr\/\"},{\"@type\":\"ListItem\",\"position\":2,\"name\":\"TAMA 38\",\"item\":\"https:\/\/manosgroup.co.il\/fr\/tama-38\/\"},{\"@type\":\"ListItem\",\"position\":3,\"name\":\"\u00c9tapes d&rsquo;ex\u00e9cution du projet Tama 38\"}]},{\"@type\":\"WebSite\",\"@id\":\"https:\/\/manosgroup.co.il\/#website\",\"url\":\"https:\/\/manosgroup.co.il\/\",\"name\":\"Manos Group\",\"description\":\"TAMA 38, Pinui Binui, Groupes d\u2019acquisition, Commercialisation d\u2019appartements\",\"potentialAction\":[{\"@type\":\"SearchAction\",\"target\":{\"@type\":\"EntryPoint\",\"urlTemplate\":\"https:\/\/manosgroup.co.il\/?s={search_term_string}\"},\"query-input\":\"required name=search_term_string\"}],\"inLanguage\":\"fr-FR\"}]}<\/script>\n<!-- \/ Yoast SEO plugin. -->","yoast_head_json":{"title":"\u00c9tapes d'ex\u00e9cution du projet Tama 38 - Manos Group","robots":{"index":"index","follow":"follow","max-snippet":"max-snippet:-1","max-image-preview":"max-image-preview:large","max-video-preview":"max-video-preview:-1"},"canonical":"https:\/\/manosgroup.co.il\/fr\/tama-38\/etapes-dexecution-du-projet-tama-38\/","og_locale":"fr_FR","og_type":"article","og_title":"\u00c9tapes d'ex\u00e9cution du projet Tama 38 - Manos Group","og_url":"https:\/\/manosgroup.co.il\/fr\/tama-38\/etapes-dexecution-du-projet-tama-38\/","og_site_name":"Manos Group","article_publisher":"https:\/\/www.facebook.com\/manos38\/","article_modified_time":"2019-01-03T15:02:50+00:00","og_image":[{"width":200,"height":200,"url":"https:\/\/manosgroup.co.il\/wp-content\/uploads\/2015\/06\/23622302_567012973642726_188683304429898474_n.png","type":"image\/png"}],"twitter_card":"summary_large_image","twitter_misc":{"Dur\u00e9e de lecture estim\u00e9e":"2 minutes"},"schema":{"@context":"https:\/\/schema.org","@graph":[{"@type":"WebPage","@id":"https:\/\/manosgroup.co.il\/fr\/tama-38\/etapes-dexecution-du-projet-tama-38\/","url":"https:\/\/manosgroup.co.il\/fr\/tama-38\/etapes-dexecution-du-projet-tama-38\/","name":"\u00c9tapes d'ex\u00e9cution du projet Tama 38 - Manos Group","isPartOf":{"@id":"https:\/\/manosgroup.co.il\/#website"},"datePublished":"2015-11-02T15:53:58+00:00","dateModified":"2019-01-03T15:02:50+00:00","breadcrumb":{"@id":"https:\/\/manosgroup.co.il\/fr\/tama-38\/etapes-dexecution-du-projet-tama-38\/#breadcrumb"},"inLanguage":"fr-FR","potentialAction":[{"@type":"ReadAction","target":["https:\/\/manosgroup.co.il\/fr\/tama-38\/etapes-dexecution-du-projet-tama-38\/"]}]},{"@type":"BreadcrumbList","@id":"https:\/\/manosgroup.co.il\/fr\/tama-38\/etapes-dexecution-du-projet-tama-38\/#breadcrumb","itemListElement":[{"@type":"ListItem","position":1,"name":"\u05d3\u05e3 \u05d4\u05d1\u05d9\u05ea","item":"https:\/\/manosgroup.co.il\/fr\/"},{"@type":"ListItem","position":2,"name":"TAMA 38","item":"https:\/\/manosgroup.co.il\/fr\/tama-38\/"},{"@type":"ListItem","position":3,"name":"\u00c9tapes d&rsquo;ex\u00e9cution du projet Tama 38"}]},{"@type":"WebSite","@id":"https:\/\/manosgroup.co.il\/#website","url":"https:\/\/manosgroup.co.il\/","name":"Manos Group","description":"TAMA 38, Pinui Binui, Groupes d\u2019acquisition, Commercialisation d\u2019appartements","potentialAction":[{"@type":"SearchAction","target":{"@type":"EntryPoint","urlTemplate":"https:\/\/manosgroup.co.il\/?s={search_term_string}"},"query-input":"required name=search_term_string"}],"inLanguage":"fr-FR"}]}},"_links":{"self":[{"href":"https:\/\/manosgroup.co.il\/fr\/wp-json\/wp\/v2\/pages\/13677\/"}],"collection":[{"href":"https:\/\/manosgroup.co.il\/fr\/wp-json\/wp\/v2\/pages\/"}],"about":[{"href":"https:\/\/manosgroup.co.il\/fr\/wp-json\/wp\/v2\/types\/page\/"}],"author":[{"embeddable":true,"href":"https:\/\/manosgroup.co.il\/fr\/wp-json\/wp\/v2\/users\/8\/"}],"replies":[{"embeddable":true,"href":"https:\/\/manosgroup.co.il\/fr\/wp-json\/wp\/v2\/comments\/?post=13677"}],"version-history":[{"count":4,"href":"https:\/\/manosgroup.co.il\/fr\/wp-json\/wp\/v2\/pages\/13677\/revisions\/"}],"predecessor-version":[{"id":22040,"href":"https:\/\/manosgroup.co.il\/fr\/wp-json\/wp\/v2\/pages\/13677\/revisions\/22040\/"}],"up":[{"embeddable":true,"href":"https:\/\/manosgroup.co.il\/fr\/wp-json\/wp\/v2\/pages\/13648\/"}],"wp:attachment":[{"href":"https:\/\/manosgroup.co.il\/fr\/wp-json\/wp\/v2\/media\/?parent=13677"}],"curies":[{"name":"wp","href":"https:\/\/api.w.org\/{rel}","templated":true}]}}