{"id":13673,"date":"2015-11-02T17:08:41","date_gmt":"2015-11-02T15:08:41","guid":{"rendered":"http:\/\/manosgroup.webmanager.org.il\/fr\/?page_id=13673"},"modified":"2019-01-03T17:22:50","modified_gmt":"2019-01-03T15:22:50","slug":"reglementations-juridiques","status":"publish","type":"page","link":"https:\/\/manosgroup.co.il\/fr\/tama-38\/reglementations-juridiques\/","title":{"rendered":"R\u00e8glementations juridiques"},"content":{"rendered":"<div class=\"fusion-title title\"><h2 class=\"title-heading-left\">R\u00e8glementations juridiques<\/h2><div class=\"title-sep-container\"><div class=\"title-sep sep-double\"><\/div><\/div><\/div><p>Le groupe Manos est la seule soci\u00e9t\u00e9 \u00e0 J\u00e9rusalem certifi\u00e9e par \u00ab\u00a0Tama 38 et l&rsquo;Union de Renouveau Urbain\u00a0\u00bb. Cette union regroupe toutes les grandes soci\u00e9t\u00e9s immobili\u00e8res qui favorisent les projets d&rsquo;urbanisation \u00ab\u00a0Tama 38\u00a0\u00bb \u00e0 travers le pays.<\/p>\n<p>Le d\u00e9partement juridique du groupe Manos est dirig\u00e9 par le <span style=\"text-decoration: underline;\">Prof. Aharon Namdar<\/span>. Le Prof; Namdar est un des experts juridiques les plus r\u00e9put\u00e9s dans le domaine fiscal, immobilier et du renouvellement urbain. De plus, Le Prof. Aharon Namdar a \u00e9crit plusieurs livres juridiques, y compris \u00ab\u00a0Pinui Binui\u00a0\u00bb \u00ab\u00a0Tama 38\u00a0\u00bb, \u00ab Imp\u00f4t sur la terre \u00bb, \u00ab Imp\u00f4t sur l&rsquo;Immobilier \u00bb, \u00ab Acquisition Obligatoire de terrain \u00bb, \u00ab Contribution d&rsquo;Am\u00e9lioration \u00bb, \u00ab Taxe sur la Valeur Ajout\u00e9e \u00bb, \u00ab Ajustement Agricole \u00bb et \u00ab Renouveau Urbain \u00bb qui ont \u00e9t\u00e9 mentionn\u00e9s dans plusieurs verdicts de la Cour Supr\u00eame.<\/p>\n<div class=\"fusion-fullwidth fullwidth-box fusion-parallax-none\" style=\"border-color:#eae9e9;border-bottom-width: 0px;border-top-width: 0px;border-bottom-style: solid;border-top-style: solid;padding-bottom:20px;padding-left:0px;padding-right:0px;padding-top:20px;background-position:left top;background-repeat:no-repeat;-webkit-background-size:cover;-moz-background-size:cover;-o-background-size:cover;background-size:cover;\"><div class=\"fusion-row\"><div class=\"fusion-title title\"><h2 class=\"title-heading-left\">R\u00e8glementations et Directives Juridiques concernant les plans d&rsquo;urbanisation Tama 38<\/h2><div class=\"title-sep-container\"><div class=\"title-sep sep-double\"><\/div><\/div><\/div><\/div><\/div><p><img decoding=\"async\" loading=\"lazy\" class=\"alignright wp-image-12751 size-full\" src=\"https:\/\/manosgroup.co.il\/wp-content\/uploads\/2015\/05\/\u05d0\u05d9\u05d2\u05d5\u05d3.png\" alt=\"\u05d0\u05d9\u05d2\u05d5\u05d3\" width=\"124\" height=\"161\" \/><span class=\"link\"><a class=\"link\" href=\"https:\/\/manosgroup.co.il\/Image\/uploaded\/7.pdf\" target=\"_blank\" rel=\"noopener noreferrer\">Directives juridiques combin\u00e9es <\/a><\/span><\/p>\n<p><a class=\"link\" href=\"https:\/\/manosgroup.co.il\/Image\/uploaded\/8.pdf\" target=\"_blank\" rel=\"noopener noreferrer\">Directives d&rsquo;Imposition selon Tama 38<\/a><\/p>\n<p><a class=\"link\" href=\"https:\/\/manosgroup.co.il\/Image\/uploaded\/2.pdf\" target=\"_blank\" rel=\"noopener noreferrer\">L\u00e9gislation Fiscale Immobili\u00e8re<\/a><\/p>\n<p><a class=\"link\" href=\"https:\/\/manosgroup.co.il\/Image\/uploaded\/3.pdf\" target=\"_blank\" rel=\"noopener noreferrer\">Amendement 1A Tama 38<\/a><\/p>\n<p><a class=\"link\" href=\"https:\/\/manosgroup.co.il\/Image\/uploaded\/4.pdf\" target=\"_blank\" rel=\"noopener noreferrer\">Amendement 3 Tama 38 <\/a><\/p>\n<p><a class=\"link\" href=\"https:\/\/manosgroup.co.il\/Image\/uploaded\/1.pdf\" target=\"_blank\" rel=\"noopener noreferrer\">L\u00e9gislation immobili\u00e8re pour le Renforcement des Logements en cas de Tremblements de Terre 2008<\/a><\/p>\n<p><a class=\"link\" href=\"https:\/\/manosgroup.co.il\/Image\/uploaded\/5.pdf\" target=\"_blank\" rel=\"noopener noreferrer\">R\u00e8glementations du Ministre de l&rsquo;Int\u00e9rieur sur les Exemptions Totales des Imp\u00f4ts d&rsquo;Am\u00e9lioration \u00e0\u00a0 J\u00e9rusalem, Ha\u00effa et le Sud du Pays<\/a><\/p>\n<p>Les r\u00e9f\u00e9rences des directives juridiques sont issues des sites web suivants : Site web du Ministre de l&rsquo;Int\u00e9rieur, Site web du D\u00e9partement de la Justice, Livres Juridiques, D\u00e9partement de la Justice, La Knesset et les Autorit\u00e9s Fiscales Isra\u00e9liennes.<\/p>\n\n","protected":false},"excerpt":{"rendered":"","protected":false},"author":8,"featured_media":0,"parent":13648,"menu_order":85,"comment_status":"open","ping_status":"closed","template":"side-navigation.php","meta":{"_links_to":"","_links_to_target":""},"acf":[],"yoast_head":"<!-- This site is optimized with the Yoast SEO plugin v20.10 - https:\/\/yoast.com\/wordpress\/plugins\/seo\/ -->\n<title>R\u00e8glementations juridiques - Manos Group<\/title>\n<meta name=\"robots\" content=\"index, follow, max-snippet:-1, max-image-preview:large, max-video-preview:-1\" \/>\n<link rel=\"canonical\" href=\"https:\/\/manosgroup.co.il\/fr\/tama-38\/reglementations-juridiques\/\" \/>\n<meta property=\"og:locale\" content=\"fr_FR\" \/>\n<meta property=\"og:type\" content=\"article\" \/>\n<meta property=\"og:title\" content=\"R\u00e8glementations juridiques - Manos Group\" \/>\n<meta property=\"og:url\" content=\"https:\/\/manosgroup.co.il\/fr\/tama-38\/reglementations-juridiques\/\" \/>\n<meta property=\"og:site_name\" content=\"Manos Group\" \/>\n<meta property=\"article:publisher\" content=\"https:\/\/www.facebook.com\/manos38\/\" \/>\n<meta property=\"article:modified_time\" content=\"2019-01-03T15:22:50+00:00\" \/>\n<meta property=\"og:image\" content=\"https:\/\/manosgroup.co.il\/wp-content\/uploads\/2015\/05\/\u05d0\u05d9\u05d2\u05d5\u05d3.png\" \/>\n<meta name=\"twitter:card\" content=\"summary_large_image\" \/>\n<meta name=\"twitter:label1\" content=\"Dur\u00e9e de lecture estim\u00e9e\" \/>\n\t<meta name=\"twitter:data1\" content=\"2 minutes\" \/>\n<script type=\"application\/ld+json\" class=\"yoast-schema-graph\">{\"@context\":\"https:\/\/schema.org\",\"@graph\":[{\"@type\":\"WebPage\",\"@id\":\"https:\/\/manosgroup.co.il\/fr\/tama-38\/reglementations-juridiques\/\",\"url\":\"https:\/\/manosgroup.co.il\/fr\/tama-38\/reglementations-juridiques\/\",\"name\":\"R\u00e8glementations juridiques - Manos Group\",\"isPartOf\":{\"@id\":\"https:\/\/manosgroup.co.il\/#website\"},\"datePublished\":\"2015-11-02T15:08:41+00:00\",\"dateModified\":\"2019-01-03T15:22:50+00:00\",\"breadcrumb\":{\"@id\":\"https:\/\/manosgroup.co.il\/fr\/tama-38\/reglementations-juridiques\/#breadcrumb\"},\"inLanguage\":\"fr-FR\",\"potentialAction\":[{\"@type\":\"ReadAction\",\"target\":[\"https:\/\/manosgroup.co.il\/fr\/tama-38\/reglementations-juridiques\/\"]}]},{\"@type\":\"BreadcrumbList\",\"@id\":\"https:\/\/manosgroup.co.il\/fr\/tama-38\/reglementations-juridiques\/#breadcrumb\",\"itemListElement\":[{\"@type\":\"ListItem\",\"position\":1,\"name\":\"\u05d3\u05e3 \u05d4\u05d1\u05d9\u05ea\",\"item\":\"https:\/\/manosgroup.co.il\/fr\/\"},{\"@type\":\"ListItem\",\"position\":2,\"name\":\"TAMA 38\",\"item\":\"https:\/\/manosgroup.co.il\/fr\/tama-38\/\"},{\"@type\":\"ListItem\",\"position\":3,\"name\":\"R\u00e8glementations juridiques\"}]},{\"@type\":\"WebSite\",\"@id\":\"https:\/\/manosgroup.co.il\/#website\",\"url\":\"https:\/\/manosgroup.co.il\/\",\"name\":\"Manos Group\",\"description\":\"TAMA 38, Pinui Binui, Groupes d\u2019acquisition, Commercialisation d\u2019appartements\",\"potentialAction\":[{\"@type\":\"SearchAction\",\"target\":{\"@type\":\"EntryPoint\",\"urlTemplate\":\"https:\/\/manosgroup.co.il\/?s={search_term_string}\"},\"query-input\":\"required name=search_term_string\"}],\"inLanguage\":\"fr-FR\"}]}<\/script>\n<!-- \/ Yoast SEO plugin. -->","yoast_head_json":{"title":"R\u00e8glementations juridiques - Manos Group","robots":{"index":"index","follow":"follow","max-snippet":"max-snippet:-1","max-image-preview":"max-image-preview:large","max-video-preview":"max-video-preview:-1"},"canonical":"https:\/\/manosgroup.co.il\/fr\/tama-38\/reglementations-juridiques\/","og_locale":"fr_FR","og_type":"article","og_title":"R\u00e8glementations juridiques - Manos Group","og_url":"https:\/\/manosgroup.co.il\/fr\/tama-38\/reglementations-juridiques\/","og_site_name":"Manos Group","article_publisher":"https:\/\/www.facebook.com\/manos38\/","article_modified_time":"2019-01-03T15:22:50+00:00","og_image":[{"url":"https:\/\/manosgroup.co.il\/wp-content\/uploads\/2015\/05\/\u05d0\u05d9\u05d2\u05d5\u05d3.png"}],"twitter_card":"summary_large_image","twitter_misc":{"Dur\u00e9e de lecture estim\u00e9e":"2 minutes"},"schema":{"@context":"https:\/\/schema.org","@graph":[{"@type":"WebPage","@id":"https:\/\/manosgroup.co.il\/fr\/tama-38\/reglementations-juridiques\/","url":"https:\/\/manosgroup.co.il\/fr\/tama-38\/reglementations-juridiques\/","name":"R\u00e8glementations juridiques - Manos Group","isPartOf":{"@id":"https:\/\/manosgroup.co.il\/#website"},"datePublished":"2015-11-02T15:08:41+00:00","dateModified":"2019-01-03T15:22:50+00:00","breadcrumb":{"@id":"https:\/\/manosgroup.co.il\/fr\/tama-38\/reglementations-juridiques\/#breadcrumb"},"inLanguage":"fr-FR","potentialAction":[{"@type":"ReadAction","target":["https:\/\/manosgroup.co.il\/fr\/tama-38\/reglementations-juridiques\/"]}]},{"@type":"BreadcrumbList","@id":"https:\/\/manosgroup.co.il\/fr\/tama-38\/reglementations-juridiques\/#breadcrumb","itemListElement":[{"@type":"ListItem","position":1,"name":"\u05d3\u05e3 \u05d4\u05d1\u05d9\u05ea","item":"https:\/\/manosgroup.co.il\/fr\/"},{"@type":"ListItem","position":2,"name":"TAMA 38","item":"https:\/\/manosgroup.co.il\/fr\/tama-38\/"},{"@type":"ListItem","position":3,"name":"R\u00e8glementations juridiques"}]},{"@type":"WebSite","@id":"https:\/\/manosgroup.co.il\/#website","url":"https:\/\/manosgroup.co.il\/","name":"Manos Group","description":"TAMA 38, Pinui Binui, Groupes d\u2019acquisition, Commercialisation d\u2019appartements","potentialAction":[{"@type":"SearchAction","target":{"@type":"EntryPoint","urlTemplate":"https:\/\/manosgroup.co.il\/?s={search_term_string}"},"query-input":"required name=search_term_string"}],"inLanguage":"fr-FR"}]}},"_links":{"self":[{"href":"https:\/\/manosgroup.co.il\/fr\/wp-json\/wp\/v2\/pages\/13673\/"}],"collection":[{"href":"https:\/\/manosgroup.co.il\/fr\/wp-json\/wp\/v2\/pages\/"}],"about":[{"href":"https:\/\/manosgroup.co.il\/fr\/wp-json\/wp\/v2\/types\/page\/"}],"author":[{"embeddable":true,"href":"https:\/\/manosgroup.co.il\/fr\/wp-json\/wp\/v2\/users\/8\/"}],"replies":[{"embeddable":true,"href":"https:\/\/manosgroup.co.il\/fr\/wp-json\/wp\/v2\/comments\/?post=13673"}],"version-history":[{"count":3,"href":"https:\/\/manosgroup.co.il\/fr\/wp-json\/wp\/v2\/pages\/13673\/revisions\/"}],"predecessor-version":[{"id":22043,"href":"https:\/\/manosgroup.co.il\/fr\/wp-json\/wp\/v2\/pages\/13673\/revisions\/22043\/"}],"up":[{"embeddable":true,"href":"https:\/\/manosgroup.co.il\/fr\/wp-json\/wp\/v2\/pages\/13648\/"}],"wp:attachment":[{"href":"https:\/\/manosgroup.co.il\/fr\/wp-json\/wp\/v2\/media\/?parent=13673"}],"curies":[{"name":"wp","href":"https:\/\/api.w.org\/{rel}","templated":true}]}}