{"id":13669,"date":"2015-11-02T16:57:33","date_gmt":"2015-11-02T14:57:33","guid":{"rendered":"http:\/\/manosgroup.webmanager.org.il\/fr\/?page_id=13669"},"modified":"2019-01-03T17:00:58","modified_gmt":"2019-01-03T15:00:58","slug":"tama-38-a-jerusalem","status":"publish","type":"page","link":"https:\/\/manosgroup.co.il\/fr\/tama-38\/tama-38-a-jerusalem\/","title":{"rendered":"Tama 38 \u00e0 J\u00e9rusalem"},"content":{"rendered":"<div class=\"fusion-one-full fusion-layout-column fusion-column-last fusion-spacing-yes\" style=\"margin-top:0px;margin-bottom:20px;\"><div class=\"fusion-column-wrapper\"><p>Le mandat du gouvernement appel\u00e9 &lsquo;Tama 38&rsquo; (Planification du R\u00e9seau National), un plan d\u2019urbanisation pour renforcer les immeubles contre les tremblements de terre a d\u00e9marr\u00e9. Un budget important y a \u00e9t\u00e9 octroy\u00e9 et il est soutenu par le gouvernement et les autorit\u00e9s locales depuis bient\u00f4t une dizaine d&rsquo;ann\u00e9es. Quoi qu&rsquo;il en soit, en r\u00e9alit\u00e9 le nombre des <span style=\"text-decoration: underline;\"><a href=\"https:\/\/manosgroup.co.il\/fr\/tama-38\/tama-38-galerie\/\">projets de Tama 38<\/a><\/span> en Isra\u00ebl est inf\u00e9rieur \u00e0 ce qui \u00e9tait pr\u00e9vu, y compris les projets \u00ab\u00a0Tama 38\u00a0\u00bb \u00e0 J\u00e9rusalem et les zones avoisinantes.<\/p>\n<p>Avec l&rsquo;adoption du 3\u00e8me amendement de \u00ab\u00a0Tama 38\u00a0\u00bb en juin 2012 une proc\u00e9dure rapide de planification avanc\u00e9e \u00e0 d\u00e9marr\u00e9 sur un grand nombre de projets dans la ville de J\u00e9rusalem. Durant 2013 et pendant 2014 il y aura un grand nombre de projets \u00ab\u00a0Tama 38\u00a0\u00bb \u00e0 J\u00e9rusalem.<\/p>\n<p>Il y a diverses raisons et blocages qui emp\u00eachent l&rsquo;ex\u00e9cution des projets \u00ab\u00a0Tama 38&prime; \u00e0 J\u00e9rusalem, tels que les blocages financiers, les proc\u00e9dures administratives, le manque de connaissance dans le domaine, le manque de coop\u00e9ration et de communication parmi les r\u00e9sidents, etc. Tout cela rend le travail des entrepreneurs difficile, et la vitesse d&rsquo;ex\u00e9cution des projets \u00ab\u00a0Tama 38\u00a0\u00bb, freine le rythme de l\u2019urbanisation dans le pays.<\/p>\n<p>Afin de faciliter la mise en place de \u00ab\u00a0Tama 38\u00a0\u00bb, le groupe Manos a mis en place un cadre organisationnel complet des diff\u00e9rents d\u00e9partements, y compris le d\u00e9partement \u00ab\u00a0Locataire au Centre\u00a0\u00bb, qui se rapproche les r\u00e9sidents d&rsquo;immeuble qui se conforment aux exigences de \u00ab\u00a0Tama 38\u00a0\u00bb et guide la proc\u00e9dure dans toutes les \u00e9tapes, d&rsquo;une mani\u00e8re rapproch\u00e9e et personnelle mais surtout professionnelle.<\/p>\n<p>Le domaine d&rsquo;expertise principal du groupe Manos est la ville de J\u00e9rusalem y compris les vieux quartiers. Le groupe Manos a d\u00e9cid\u00e9 de participer au programme d\u2019urbanisation \u00ab\u00a0Tama 38\u00a0\u00bb et aide au renouveau urbain de J\u00e9rusalem.<\/p>\n<p>A ce jour, le groupe Manos a r\u00e9ussi \u00e0 ex\u00e9cuter les projets d\u2019urbanisation \u00ab\u00a0Tama 38\u00a0\u00bb \u00e0 J\u00e9rusalem dans plusieurs quartiers \u00e0 travers la ville, y compris : Kyriat Menachem, Gonen Katamon, Old Katamon, le centre-ville, etc. Les projets \u00ab\u00a0Tama 38\u00a0\u00bb que le groupe Manos a termin\u00e9 \u00e0 J\u00e9rusalem peuvent \u00eatre visualis\u00e9s dans la <span style=\"text-decoration: underline;\"><a href=\"https:\/\/manosgroup.co.il\/fr\/tama-38\/tama-38-galerie\/\">Galerie de Projets<\/a><\/span>.<\/p>\n<p>Le groupe Manos est heureux de soutenir les nouveaux projets, et encourage les demandes des r\u00e9sidents d&rsquo;immeubles qui se conforment aux exigences du plan d\u2019urbanisation \u00ab\u00a0Tama 38\u00a0\u00bb \u00e0 J\u00e9rusalem et \u00e0 travers le pays. De plus, le groupe aide les r\u00e9sidents \u00e0 d\u00e9terminer si leurs immeubles sont conformes ou pas aux exigences.<\/p>\n<p>.Pour contacter le groupe Manos, cliquez: <span style=\"text-decoration: underline;\"><a href=\"https:\/\/manosgroup.co.il\/fr\/contact\/\">Plan de la ville Tama 38 \u00e0 J\u00e9rusalem<\/a><\/span><\/p>\n<\/div><\/div><div class=\"fusion-clearfix\"><\/div>\n","protected":false},"excerpt":{"rendered":"","protected":false},"author":8,"featured_media":0,"parent":13648,"menu_order":20,"comment_status":"open","ping_status":"closed","template":"side-navigation.php","meta":{"_links_to":"","_links_to_target":""},"acf":[],"yoast_head":"<!-- This site is optimized with the Yoast SEO plugin v20.10 - https:\/\/yoast.com\/wordpress\/plugins\/seo\/ -->\n<title>Tama 38 \u00e0 J\u00e9rusalem - Manos Group<\/title>\n<meta name=\"robots\" content=\"index, follow, max-snippet:-1, max-image-preview:large, max-video-preview:-1\" \/>\n<link rel=\"canonical\" href=\"https:\/\/manosgroup.co.il\/fr\/tama-38\/tama-38-a-jerusalem\/\" \/>\n<meta property=\"og:locale\" content=\"fr_FR\" \/>\n<meta property=\"og:type\" content=\"article\" \/>\n<meta property=\"og:title\" content=\"Tama 38 \u00e0 J\u00e9rusalem - Manos Group\" \/>\n<meta property=\"og:url\" content=\"https:\/\/manosgroup.co.il\/fr\/tama-38\/tama-38-a-jerusalem\/\" \/>\n<meta property=\"og:site_name\" content=\"Manos Group\" \/>\n<meta property=\"article:publisher\" content=\"https:\/\/www.facebook.com\/manos38\/\" \/>\n<meta property=\"article:modified_time\" content=\"2019-01-03T15:00:58+00:00\" \/>\n<meta property=\"og:image\" content=\"https:\/\/manosgroup.co.il\/wp-content\/uploads\/2015\/06\/23622302_567012973642726_188683304429898474_n.png\" \/>\n\t<meta property=\"og:image:width\" content=\"200\" \/>\n\t<meta property=\"og:image:height\" content=\"200\" \/>\n\t<meta property=\"og:image:type\" content=\"image\/png\" \/>\n<meta name=\"twitter:card\" content=\"summary_large_image\" \/>\n<meta name=\"twitter:label1\" content=\"Dur\u00e9e de lecture estim\u00e9e\" \/>\n\t<meta name=\"twitter:data1\" content=\"2 minutes\" \/>\n<script type=\"application\/ld+json\" class=\"yoast-schema-graph\">{\"@context\":\"https:\/\/schema.org\",\"@graph\":[{\"@type\":\"WebPage\",\"@id\":\"https:\/\/manosgroup.co.il\/fr\/tama-38\/tama-38-a-jerusalem\/\",\"url\":\"https:\/\/manosgroup.co.il\/fr\/tama-38\/tama-38-a-jerusalem\/\",\"name\":\"Tama 38 \u00e0 J\u00e9rusalem - Manos Group\",\"isPartOf\":{\"@id\":\"https:\/\/manosgroup.co.il\/#website\"},\"datePublished\":\"2015-11-02T14:57:33+00:00\",\"dateModified\":\"2019-01-03T15:00:58+00:00\",\"breadcrumb\":{\"@id\":\"https:\/\/manosgroup.co.il\/fr\/tama-38\/tama-38-a-jerusalem\/#breadcrumb\"},\"inLanguage\":\"fr-FR\",\"potentialAction\":[{\"@type\":\"ReadAction\",\"target\":[\"https:\/\/manosgroup.co.il\/fr\/tama-38\/tama-38-a-jerusalem\/\"]}]},{\"@type\":\"BreadcrumbList\",\"@id\":\"https:\/\/manosgroup.co.il\/fr\/tama-38\/tama-38-a-jerusalem\/#breadcrumb\",\"itemListElement\":[{\"@type\":\"ListItem\",\"position\":1,\"name\":\"\u05d3\u05e3 \u05d4\u05d1\u05d9\u05ea\",\"item\":\"https:\/\/manosgroup.co.il\/fr\/\"},{\"@type\":\"ListItem\",\"position\":2,\"name\":\"TAMA 38\",\"item\":\"https:\/\/manosgroup.co.il\/fr\/tama-38\/\"},{\"@type\":\"ListItem\",\"position\":3,\"name\":\"Tama 38 \u00e0 J\u00e9rusalem\"}]},{\"@type\":\"WebSite\",\"@id\":\"https:\/\/manosgroup.co.il\/#website\",\"url\":\"https:\/\/manosgroup.co.il\/\",\"name\":\"Manos Group\",\"description\":\"TAMA 38, Pinui Binui, Groupes d\u2019acquisition, Commercialisation d\u2019appartements\",\"potentialAction\":[{\"@type\":\"SearchAction\",\"target\":{\"@type\":\"EntryPoint\",\"urlTemplate\":\"https:\/\/manosgroup.co.il\/?s={search_term_string}\"},\"query-input\":\"required name=search_term_string\"}],\"inLanguage\":\"fr-FR\"}]}<\/script>\n<!-- \/ Yoast SEO plugin. -->","yoast_head_json":{"title":"Tama 38 \u00e0 J\u00e9rusalem - Manos Group","robots":{"index":"index","follow":"follow","max-snippet":"max-snippet:-1","max-image-preview":"max-image-preview:large","max-video-preview":"max-video-preview:-1"},"canonical":"https:\/\/manosgroup.co.il\/fr\/tama-38\/tama-38-a-jerusalem\/","og_locale":"fr_FR","og_type":"article","og_title":"Tama 38 \u00e0 J\u00e9rusalem - Manos Group","og_url":"https:\/\/manosgroup.co.il\/fr\/tama-38\/tama-38-a-jerusalem\/","og_site_name":"Manos Group","article_publisher":"https:\/\/www.facebook.com\/manos38\/","article_modified_time":"2019-01-03T15:00:58+00:00","og_image":[{"width":200,"height":200,"url":"https:\/\/manosgroup.co.il\/wp-content\/uploads\/2015\/06\/23622302_567012973642726_188683304429898474_n.png","type":"image\/png"}],"twitter_card":"summary_large_image","twitter_misc":{"Dur\u00e9e de lecture estim\u00e9e":"2 minutes"},"schema":{"@context":"https:\/\/schema.org","@graph":[{"@type":"WebPage","@id":"https:\/\/manosgroup.co.il\/fr\/tama-38\/tama-38-a-jerusalem\/","url":"https:\/\/manosgroup.co.il\/fr\/tama-38\/tama-38-a-jerusalem\/","name":"Tama 38 \u00e0 J\u00e9rusalem - Manos Group","isPartOf":{"@id":"https:\/\/manosgroup.co.il\/#website"},"datePublished":"2015-11-02T14:57:33+00:00","dateModified":"2019-01-03T15:00:58+00:00","breadcrumb":{"@id":"https:\/\/manosgroup.co.il\/fr\/tama-38\/tama-38-a-jerusalem\/#breadcrumb"},"inLanguage":"fr-FR","potentialAction":[{"@type":"ReadAction","target":["https:\/\/manosgroup.co.il\/fr\/tama-38\/tama-38-a-jerusalem\/"]}]},{"@type":"BreadcrumbList","@id":"https:\/\/manosgroup.co.il\/fr\/tama-38\/tama-38-a-jerusalem\/#breadcrumb","itemListElement":[{"@type":"ListItem","position":1,"name":"\u05d3\u05e3 \u05d4\u05d1\u05d9\u05ea","item":"https:\/\/manosgroup.co.il\/fr\/"},{"@type":"ListItem","position":2,"name":"TAMA 38","item":"https:\/\/manosgroup.co.il\/fr\/tama-38\/"},{"@type":"ListItem","position":3,"name":"Tama 38 \u00e0 J\u00e9rusalem"}]},{"@type":"WebSite","@id":"https:\/\/manosgroup.co.il\/#website","url":"https:\/\/manosgroup.co.il\/","name":"Manos Group","description":"TAMA 38, Pinui Binui, Groupes d\u2019acquisition, Commercialisation d\u2019appartements","potentialAction":[{"@type":"SearchAction","target":{"@type":"EntryPoint","urlTemplate":"https:\/\/manosgroup.co.il\/?s={search_term_string}"},"query-input":"required name=search_term_string"}],"inLanguage":"fr-FR"}]}},"_links":{"self":[{"href":"https:\/\/manosgroup.co.il\/fr\/wp-json\/wp\/v2\/pages\/13669\/"}],"collection":[{"href":"https:\/\/manosgroup.co.il\/fr\/wp-json\/wp\/v2\/pages\/"}],"about":[{"href":"https:\/\/manosgroup.co.il\/fr\/wp-json\/wp\/v2\/types\/page\/"}],"author":[{"embeddable":true,"href":"https:\/\/manosgroup.co.il\/fr\/wp-json\/wp\/v2\/users\/8\/"}],"replies":[{"embeddable":true,"href":"https:\/\/manosgroup.co.il\/fr\/wp-json\/wp\/v2\/comments\/?post=13669"}],"version-history":[{"count":4,"href":"https:\/\/manosgroup.co.il\/fr\/wp-json\/wp\/v2\/pages\/13669\/revisions\/"}],"predecessor-version":[{"id":22039,"href":"https:\/\/manosgroup.co.il\/fr\/wp-json\/wp\/v2\/pages\/13669\/revisions\/22039\/"}],"up":[{"embeddable":true,"href":"https:\/\/manosgroup.co.il\/fr\/wp-json\/wp\/v2\/pages\/13648\/"}],"wp:attachment":[{"href":"https:\/\/manosgroup.co.il\/fr\/wp-json\/wp\/v2\/media\/?parent=13669"}],"curies":[{"name":"wp","href":"https:\/\/api.w.org\/{rel}","templated":true}]}}