{"id":13656,"date":"2015-11-02T16:09:22","date_gmt":"2015-11-02T14:09:22","guid":{"rendered":"http:\/\/manosgroup.webmanager.org.il\/fr\/?page_id=13656"},"modified":"2015-11-24T10:28:02","modified_gmt":"2015-11-24T08:28:02","slug":"developement-de-lemploi","status":"publish","type":"page","link":"https:\/\/manosgroup.co.il\/fr\/qui-sommes-nous\/developement-de-lemploi\/","title":{"rendered":"D\u00e9velopement de l&#8217;emploi"},"content":{"rendered":"<div class=\"fusion-title title\"><div class=\"title-sep-container\"><div class=\"title-sep sep-none\"><\/div><\/div><h1 class=\"title-heading-right\">D\u00e9velopement de l&#8217;emploi<\/h1><\/div><p style=\"text-align: left;\">In Gr\u00e2ce au d\u00e9veloppement et \u00e0 la croissance du groupe, il g\u00e9n\u00e8re aujourd\u2019hui une croissance importante dans la communaut\u00e9 immobili\u00e8re isra\u00e9lienne ainsi que des emplois et des sources de revenus pour les architectes superviseurs, ing\u00e9nieurs, avocats et professionnels qui appartiennent aux domaines de la logistique, finance et marketing.<\/p>\n\n","protected":false},"excerpt":{"rendered":"","protected":false},"author":8,"featured_media":0,"parent":13636,"menu_order":60,"comment_status":"open","ping_status":"closed","template":"side-navigation.php","meta":{"_links_to":"","_links_to_target":""},"acf":[],"yoast_head":"<!-- This site is optimized with the Yoast SEO plugin v20.10 - https:\/\/yoast.com\/wordpress\/plugins\/seo\/ -->\n<title>D\u00e9velopement de l&#039;emploi - Manos Group<\/title>\n<meta name=\"robots\" content=\"index, follow, max-snippet:-1, max-image-preview:large, max-video-preview:-1\" \/>\n<link rel=\"canonical\" href=\"https:\/\/manosgroup.co.il\/fr\/qui-sommes-nous\/developement-de-lemploi\/\" \/>\n<meta property=\"og:locale\" content=\"fr_FR\" \/>\n<meta property=\"og:type\" content=\"article\" \/>\n<meta property=\"og:title\" content=\"D\u00e9velopement de l&#039;emploi - Manos Group\" \/>\n<meta property=\"og:url\" content=\"https:\/\/manosgroup.co.il\/fr\/qui-sommes-nous\/developement-de-lemploi\/\" \/>\n<meta property=\"og:site_name\" content=\"Manos Group\" \/>\n<meta property=\"article:publisher\" content=\"https:\/\/www.facebook.com\/manos38\/\" \/>\n<meta property=\"article:modified_time\" content=\"2015-11-24T08:28:02+00:00\" \/>\n<meta property=\"og:image\" content=\"https:\/\/manosgroup.co.il\/wp-content\/uploads\/2015\/06\/23622302_567012973642726_188683304429898474_n.png\" \/>\n\t<meta property=\"og:image:width\" content=\"200\" \/>\n\t<meta property=\"og:image:height\" content=\"200\" \/>\n\t<meta property=\"og:image:type\" content=\"image\/png\" \/>\n<meta name=\"twitter:card\" content=\"summary_large_image\" \/>\n<script type=\"application\/ld+json\" class=\"yoast-schema-graph\">{\"@context\":\"https:\/\/schema.org\",\"@graph\":[{\"@type\":\"WebPage\",\"@id\":\"https:\/\/manosgroup.co.il\/fr\/qui-sommes-nous\/developement-de-lemploi\/\",\"url\":\"https:\/\/manosgroup.co.il\/fr\/qui-sommes-nous\/developement-de-lemploi\/\",\"name\":\"D\u00e9velopement de l'emploi - Manos Group\",\"isPartOf\":{\"@id\":\"https:\/\/manosgroup.co.il\/#website\"},\"datePublished\":\"2015-11-02T14:09:22+00:00\",\"dateModified\":\"2015-11-24T08:28:02+00:00\",\"breadcrumb\":{\"@id\":\"https:\/\/manosgroup.co.il\/fr\/qui-sommes-nous\/developement-de-lemploi\/#breadcrumb\"},\"inLanguage\":\"fr-FR\",\"potentialAction\":[{\"@type\":\"ReadAction\",\"target\":[\"https:\/\/manosgroup.co.il\/fr\/qui-sommes-nous\/developement-de-lemploi\/\"]}]},{\"@type\":\"BreadcrumbList\",\"@id\":\"https:\/\/manosgroup.co.il\/fr\/qui-sommes-nous\/developement-de-lemploi\/#breadcrumb\",\"itemListElement\":[{\"@type\":\"ListItem\",\"position\":1,\"name\":\"\u05d3\u05e3 \u05d4\u05d1\u05d9\u05ea\",\"item\":\"https:\/\/manosgroup.co.il\/fr\/\"},{\"@type\":\"ListItem\",\"position\":2,\"name\":\"Qui sommes nous?\",\"item\":\"https:\/\/manosgroup.co.il\/fr\/qui-sommes-nous\/\"},{\"@type\":\"ListItem\",\"position\":3,\"name\":\"D\u00e9velopement de l&#8217;emploi\"}]},{\"@type\":\"WebSite\",\"@id\":\"https:\/\/manosgroup.co.il\/#website\",\"url\":\"https:\/\/manosgroup.co.il\/\",\"name\":\"Manos Group\",\"description\":\"TAMA 38, Pinui Binui, Groupes d\u2019acquisition, Commercialisation d\u2019appartements\",\"potentialAction\":[{\"@type\":\"SearchAction\",\"target\":{\"@type\":\"EntryPoint\",\"urlTemplate\":\"https:\/\/manosgroup.co.il\/?s={search_term_string}\"},\"query-input\":\"required name=search_term_string\"}],\"inLanguage\":\"fr-FR\"}]}<\/script>\n<!-- \/ Yoast SEO plugin. -->","yoast_head_json":{"title":"D\u00e9velopement de l'emploi - Manos Group","robots":{"index":"index","follow":"follow","max-snippet":"max-snippet:-1","max-image-preview":"max-image-preview:large","max-video-preview":"max-video-preview:-1"},"canonical":"https:\/\/manosgroup.co.il\/fr\/qui-sommes-nous\/developement-de-lemploi\/","og_locale":"fr_FR","og_type":"article","og_title":"D\u00e9velopement de l'emploi - Manos Group","og_url":"https:\/\/manosgroup.co.il\/fr\/qui-sommes-nous\/developement-de-lemploi\/","og_site_name":"Manos Group","article_publisher":"https:\/\/www.facebook.com\/manos38\/","article_modified_time":"2015-11-24T08:28:02+00:00","og_image":[{"width":200,"height":200,"url":"https:\/\/manosgroup.co.il\/wp-content\/uploads\/2015\/06\/23622302_567012973642726_188683304429898474_n.png","type":"image\/png"}],"twitter_card":"summary_large_image","schema":{"@context":"https:\/\/schema.org","@graph":[{"@type":"WebPage","@id":"https:\/\/manosgroup.co.il\/fr\/qui-sommes-nous\/developement-de-lemploi\/","url":"https:\/\/manosgroup.co.il\/fr\/qui-sommes-nous\/developement-de-lemploi\/","name":"D\u00e9velopement de l'emploi - Manos Group","isPartOf":{"@id":"https:\/\/manosgroup.co.il\/#website"},"datePublished":"2015-11-02T14:09:22+00:00","dateModified":"2015-11-24T08:28:02+00:00","breadcrumb":{"@id":"https:\/\/manosgroup.co.il\/fr\/qui-sommes-nous\/developement-de-lemploi\/#breadcrumb"},"inLanguage":"fr-FR","potentialAction":[{"@type":"ReadAction","target":["https:\/\/manosgroup.co.il\/fr\/qui-sommes-nous\/developement-de-lemploi\/"]}]},{"@type":"BreadcrumbList","@id":"https:\/\/manosgroup.co.il\/fr\/qui-sommes-nous\/developement-de-lemploi\/#breadcrumb","itemListElement":[{"@type":"ListItem","position":1,"name":"\u05d3\u05e3 \u05d4\u05d1\u05d9\u05ea","item":"https:\/\/manosgroup.co.il\/fr\/"},{"@type":"ListItem","position":2,"name":"Qui sommes nous?","item":"https:\/\/manosgroup.co.il\/fr\/qui-sommes-nous\/"},{"@type":"ListItem","position":3,"name":"D\u00e9velopement de l&#8217;emploi"}]},{"@type":"WebSite","@id":"https:\/\/manosgroup.co.il\/#website","url":"https:\/\/manosgroup.co.il\/","name":"Manos Group","description":"TAMA 38, Pinui Binui, Groupes d\u2019acquisition, Commercialisation d\u2019appartements","potentialAction":[{"@type":"SearchAction","target":{"@type":"EntryPoint","urlTemplate":"https:\/\/manosgroup.co.il\/?s={search_term_string}"},"query-input":"required name=search_term_string"}],"inLanguage":"fr-FR"}]}},"_links":{"self":[{"href":"https:\/\/manosgroup.co.il\/fr\/wp-json\/wp\/v2\/pages\/13656\/"}],"collection":[{"href":"https:\/\/manosgroup.co.il\/fr\/wp-json\/wp\/v2\/pages\/"}],"about":[{"href":"https:\/\/manosgroup.co.il\/fr\/wp-json\/wp\/v2\/types\/page\/"}],"author":[{"embeddable":true,"href":"https:\/\/manosgroup.co.il\/fr\/wp-json\/wp\/v2\/users\/8\/"}],"replies":[{"embeddable":true,"href":"https:\/\/manosgroup.co.il\/fr\/wp-json\/wp\/v2\/comments\/?post=13656"}],"version-history":[{"count":2,"href":"https:\/\/manosgroup.co.il\/fr\/wp-json\/wp\/v2\/pages\/13656\/revisions\/"}],"predecessor-version":[{"id":13658,"href":"https:\/\/manosgroup.co.il\/fr\/wp-json\/wp\/v2\/pages\/13656\/revisions\/13658\/"}],"up":[{"embeddable":true,"href":"https:\/\/manosgroup.co.il\/fr\/wp-json\/wp\/v2\/pages\/13636\/"}],"wp:attachment":[{"href":"https:\/\/manosgroup.co.il\/fr\/wp-json\/wp\/v2\/media\/?parent=13656"}],"curies":[{"name":"wp","href":"https:\/\/api.w.org\/{rel}","templated":true}]}}