{"id":13641,"date":"2015-11-02T11:18:12","date_gmt":"2015-11-02T09:18:12","guid":{"rendered":"http:\/\/manosgroup.webmanager.org.il\/fr\/?page_id=13641"},"modified":"2015-11-24T10:29:34","modified_gmt":"2015-11-24T08:29:34","slug":"une-vision-et-des-valeurs","status":"publish","type":"page","link":"https:\/\/manosgroup.co.il\/fr\/qui-sommes-nous\/une-vision-et-des-valeurs\/","title":{"rendered":"Une vision et des valeurs"},"content":{"rendered":"<div class=\"fusion-title title\"><div class=\"title-sep-container\"><div class=\"title-sep sep-none\"><\/div><\/div><h1 class=\"title-heading-right\">Une vision et des valeurs<\/h1><\/div><p>Le centre d&rsquo;int\u00e9r\u00eat du Groupe Manos se concentre en priorit\u00e9 sur la client\u00e8le. Le recrutement des employ\u00e9s est des plus strict car le groupe est conscient du r\u00f4le majeur des comp\u00e9tences de son \u00e9quipe dans la conduite et la gestion de projets immobiliers complexes.<\/p>\n<p>La vision du Groupe Manos est de mener \u00e0 bien les quatre secteurs d&rsquo;activit\u00e9s dans lesquels il se sp\u00e9cialise, TAMA \u00a038, Evacuation et reconstruction, R\u00e9novation urbaine, Groupes d&rsquo;acquisition et commercialisation d&rsquo;appartements.<\/p>\n<p>Il s&rsquo;agit de secteurs innovateurs et futuristes de l&rsquo;immobilier. Il n&rsquo;est pas question ici de routine mais de solutions innovantes apport\u00e9es aux besoins et \u00e0 la tendance du march\u00e9 isra\u00eblien.<\/p>\n<p>&nbsp;<\/p>\n<p><strong><u>L&rsquo;installation du r\u00e9sident et de son environnement comme centre de pr\u00e9occupation<\/u><\/strong><\/p>\n<p>L&rsquo;installation du r\u00e9sident et de son environnement est une priorit\u00e9 qui se traduit par l&rsquo;\u00e9laboration d&rsquo;espaces r\u00e9sidentiels apportant un r\u00e9el \u00e9panouissement au sein du foyer dans une communaut\u00e9 r\u00e9novatrice et en pleine expansion.<\/p>\n<p>&nbsp;<\/p>\n<p><strong><u>Confiance et professionnalisme<\/u><\/strong><\/p>\n<p>La confiance est la valeur fondamentale du groupe Manos, l&rsquo;implantation de l&rsquo;environnement et du r\u00e9sident en son centre implique une confiance et une transparence irr\u00e9prochable. La satisfaction de notre client\u00e8le \u00e9tant primordiale, nous sommes donc particuli\u00e8rement \u00e0 l&rsquo;\u00e9coute des besoins afin d&rsquo;y apporter les meilleures r\u00e9ponses.<\/p>\n<p>&nbsp;<\/p>\n<p><strong><u>Excellence et innovation <\/u><\/strong><\/p>\n<p>L&rsquo;objectif du Groupe Manos vise l&rsquo;excellence et l&rsquo;innovation dans la gestion des projets ,valorise une activit\u00e9 imaginative dans un esprit de cr\u00e9ativit\u00e9 et impose \u00e0 ses \u00e9quipes\u00a0 les standards les plus \u00e9lev\u00e9s pour chaque nouveau projet.<\/p>\n<p>&nbsp;<\/p>\n<p>Influencer, imaginer, innover et agir, telle est notre devise.<\/p>\n\n","protected":false},"excerpt":{"rendered":"","protected":false},"author":8,"featured_media":0,"parent":13636,"menu_order":40,"comment_status":"open","ping_status":"closed","template":"side-navigation.php","meta":{"_links_to":"","_links_to_target":""},"acf":[],"yoast_head":"<!-- This site is optimized with the Yoast SEO plugin v20.10 - https:\/\/yoast.com\/wordpress\/plugins\/seo\/ -->\n<title>Une vision et des valeurs - Manos Group<\/title>\n<meta name=\"robots\" content=\"index, follow, max-snippet:-1, max-image-preview:large, max-video-preview:-1\" \/>\n<link rel=\"canonical\" href=\"https:\/\/manosgroup.co.il\/fr\/qui-sommes-nous\/une-vision-et-des-valeurs\/\" \/>\n<meta property=\"og:locale\" content=\"fr_FR\" \/>\n<meta property=\"og:type\" content=\"article\" \/>\n<meta property=\"og:title\" content=\"Une vision et des valeurs - Manos Group\" \/>\n<meta property=\"og:url\" content=\"https:\/\/manosgroup.co.il\/fr\/qui-sommes-nous\/une-vision-et-des-valeurs\/\" \/>\n<meta property=\"og:site_name\" content=\"Manos Group\" \/>\n<meta property=\"article:publisher\" content=\"https:\/\/www.facebook.com\/manos38\/\" \/>\n<meta property=\"article:modified_time\" content=\"2015-11-24T08:29:34+00:00\" \/>\n<meta property=\"og:image\" content=\"https:\/\/manosgroup.co.il\/wp-content\/uploads\/2015\/06\/23622302_567012973642726_188683304429898474_n.png\" \/>\n\t<meta property=\"og:image:width\" content=\"200\" \/>\n\t<meta property=\"og:image:height\" content=\"200\" \/>\n\t<meta property=\"og:image:type\" content=\"image\/png\" \/>\n<meta name=\"twitter:card\" content=\"summary_large_image\" \/>\n<meta name=\"twitter:label1\" content=\"Dur\u00e9e de lecture estim\u00e9e\" \/>\n\t<meta name=\"twitter:data1\" content=\"1 minute\" \/>\n<script type=\"application\/ld+json\" class=\"yoast-schema-graph\">{\"@context\":\"https:\/\/schema.org\",\"@graph\":[{\"@type\":\"WebPage\",\"@id\":\"https:\/\/manosgroup.co.il\/fr\/qui-sommes-nous\/une-vision-et-des-valeurs\/\",\"url\":\"https:\/\/manosgroup.co.il\/fr\/qui-sommes-nous\/une-vision-et-des-valeurs\/\",\"name\":\"Une vision et des valeurs - Manos Group\",\"isPartOf\":{\"@id\":\"https:\/\/manosgroup.co.il\/#website\"},\"datePublished\":\"2015-11-02T09:18:12+00:00\",\"dateModified\":\"2015-11-24T08:29:34+00:00\",\"breadcrumb\":{\"@id\":\"https:\/\/manosgroup.co.il\/fr\/qui-sommes-nous\/une-vision-et-des-valeurs\/#breadcrumb\"},\"inLanguage\":\"fr-FR\",\"potentialAction\":[{\"@type\":\"ReadAction\",\"target\":[\"https:\/\/manosgroup.co.il\/fr\/qui-sommes-nous\/une-vision-et-des-valeurs\/\"]}]},{\"@type\":\"BreadcrumbList\",\"@id\":\"https:\/\/manosgroup.co.il\/fr\/qui-sommes-nous\/une-vision-et-des-valeurs\/#breadcrumb\",\"itemListElement\":[{\"@type\":\"ListItem\",\"position\":1,\"name\":\"\u05d3\u05e3 \u05d4\u05d1\u05d9\u05ea\",\"item\":\"https:\/\/manosgroup.co.il\/fr\/\"},{\"@type\":\"ListItem\",\"position\":2,\"name\":\"Qui sommes nous?\",\"item\":\"https:\/\/manosgroup.co.il\/fr\/qui-sommes-nous\/\"},{\"@type\":\"ListItem\",\"position\":3,\"name\":\"Une vision et des valeurs\"}]},{\"@type\":\"WebSite\",\"@id\":\"https:\/\/manosgroup.co.il\/#website\",\"url\":\"https:\/\/manosgroup.co.il\/\",\"name\":\"Manos Group\",\"description\":\"TAMA 38, Pinui Binui, Groupes d\u2019acquisition, Commercialisation d\u2019appartements\",\"potentialAction\":[{\"@type\":\"SearchAction\",\"target\":{\"@type\":\"EntryPoint\",\"urlTemplate\":\"https:\/\/manosgroup.co.il\/?s={search_term_string}\"},\"query-input\":\"required name=search_term_string\"}],\"inLanguage\":\"fr-FR\"}]}<\/script>\n<!-- \/ Yoast SEO plugin. -->","yoast_head_json":{"title":"Une vision et des valeurs - Manos Group","robots":{"index":"index","follow":"follow","max-snippet":"max-snippet:-1","max-image-preview":"max-image-preview:large","max-video-preview":"max-video-preview:-1"},"canonical":"https:\/\/manosgroup.co.il\/fr\/qui-sommes-nous\/une-vision-et-des-valeurs\/","og_locale":"fr_FR","og_type":"article","og_title":"Une vision et des valeurs - Manos Group","og_url":"https:\/\/manosgroup.co.il\/fr\/qui-sommes-nous\/une-vision-et-des-valeurs\/","og_site_name":"Manos Group","article_publisher":"https:\/\/www.facebook.com\/manos38\/","article_modified_time":"2015-11-24T08:29:34+00:00","og_image":[{"width":200,"height":200,"url":"https:\/\/manosgroup.co.il\/wp-content\/uploads\/2015\/06\/23622302_567012973642726_188683304429898474_n.png","type":"image\/png"}],"twitter_card":"summary_large_image","twitter_misc":{"Dur\u00e9e de lecture estim\u00e9e":"1 minute"},"schema":{"@context":"https:\/\/schema.org","@graph":[{"@type":"WebPage","@id":"https:\/\/manosgroup.co.il\/fr\/qui-sommes-nous\/une-vision-et-des-valeurs\/","url":"https:\/\/manosgroup.co.il\/fr\/qui-sommes-nous\/une-vision-et-des-valeurs\/","name":"Une vision et des valeurs - Manos Group","isPartOf":{"@id":"https:\/\/manosgroup.co.il\/#website"},"datePublished":"2015-11-02T09:18:12+00:00","dateModified":"2015-11-24T08:29:34+00:00","breadcrumb":{"@id":"https:\/\/manosgroup.co.il\/fr\/qui-sommes-nous\/une-vision-et-des-valeurs\/#breadcrumb"},"inLanguage":"fr-FR","potentialAction":[{"@type":"ReadAction","target":["https:\/\/manosgroup.co.il\/fr\/qui-sommes-nous\/une-vision-et-des-valeurs\/"]}]},{"@type":"BreadcrumbList","@id":"https:\/\/manosgroup.co.il\/fr\/qui-sommes-nous\/une-vision-et-des-valeurs\/#breadcrumb","itemListElement":[{"@type":"ListItem","position":1,"name":"\u05d3\u05e3 \u05d4\u05d1\u05d9\u05ea","item":"https:\/\/manosgroup.co.il\/fr\/"},{"@type":"ListItem","position":2,"name":"Qui sommes nous?","item":"https:\/\/manosgroup.co.il\/fr\/qui-sommes-nous\/"},{"@type":"ListItem","position":3,"name":"Une vision et des valeurs"}]},{"@type":"WebSite","@id":"https:\/\/manosgroup.co.il\/#website","url":"https:\/\/manosgroup.co.il\/","name":"Manos Group","description":"TAMA 38, Pinui Binui, Groupes d\u2019acquisition, Commercialisation d\u2019appartements","potentialAction":[{"@type":"SearchAction","target":{"@type":"EntryPoint","urlTemplate":"https:\/\/manosgroup.co.il\/?s={search_term_string}"},"query-input":"required name=search_term_string"}],"inLanguage":"fr-FR"}]}},"_links":{"self":[{"href":"https:\/\/manosgroup.co.il\/fr\/wp-json\/wp\/v2\/pages\/13641\/"}],"collection":[{"href":"https:\/\/manosgroup.co.il\/fr\/wp-json\/wp\/v2\/pages\/"}],"about":[{"href":"https:\/\/manosgroup.co.il\/fr\/wp-json\/wp\/v2\/types\/page\/"}],"author":[{"embeddable":true,"href":"https:\/\/manosgroup.co.il\/fr\/wp-json\/wp\/v2\/users\/8\/"}],"replies":[{"embeddable":true,"href":"https:\/\/manosgroup.co.il\/fr\/wp-json\/wp\/v2\/comments\/?post=13641"}],"version-history":[{"count":1,"href":"https:\/\/manosgroup.co.il\/fr\/wp-json\/wp\/v2\/pages\/13641\/revisions\/"}],"predecessor-version":[{"id":13642,"href":"https:\/\/manosgroup.co.il\/fr\/wp-json\/wp\/v2\/pages\/13641\/revisions\/13642\/"}],"up":[{"embeddable":true,"href":"https:\/\/manosgroup.co.il\/fr\/wp-json\/wp\/v2\/pages\/13636\/"}],"wp:attachment":[{"href":"https:\/\/manosgroup.co.il\/fr\/wp-json\/wp\/v2\/media\/?parent=13641"}],"curies":[{"name":"wp","href":"https:\/\/api.w.org\/{rel}","templated":true}]}}