{"id":13636,"date":"2015-11-02T11:09:13","date_gmt":"2015-11-02T09:09:13","guid":{"rendered":"http:\/\/manosgroup.webmanager.org.il\/fr\/?page_id=13636"},"modified":"2019-07-29T13:57:55","modified_gmt":"2019-07-29T10:57:55","slug":"qui-sommes-nous","status":"publish","type":"page","link":"https:\/\/manosgroup.co.il\/fr\/qui-sommes-nous\/","title":{"rendered":"Qui sommes nous?"},"content":{"rendered":"<div class=\"fusion-title title\"><div class=\"title-sep-container\"><div class=\"title-sep sep-none\"><\/div><\/div><h1 class=\"title-heading-right\">Pour les d\u00e9cisions importantes de la vie \u2013 le groupe Manos<\/h1><\/div><p><img decoding=\"async\" loading=\"lazy\" class=\"size-full wp-image-19384 alignright\" src=\"https:\/\/manosgroup.co.il\/wp-content\/uploads\/2015\/06\/\u05de\u05d3\u05d3-\u05d4\u05ea\u05d7\u05d3\u05e9\u05d5\u05ea-\u05e2\u05d9\u05e8\u05d5\u05e0\u05d9\u05ea.jpg\" alt=\"\" width=\"172\" height=\"200\" \/>Le centre d&rsquo;action du Groupe Manos dans le secteur immobilier se divise en quatre activit\u00e9s fondamentales:<\/p>\n<ul>\n<li>TAMA 38 \u2013 l&rsquo;am\u00e9lioration et la consolidation des immeubles<\/li>\n<li>Evacuation et reconstruction (Pinui Binui) \u2013 gestion des processus de r\u00e9novation urbaine<\/li>\n<li>Groupes d&rsquo;acquisition \u2013 gestion et organisation<\/li>\n<li>Commercialisation d&rsquo;appartements<\/li>\n<\/ul>\n<p>Le Groupe Manos modifie les r\u00e8gles du jeu du monde de l&rsquo;immobilier en Isra\u00ebl par une pens\u00e9e hors normes. Une activit\u00e9 tourn\u00e9e vers les\u00a0 secteurs professionnels innovants et non traditionnels de l&rsquo;immobilier qui prend en compte les besoins du client sur du long terme.<\/p>\n<p>Influencer, imaginer, innover et agir, telle est notre devise.<\/p>\n<p>Le centre d&rsquo;int\u00e9r\u00eat de notre activit\u00e9 est avant tout \u00a0l&rsquo;habitant et son environnement, et cela se traduit par un apport de solutions \u00e0 ses diverses pr\u00e9f\u00e9rences et besoins, d\u00e8s la conception puis l&rsquo;\u00e9laboration et jusqu&rsquo;\u00e0 la remise des clefs, toujours dans l&rsquo;objectif du bien-\u00eatre de la cellule familiale dans un environnement innovant, r\u00e9confortant et productif.<\/p>\n<p>Le Groupe Manos met \u00e0 la disposition des r\u00e9sidents des professionnels exp\u00e9riment\u00e9s les meilleurs dans leur domaine:architectes, ing\u00e9nieurs, experts, avocats, conseillers financiers, qui mettent tout en \u0153uvre pour offrir au r\u00e9sident la pleine satisfaction du bien acquis et de son investissement financier.<\/p>\n<div class=\"fusion-fullwidth fullwidth-box fusion-parallax-none\" style=\"border-color:#eae9e9;border-bottom-width: 0px;border-top-width: 0px;border-bottom-style: solid;border-top-style: solid;padding-bottom:20px;padding-left:0px;padding-right:0px;padding-top:20px;background-position:left top;background-repeat:no-repeat;-webkit-background-size:cover;-moz-background-size:cover;-o-background-size:cover;background-size:cover;\"><div class=\"fusion-row\"><span class=\"fusion-imageframe imageframe-none imageframe-1\"> <img decoding=\"async\" alt=\"\" src=\"https:\/\/manosgroup.co.il\/wp-content\/uploads\/2018\/12\/102.jpg\" class=\"img-responsive\"\/><\/span><\/div><\/div><div class=\"fusion-fullwidth fullwidth-box fusion-parallax-none\" style=\"border-color:#eae9e9;border-bottom-width: 0px;border-top-width: 0px;border-bottom-style: solid;border-top-style: solid;padding-bottom:20px;padding-left:0px;padding-right:0px;padding-top:20px;background-position:left top;background-repeat:no-repeat;-webkit-background-size:cover;-moz-background-size:cover;-o-background-size:cover;background-size:cover;\"><div class=\"fusion-row\"><\/div><\/div>\n","protected":false},"excerpt":{"rendered":"","protected":false},"author":8,"featured_media":0,"parent":0,"menu_order":0,"comment_status":"open","ping_status":"open","template":"side-navigation.php","meta":{"_links_to":"","_links_to_target":""},"acf":[],"yoast_head":"<!-- This site is optimized with the Yoast SEO plugin v20.10 - https:\/\/yoast.com\/wordpress\/plugins\/seo\/ -->\n<title>Qui sommes nous? - Manos Group<\/title>\n<meta name=\"robots\" content=\"index, follow, max-snippet:-1, max-image-preview:large, max-video-preview:-1\" \/>\n<link rel=\"canonical\" href=\"https:\/\/manosgroup.co.il\/fr\/qui-sommes-nous\/\" \/>\n<meta property=\"og:locale\" content=\"fr_FR\" \/>\n<meta property=\"og:type\" content=\"article\" \/>\n<meta property=\"og:title\" content=\"Qui sommes nous? - Manos Group\" \/>\n<meta property=\"og:url\" content=\"https:\/\/manosgroup.co.il\/fr\/qui-sommes-nous\/\" \/>\n<meta property=\"og:site_name\" content=\"Manos Group\" \/>\n<meta property=\"article:publisher\" content=\"https:\/\/www.facebook.com\/manos38\/\" \/>\n<meta property=\"article:modified_time\" content=\"2019-07-29T10:57:55+00:00\" \/>\n<meta property=\"og:image\" content=\"https:\/\/manosgroup.co.il\/wp-content\/uploads\/2015\/06\/\u05de\u05d3\u05d3-\u05d4\u05ea\u05d7\u05d3\u05e9\u05d5\u05ea-\u05e2\u05d9\u05e8\u05d5\u05e0\u05d9\u05ea.jpg\" \/>\n<meta name=\"twitter:card\" content=\"summary_large_image\" \/>\n<meta name=\"twitter:label1\" content=\"Dur\u00e9e de lecture estim\u00e9e\" \/>\n\t<meta name=\"twitter:data1\" content=\"2 minutes\" \/>\n<script type=\"application\/ld+json\" class=\"yoast-schema-graph\">{\"@context\":\"https:\/\/schema.org\",\"@graph\":[{\"@type\":\"WebPage\",\"@id\":\"https:\/\/manosgroup.co.il\/fr\/qui-sommes-nous\/\",\"url\":\"https:\/\/manosgroup.co.il\/fr\/qui-sommes-nous\/\",\"name\":\"Qui sommes nous? - Manos Group\",\"isPartOf\":{\"@id\":\"https:\/\/manosgroup.co.il\/#website\"},\"datePublished\":\"2015-11-02T09:09:13+00:00\",\"dateModified\":\"2019-07-29T10:57:55+00:00\",\"breadcrumb\":{\"@id\":\"https:\/\/manosgroup.co.il\/fr\/qui-sommes-nous\/#breadcrumb\"},\"inLanguage\":\"fr-FR\",\"potentialAction\":[{\"@type\":\"ReadAction\",\"target\":[\"https:\/\/manosgroup.co.il\/fr\/qui-sommes-nous\/\"]}]},{\"@type\":\"BreadcrumbList\",\"@id\":\"https:\/\/manosgroup.co.il\/fr\/qui-sommes-nous\/#breadcrumb\",\"itemListElement\":[{\"@type\":\"ListItem\",\"position\":1,\"name\":\"\u05d3\u05e3 \u05d4\u05d1\u05d9\u05ea\",\"item\":\"https:\/\/manosgroup.co.il\/fr\/\"},{\"@type\":\"ListItem\",\"position\":2,\"name\":\"Qui sommes nous?\"}]},{\"@type\":\"WebSite\",\"@id\":\"https:\/\/manosgroup.co.il\/#website\",\"url\":\"https:\/\/manosgroup.co.il\/\",\"name\":\"Manos Group\",\"description\":\"TAMA 38, Pinui Binui, Groupes d\u2019acquisition, Commercialisation d\u2019appartements\",\"potentialAction\":[{\"@type\":\"SearchAction\",\"target\":{\"@type\":\"EntryPoint\",\"urlTemplate\":\"https:\/\/manosgroup.co.il\/?s={search_term_string}\"},\"query-input\":\"required name=search_term_string\"}],\"inLanguage\":\"fr-FR\"}]}<\/script>\n<!-- \/ Yoast SEO plugin. -->","yoast_head_json":{"title":"Qui sommes nous? - Manos Group","robots":{"index":"index","follow":"follow","max-snippet":"max-snippet:-1","max-image-preview":"max-image-preview:large","max-video-preview":"max-video-preview:-1"},"canonical":"https:\/\/manosgroup.co.il\/fr\/qui-sommes-nous\/","og_locale":"fr_FR","og_type":"article","og_title":"Qui sommes nous? - Manos Group","og_url":"https:\/\/manosgroup.co.il\/fr\/qui-sommes-nous\/","og_site_name":"Manos Group","article_publisher":"https:\/\/www.facebook.com\/manos38\/","article_modified_time":"2019-07-29T10:57:55+00:00","og_image":[{"url":"https:\/\/manosgroup.co.il\/wp-content\/uploads\/2015\/06\/\u05de\u05d3\u05d3-\u05d4\u05ea\u05d7\u05d3\u05e9\u05d5\u05ea-\u05e2\u05d9\u05e8\u05d5\u05e0\u05d9\u05ea.jpg"}],"twitter_card":"summary_large_image","twitter_misc":{"Dur\u00e9e de lecture estim\u00e9e":"2 minutes"},"schema":{"@context":"https:\/\/schema.org","@graph":[{"@type":"WebPage","@id":"https:\/\/manosgroup.co.il\/fr\/qui-sommes-nous\/","url":"https:\/\/manosgroup.co.il\/fr\/qui-sommes-nous\/","name":"Qui sommes nous? - Manos Group","isPartOf":{"@id":"https:\/\/manosgroup.co.il\/#website"},"datePublished":"2015-11-02T09:09:13+00:00","dateModified":"2019-07-29T10:57:55+00:00","breadcrumb":{"@id":"https:\/\/manosgroup.co.il\/fr\/qui-sommes-nous\/#breadcrumb"},"inLanguage":"fr-FR","potentialAction":[{"@type":"ReadAction","target":["https:\/\/manosgroup.co.il\/fr\/qui-sommes-nous\/"]}]},{"@type":"BreadcrumbList","@id":"https:\/\/manosgroup.co.il\/fr\/qui-sommes-nous\/#breadcrumb","itemListElement":[{"@type":"ListItem","position":1,"name":"\u05d3\u05e3 \u05d4\u05d1\u05d9\u05ea","item":"https:\/\/manosgroup.co.il\/fr\/"},{"@type":"ListItem","position":2,"name":"Qui sommes nous?"}]},{"@type":"WebSite","@id":"https:\/\/manosgroup.co.il\/#website","url":"https:\/\/manosgroup.co.il\/","name":"Manos Group","description":"TAMA 38, Pinui Binui, Groupes d\u2019acquisition, Commercialisation d\u2019appartements","potentialAction":[{"@type":"SearchAction","target":{"@type":"EntryPoint","urlTemplate":"https:\/\/manosgroup.co.il\/?s={search_term_string}"},"query-input":"required name=search_term_string"}],"inLanguage":"fr-FR"}]}},"_links":{"self":[{"href":"https:\/\/manosgroup.co.il\/fr\/wp-json\/wp\/v2\/pages\/13636\/"}],"collection":[{"href":"https:\/\/manosgroup.co.il\/fr\/wp-json\/wp\/v2\/pages\/"}],"about":[{"href":"https:\/\/manosgroup.co.il\/fr\/wp-json\/wp\/v2\/types\/page\/"}],"author":[{"embeddable":true,"href":"https:\/\/manosgroup.co.il\/fr\/wp-json\/wp\/v2\/users\/8\/"}],"replies":[{"embeddable":true,"href":"https:\/\/manosgroup.co.il\/fr\/wp-json\/wp\/v2\/comments\/?post=13636"}],"version-history":[{"count":10,"href":"https:\/\/manosgroup.co.il\/fr\/wp-json\/wp\/v2\/pages\/13636\/revisions\/"}],"predecessor-version":[{"id":22833,"href":"https:\/\/manosgroup.co.il\/fr\/wp-json\/wp\/v2\/pages\/13636\/revisions\/22833\/"}],"wp:attachment":[{"href":"https:\/\/manosgroup.co.il\/fr\/wp-json\/wp\/v2\/media\/?parent=13636"}],"curies":[{"name":"wp","href":"https:\/\/api.w.org\/{rel}","templated":true}]}}