{"id":13634,"date":"2015-11-02T11:02:21","date_gmt":"2015-11-02T09:02:21","guid":{"rendered":"http:\/\/manosgroup.webmanager.org.il\/fr\/?page_id=13634"},"modified":"2015-11-24T10:27:16","modified_gmt":"2015-11-24T08:27:16","slug":"a-propos-de-prof-aharon-namdar","status":"publish","type":"page","link":"https:\/\/manosgroup.co.il\/fr\/qui-sommes-nous\/a-propos-de-prof-aharon-namdar\/","title":{"rendered":"A propos de Prof. Aharon Namdar"},"content":{"rendered":"<div class=\"fusion-title title\"><div class=\"title-sep-container\"><div class=\"title-sep sep-none\"><\/div><\/div><h1 class=\"title-heading-right\">A propos de Prof. Aharon Namdar<\/h1><\/div><p><img decoding=\"async\" loading=\"lazy\" class=\"alignright\" src=\"https:\/\/manosgroup.co.il\/wp-content\/uploads\/2015\/06\/\u05e4\u05e8\u05d5\u05e4\u05e1\u05d5\u05e8_\u05e0\u05de\u05d3\u05e8-199x300.jpg\" alt=\"A propos de Prof. Aharon Namdar\" width=\"199\" height=\"300\" \/><\/p>\n<p>Le professeur Aharon Namdar est responsable du d\u00e9partement juridique du groupe et l&rsquo;un des avocats experts le plus important en Isra\u00ebl dans les domaines fiscal, immobilier et urbanisation.<\/p>\n<p>Le Prof. Namdar a \u00e9t\u00e9 le pr\u00e9sident du Sha&rsquo;arei Mispat Law College \u00e0 Hod Hasharon, et conf\u00e9rencier dans des d\u00e9partements juridiques leader des universit\u00e9s et institutions universitaires dans tout Isra\u00ebl. En ce moment il enseigne au Netanya Academic College.<\/p>\n<p>Avant cela, le Prof. Namdar fut le directeur adjoint du Barreau Isra\u00e9lien, et directeur de l&rsquo;Institut des Etudes Avanc\u00e9es de l&rsquo;Association, pr\u00e9sident de la Convention Nationale du Barreau Isra\u00e9lien, ainsi que d&rsquo;autres postes cl\u00e9s, y compris pr\u00e9sident du conseil national pour la pr\u00e9vention des accidents en Isra\u00ebl, conseiller juridique pour l&rsquo;Agence de Protection des Consommateurs, et membre du personnel \u00e9ditorial des journaux \u00ab\u00a0Mekarkein\u00a0\u00bb et \u00ab\u00a0Mishpatim\u00a0\u00bb. Il est actuellement associ\u00e9 principal du bureau d&rsquo;avocats Namdar, Ben Attar; Bandel &amp; Co.<\/p>\n<p>Le Prof. Aharon Namdar a \u00e9crit plusieurs livres juridiques, y compris \u00ab\u00a0Pinui Binui\u00a0\u00bb \u00ab\u00a0Tama 38&Prime;, Imp\u00f4t sur la terre\u00a0\u00bb, \u00ab\u00a0Appropriation de la terre\u00a0\u00bb, Imp\u00f4t sur le plus-values fonci\u00e8res\u00a0\u00bb; \u00ab\u00a0Taxe sur la Valeur Ajout\u00e9e\u00a0\u00bb, \u00ab\u00a0Ajustement Agricole\u00a0\u00bb et \u00ab Urbanisation \u00a0\u00bb qui ont \u00e9t\u00e9 mentionn\u00e9s dans plusieurs verdicts de la cour supr\u00eame.<\/p>\n<p>Le d\u00e9partement juridique est structur\u00e9 de mani\u00e8re \u00e0 permettre une activit\u00e9 juridique et r\u00e8glementaire compl\u00e8te dans toutes les juridictions. Le d\u00e9partement comprend aussi : Alexander<br \/>\nBrodshendel, Avocat, Uri Leeker et Emil Ben Attar (Avocat. et CPA ).<\/p>\n<p>Pour en savoir plus cliquez sur <a href=\"https:\/\/www.namdar.co.il\/page.asp?page_id=40&amp;subpage_id=42\">Prof. Aharon Namdar<\/a><\/p>\n\n","protected":false},"excerpt":{"rendered":"","protected":false},"author":8,"featured_media":0,"parent":13636,"menu_order":30,"comment_status":"open","ping_status":"open","template":"side-navigation.php","meta":{"_links_to":"","_links_to_target":""},"acf":[],"yoast_head":"<!-- This site is optimized with the Yoast SEO plugin v20.10 - https:\/\/yoast.com\/wordpress\/plugins\/seo\/ -->\n<title>A propos de Prof. Aharon Namdar - Manos Group<\/title>\n<meta name=\"robots\" content=\"index, follow, max-snippet:-1, max-image-preview:large, max-video-preview:-1\" \/>\n<link rel=\"canonical\" href=\"https:\/\/manosgroup.co.il\/fr\/qui-sommes-nous\/a-propos-de-prof-aharon-namdar\/\" \/>\n<meta property=\"og:locale\" content=\"fr_FR\" \/>\n<meta property=\"og:type\" content=\"article\" \/>\n<meta property=\"og:title\" content=\"A propos de Prof. Aharon Namdar - Manos Group\" \/>\n<meta property=\"og:url\" content=\"https:\/\/manosgroup.co.il\/fr\/qui-sommes-nous\/a-propos-de-prof-aharon-namdar\/\" \/>\n<meta property=\"og:site_name\" content=\"Manos Group\" \/>\n<meta property=\"article:publisher\" content=\"https:\/\/www.facebook.com\/manos38\/\" \/>\n<meta property=\"article:modified_time\" content=\"2015-11-24T08:27:16+00:00\" \/>\n<meta property=\"og:image\" content=\"https:\/\/manosgroup.co.il\/wp-content\/uploads\/2015\/06\/\u05e4\u05e8\u05d5\u05e4\u05e1\u05d5\u05e8_\u05e0\u05de\u05d3\u05e8-199x300.jpg\" \/>\n<meta name=\"twitter:card\" content=\"summary_large_image\" \/>\n<meta name=\"twitter:label1\" content=\"Dur\u00e9e de lecture estim\u00e9e\" \/>\n\t<meta name=\"twitter:data1\" content=\"1 minute\" \/>\n<script type=\"application\/ld+json\" class=\"yoast-schema-graph\">{\"@context\":\"https:\/\/schema.org\",\"@graph\":[{\"@type\":\"WebPage\",\"@id\":\"https:\/\/manosgroup.co.il\/fr\/qui-sommes-nous\/a-propos-de-prof-aharon-namdar\/\",\"url\":\"https:\/\/manosgroup.co.il\/fr\/qui-sommes-nous\/a-propos-de-prof-aharon-namdar\/\",\"name\":\"A propos de Prof. Aharon Namdar - Manos Group\",\"isPartOf\":{\"@id\":\"https:\/\/manosgroup.co.il\/#website\"},\"datePublished\":\"2015-11-02T09:02:21+00:00\",\"dateModified\":\"2015-11-24T08:27:16+00:00\",\"breadcrumb\":{\"@id\":\"https:\/\/manosgroup.co.il\/fr\/qui-sommes-nous\/a-propos-de-prof-aharon-namdar\/#breadcrumb\"},\"inLanguage\":\"fr-FR\",\"potentialAction\":[{\"@type\":\"ReadAction\",\"target\":[\"https:\/\/manosgroup.co.il\/fr\/qui-sommes-nous\/a-propos-de-prof-aharon-namdar\/\"]}]},{\"@type\":\"BreadcrumbList\",\"@id\":\"https:\/\/manosgroup.co.il\/fr\/qui-sommes-nous\/a-propos-de-prof-aharon-namdar\/#breadcrumb\",\"itemListElement\":[{\"@type\":\"ListItem\",\"position\":1,\"name\":\"\u05d3\u05e3 \u05d4\u05d1\u05d9\u05ea\",\"item\":\"https:\/\/manosgroup.co.il\/fr\/\"},{\"@type\":\"ListItem\",\"position\":2,\"name\":\"Qui sommes nous?\",\"item\":\"https:\/\/manosgroup.co.il\/fr\/qui-sommes-nous\/\"},{\"@type\":\"ListItem\",\"position\":3,\"name\":\"A propos de Prof. Aharon Namdar\"}]},{\"@type\":\"WebSite\",\"@id\":\"https:\/\/manosgroup.co.il\/#website\",\"url\":\"https:\/\/manosgroup.co.il\/\",\"name\":\"Manos Group\",\"description\":\"TAMA 38, Pinui Binui, Groupes d\u2019acquisition, Commercialisation d\u2019appartements\",\"potentialAction\":[{\"@type\":\"SearchAction\",\"target\":{\"@type\":\"EntryPoint\",\"urlTemplate\":\"https:\/\/manosgroup.co.il\/?s={search_term_string}\"},\"query-input\":\"required name=search_term_string\"}],\"inLanguage\":\"fr-FR\"}]}<\/script>\n<!-- \/ Yoast SEO plugin. -->","yoast_head_json":{"title":"A propos de Prof. Aharon Namdar - Manos Group","robots":{"index":"index","follow":"follow","max-snippet":"max-snippet:-1","max-image-preview":"max-image-preview:large","max-video-preview":"max-video-preview:-1"},"canonical":"https:\/\/manosgroup.co.il\/fr\/qui-sommes-nous\/a-propos-de-prof-aharon-namdar\/","og_locale":"fr_FR","og_type":"article","og_title":"A propos de Prof. Aharon Namdar - Manos Group","og_url":"https:\/\/manosgroup.co.il\/fr\/qui-sommes-nous\/a-propos-de-prof-aharon-namdar\/","og_site_name":"Manos Group","article_publisher":"https:\/\/www.facebook.com\/manos38\/","article_modified_time":"2015-11-24T08:27:16+00:00","og_image":[{"url":"https:\/\/manosgroup.co.il\/wp-content\/uploads\/2015\/06\/\u05e4\u05e8\u05d5\u05e4\u05e1\u05d5\u05e8_\u05e0\u05de\u05d3\u05e8-199x300.jpg"}],"twitter_card":"summary_large_image","twitter_misc":{"Dur\u00e9e de lecture estim\u00e9e":"1 minute"},"schema":{"@context":"https:\/\/schema.org","@graph":[{"@type":"WebPage","@id":"https:\/\/manosgroup.co.il\/fr\/qui-sommes-nous\/a-propos-de-prof-aharon-namdar\/","url":"https:\/\/manosgroup.co.il\/fr\/qui-sommes-nous\/a-propos-de-prof-aharon-namdar\/","name":"A propos de Prof. Aharon Namdar - Manos Group","isPartOf":{"@id":"https:\/\/manosgroup.co.il\/#website"},"datePublished":"2015-11-02T09:02:21+00:00","dateModified":"2015-11-24T08:27:16+00:00","breadcrumb":{"@id":"https:\/\/manosgroup.co.il\/fr\/qui-sommes-nous\/a-propos-de-prof-aharon-namdar\/#breadcrumb"},"inLanguage":"fr-FR","potentialAction":[{"@type":"ReadAction","target":["https:\/\/manosgroup.co.il\/fr\/qui-sommes-nous\/a-propos-de-prof-aharon-namdar\/"]}]},{"@type":"BreadcrumbList","@id":"https:\/\/manosgroup.co.il\/fr\/qui-sommes-nous\/a-propos-de-prof-aharon-namdar\/#breadcrumb","itemListElement":[{"@type":"ListItem","position":1,"name":"\u05d3\u05e3 \u05d4\u05d1\u05d9\u05ea","item":"https:\/\/manosgroup.co.il\/fr\/"},{"@type":"ListItem","position":2,"name":"Qui sommes nous?","item":"https:\/\/manosgroup.co.il\/fr\/qui-sommes-nous\/"},{"@type":"ListItem","position":3,"name":"A propos de Prof. Aharon Namdar"}]},{"@type":"WebSite","@id":"https:\/\/manosgroup.co.il\/#website","url":"https:\/\/manosgroup.co.il\/","name":"Manos Group","description":"TAMA 38, Pinui Binui, Groupes d\u2019acquisition, Commercialisation d\u2019appartements","potentialAction":[{"@type":"SearchAction","target":{"@type":"EntryPoint","urlTemplate":"https:\/\/manosgroup.co.il\/?s={search_term_string}"},"query-input":"required name=search_term_string"}],"inLanguage":"fr-FR"}]}},"_links":{"self":[{"href":"https:\/\/manosgroup.co.il\/fr\/wp-json\/wp\/v2\/pages\/13634\/"}],"collection":[{"href":"https:\/\/manosgroup.co.il\/fr\/wp-json\/wp\/v2\/pages\/"}],"about":[{"href":"https:\/\/manosgroup.co.il\/fr\/wp-json\/wp\/v2\/types\/page\/"}],"author":[{"embeddable":true,"href":"https:\/\/manosgroup.co.il\/fr\/wp-json\/wp\/v2\/users\/8\/"}],"replies":[{"embeddable":true,"href":"https:\/\/manosgroup.co.il\/fr\/wp-json\/wp\/v2\/comments\/?post=13634"}],"version-history":[{"count":2,"href":"https:\/\/manosgroup.co.il\/fr\/wp-json\/wp\/v2\/pages\/13634\/revisions\/"}],"predecessor-version":[{"id":14998,"href":"https:\/\/manosgroup.co.il\/fr\/wp-json\/wp\/v2\/pages\/13634\/revisions\/14998\/"}],"up":[{"embeddable":true,"href":"https:\/\/manosgroup.co.il\/fr\/wp-json\/wp\/v2\/pages\/13636\/"}],"wp:attachment":[{"href":"https:\/\/manosgroup.co.il\/fr\/wp-json\/wp\/v2\/media\/?parent=13634"}],"curies":[{"name":"wp","href":"https:\/\/api.w.org\/{rel}","templated":true}]}}